{"id":153,"date":"2015-10-04T19:53:48","date_gmt":"2015-10-04T11:53:48","guid":{"rendered":"http:\/\/zirconia-ceramics.com\/?page_id=153"},"modified":"2015-10-04T19:53:48","modified_gmt":"2015-10-04T11:53:48","slug":"zirconia-ceramic-watch","status":"publish","type":"page","link":"https:\/\/zirconia-ceramics.com\/cs\/hodinky-ze-zirkonove-keramiky\/","title":{"rendered":"hodinky ze zirkonov\u00e9 keramiky"},"content":{"rendered":"<p>P\u0159\u00edslu\u0161enstv\u00ed k hodink\u00e1m ze zirkonov\u00e9 keramiky, jako je p\u00e1sek, r\u00e1me\u010dek, cifern\u00edk a pouzdro. Maj\u00ed n\u00e1sleduj\u00edc\u00ed vlastnosti.<\/p>\n<p><!--more--><\/p>\n<p>1. Tvrdost se bl\u00ed\u017e\u00ed p\u0159\u00edrodn\u00edmu diamantu; leh\u010d\u00ed ne\u017e kov; nikdy se neopot\u0159ebov\u00e1v\u00e1 a netrh\u00e1, nikdy nem\u011bn\u00ed barvu.<br \/>\n2. Vysoce odoln\u00e9 proti opot\u0159eben\u00ed a oxidaci. Nikdy nerezav\u00ed, nem\u011bn\u00ed barvu a nezp\u016fsobuje ko\u017en\u00ed probl\u00e9my.<br \/>\n3. Vysoce izolovan\u00e9; \u017e\u00e1dn\u00e9 zne\u010di\u0161t\u011bn\u00ed kovem a pokovov\u00e1n\u00edm; keramick\u00e9 hodinky z oxidu zirkoni\u010dit\u00e9ho jsou ide\u00e1ln\u00edm materi\u00e1lem pro ochranu \u017eivotn\u00edho prost\u0159ed\u00ed.<br \/>\n4. Vysok\u00e1 hustota barev s jedine\u010dn\u00fdm pocitem kvality!<br \/>\n5. Super vysok\u00e1 tvrdost, atraktivn\u00ed a odoln\u00e9, bez po\u0161kozen\u00ed poko\u017eky, s jedine\u010dn\u00fdm leskem, elegantn\u00ed a vynikaj\u00edc\u00ed.<br \/>\n6. Modern\u00ed a m\u00f3dn\u00ed design p\u0159inese z\u00e1kazn\u00edk\u016fm konkuren\u010dn\u00ed cenu za keramick\u00e9 hodinky zro2.<\/p>\n<p><a href=\"http:\/\/zirconia-ceramics.com\/wp-content\/uploads\/2015\/10\/zirconia-ceramic-watch.jpg\"><img loading=\"lazy\" decoding=\"async\" class=\"alignnone size-medium wp-image-154\" src=\"http:\/\/zirconia-ceramics.com\/wp-content\/uploads\/2015\/10\/zirconia-ceramic-watch-294x300.jpg\" alt=\"hodinky ze zirkonov\u00e9 keramiky\" width=\"294\" height=\"300\" srcset=\"https:\/\/zirconia-ceramics.com\/wp-content\/uploads\/2015\/10\/zirconia-ceramic-watch-294x300.jpg 294w, https:\/\/zirconia-ceramics.com\/wp-content\/uploads\/2015\/10\/zirconia-ceramic-watch.jpg 500w\" sizes=\"(max-width: 294px) 100vw, 294px\" \/><\/a><\/p>\n<p>&nbsp;<\/p>","protected":false},"excerpt":{"rendered":"<p>P\u0159\u00edslu\u0161enstv\u00ed k hodink\u00e1m ze zirkonov\u00e9 keramiky, jako je p\u00e1sek, r\u00e1me\u010dek, cifern\u00edk a pouzdro. Maj\u00ed n\u00e1sleduj\u00edc\u00ed vlastnosti.<\/p>","protected":false},"author":1,"featured_media":0,"parent":0,"menu_order":0,"comment_status":"closed","ping_status":"open","template":"","meta":{"ngg_post_thumbnail":0,"footnotes":""},"class_list":["post-153","page","type-page","status-publish","czr-hentry"],"aioseo_notices":[],"_links":{"self":[{"href":"https:\/\/zirconia-ceramics.com\/cs\/wp-json\/wp\/v2\/pages\/153"}],"collection":[{"href":"https:\/\/zirconia-ceramics.com\/cs\/wp-json\/wp\/v2\/pages"}],"about":[{"href":"https:\/\/zirconia-ceramics.com\/cs\/wp-json\/wp\/v2\/types\/page"}],"author":[{"embeddable":true,"href":"https:\/\/zirconia-ceramics.com\/cs\/wp-json\/wp\/v2\/users\/1"}],"replies":[{"embeddable":true,"href":"https:\/\/zirconia-ceramics.com\/cs\/wp-json\/wp\/v2\/comments?post=153"}],"version-history":[{"count":1,"href":"https:\/\/zirconia-ceramics.com\/cs\/wp-json\/wp\/v2\/pages\/153\/revisions"}],"predecessor-version":[{"id":155,"href":"https:\/\/zirconia-ceramics.com\/cs\/wp-json\/wp\/v2\/pages\/153\/revisions\/155"}],"wp:attachment":[{"href":"https:\/\/zirconia-ceramics.com\/cs\/wp-json\/wp\/v2\/media?parent=153"}],"curies":[{"name":"wp","href":"https:\/\/api.w.org\/{rel}","templated":true}]}}