{"id":197,"date":"2023-09-14T12:03:55","date_gmt":"2023-09-14T04:03:55","guid":{"rendered":"http:\/\/zirconia-ceramics.com\/?page_id=197"},"modified":"2023-09-14T12:39:47","modified_gmt":"2023-09-14T04:39:47","slug":"technology","status":"publish","type":"page","link":"https:\/\/zirconia-ceramics.com\/cs\/technologie\/","title":{"rendered":"Technologie"},"content":{"rendered":"<p><strong>V\u00fdrobn\u00ed proces<\/strong><\/p>\n<p>fr\u00e9zov\u00e1n\u00ed-su\u0161en\u00ed post\u0159ikem-lisov\u00e1n\u00ed-zelen\u00e9 obr\u00e1b\u011bn\u00ed-sp\u00e9k\u00e1n\u00ed-kontrola-tvrd\u00e9 obr\u00e1b\u011bn\u00ed-kontrola kvality-\u010di\u0161t\u011bn\u00ed-v\u00fdrobky<\/p>\n<p>&nbsp;<\/p>\n<div>\n<table>\n<tbody>\n<tr>\n<td width=\"170\">polo\u017eky<\/td>\n<td width=\"213\">\u00a0\u00a0\u00a0\u00a0\u00a0\u00a0\u00a0jednotka<\/td>\n<td width=\"192\">\u00a0\u00a0\u00a0\u00a0\u00a0\u00a0typick\u00e9 hodnoty<\/td>\n<\/tr>\n<tr>\n<td width=\"170\">sou\u010d\u00e1st<\/td>\n<td width=\"213\">\u00a0\u00a0\u00a0\u00a0\u00a0\u00a0Wt%<\/td>\n<td width=\"192\">94.8%ZrO<sub>2<\/sub>\u00a0\u00a05.2%Y<sub>2<\/sub>O<sub>3<\/sub><\/td>\n<\/tr>\n<tr>\n<td width=\"170\">tvrdost<\/td>\n<td width=\"213\">\u00a0\u00a0\u00a0\u00a0\u00a0Kgf\/mm<sup>2<\/sup><\/td>\n<td width=\"192\">1250<\/td>\n<\/tr>\n<tr>\n<td width=\"170\">hustota<\/td>\n<td width=\"213\">\u00a0\u00a0\u00a0\u00a0\u00a0g\/cm<sup>3<\/sup><\/td>\n<td width=\"192\">6.0<\/td>\n<\/tr>\n<tr>\n<td width=\"170\">Pevnost v ohybu<\/td>\n<td width=\"213\">\u00a0\u00a0\u00a0\u00a0\u00a0mpa<\/td>\n<td width=\"192\">900<\/td>\n<\/tr>\n<tr>\n<td width=\"170\">Modul pru\u017enosti<\/td>\n<td width=\"213\">\u00a0\u00a0\u00a0\u00a0\u00a0gpa<\/td>\n<td width=\"192\">200<\/td>\n<\/tr>\n<\/tbody>\n<\/table>\n<p>Pozn\u00e1mka: v\u00fd\u0161e uveden\u00e9 \u00fadaje jsou pr\u016fm\u011brn\u00e9 hodnoty zalo\u017een\u00e9 na testu, tyto \u00fadaje jsou pouze referen\u010dn\u00ed!<\/p>\n<p>&nbsp;<\/p>\n<\/div>","protected":false},"excerpt":{"rendered":"<p>Production Process milling-spray drying-pressing-green machining-sintering-inspection-hard machining-quality control-cleaning-products &nbsp; items \u00a0\u00a0\u00a0\u00a0\u00a0\u00a0\u00a0unit \u00a0\u00a0\u00a0\u00a0\u00a0\u00a0typical values component \u00a0\u00a0\u00a0\u00a0\u00a0\u00a0Wt% 94.8%ZrO2\u00a0\u00a05.2%Y2O3 hardness \u00a0\u00a0\u00a0\u00a0\u00a0Kgf\/mm2 1250 density \u00a0\u00a0\u00a0\u00a0\u00a0g\/cm3 6.0 Bending strength \u00a0\u00a0\u00a0\u00a0\u00a0mpa 900 Modulus of elasticity \u00a0\u00a0\u00a0\u00a0\u00a0gpa 200 Note:the above data is average value based on test,these data are for reference only! &nbsp;<\/p>","protected":false},"author":1,"featured_media":0,"parent":0,"menu_order":0,"comment_status":"closed","ping_status":"closed","template":"","meta":{"ngg_post_thumbnail":0,"footnotes":""},"class_list":["post-197","page","type-page","status-publish","czr-hentry"],"aioseo_notices":[],"_links":{"self":[{"href":"https:\/\/zirconia-ceramics.com\/cs\/wp-json\/wp\/v2\/pages\/197"}],"collection":[{"href":"https:\/\/zirconia-ceramics.com\/cs\/wp-json\/wp\/v2\/pages"}],"about":[{"href":"https:\/\/zirconia-ceramics.com\/cs\/wp-json\/wp\/v2\/types\/page"}],"author":[{"embeddable":true,"href":"https:\/\/zirconia-ceramics.com\/cs\/wp-json\/wp\/v2\/users\/1"}],"replies":[{"embeddable":true,"href":"https:\/\/zirconia-ceramics.com\/cs\/wp-json\/wp\/v2\/comments?post=197"}],"version-history":[{"count":5,"href":"https:\/\/zirconia-ceramics.com\/cs\/wp-json\/wp\/v2\/pages\/197\/revisions"}],"predecessor-version":[{"id":201,"href":"https:\/\/zirconia-ceramics.com\/cs\/wp-json\/wp\/v2\/pages\/197\/revisions\/201"}],"wp:attachment":[{"href":"https:\/\/zirconia-ceramics.com\/cs\/wp-json\/wp\/v2\/media?parent=197"}],"curies":[{"name":"wp","href":"https:\/\/api.w.org\/{rel}","templated":true}]}}