{"id":55,"date":"2014-06-06T22:05:04","date_gmt":"2014-06-06T14:05:04","guid":{"rendered":"http:\/\/zirconia-ceramics.com\/?page_id=55"},"modified":"2014-06-07T10:22:18","modified_gmt":"2014-06-07T02:22:18","slug":"zro2-optical-fiber-tube","status":"publish","type":"page","link":"https:\/\/zirconia-ceramics.com\/cs\/zro2-opticke-vlakno-trubice\/","title":{"rendered":"Trubice z optick\u00fdch vl\u00e1ken Zro2"},"content":{"rendered":"<p>Zirkoniov\u00e1 keramick\u00e1 optick\u00e1 vl\u00e1knov\u00e1 trubice<\/p>\n<p>Vlastnosti produktu:<br \/>\n1, v\u00fdrobky vyu\u017e\u00edvaj\u00ed pokro\u010dil\u00e9 v\u00fdrobn\u00ed technologie, materi\u00e1l mechanick\u00e9<br \/>\nv\u00fdkon se v\u00fdrazn\u011b zlep\u0161il<br \/>\n2, k ochran\u011b m\u00edsta p\u0159ipojen\u00ed, zlep\u0161en\u00ed mechanick\u00e9 pevnosti<br \/>\n3, v\u00fdrobky jsou vysoce p\u0159esn\u00e9, maj\u00ed dlouhou \u017eivotnost.<br \/>\n4, velikost v\u00fdrobku m\u00e1 dobrou konzistenci, kvalita je stabiln\u00ed<br \/>\n5, zro2 keramick\u00e9 optick\u00e9 vl\u00e1kno trubice jsou dobr\u00e9 funkce teplotn\u011b odoln\u00e9, dobr\u00fd v\u00fdkon odoln\u00fd proti vlhkosti<\/p>\n<p>Aplikace pro zirkonov\u00e9 keramick\u00e9 optick\u00e9 vl\u00e1kno trubice: Tento produkt je pou\u017eiteln\u00fd pro p\u0159enos dat s\u00edt\u011b komunika\u010dn\u00ed s\u00edt\u011b, kabelov\u00e9 televize s\u00edt\u011b, m\u016f\u017ee b\u00fdt vyroben podle va\u0161eho po\u017eadavku.<\/p>\n<p>materi\u00e1l\uff1a zirkon<br \/>\nVkl\u00e1dac\u00ed s\u00edla\uff1a 2,0N-6,0N<br \/>\nVlo\u017en\u00fd \u00fatlum\uff1a \uff1c0,2db<br \/>\n\u017divotnost: \u22651000kr\u00e1t<br \/>\nPracovn\u00ed teplota\uff1a (-40 \u2103-+85 \u2103)<\/p>\n<p><a href=\"http:\/\/zirconia-ceramics.com\/wp-content\/uploads\/2014\/06\/Zirconia-ceramic-optical-fiber-tube.jpg\"><img loading=\"lazy\" decoding=\"async\" class=\"alignnone size-medium wp-image-56\" alt=\"Zirkoniov\u00e1 keramick\u00e1 optick\u00e1 vl\u00e1knov\u00e1 trubice\" src=\"http:\/\/zirconia-ceramics.com\/wp-content\/uploads\/2014\/06\/Zirconia-ceramic-optical-fiber-tube-300x147.jpg\" width=\"300\" height=\"147\" srcset=\"https:\/\/zirconia-ceramics.com\/wp-content\/uploads\/2014\/06\/Zirconia-ceramic-optical-fiber-tube-300x147.jpg 300w, https:\/\/zirconia-ceramics.com\/wp-content\/uploads\/2014\/06\/Zirconia-ceramic-optical-fiber-tube.jpg 365w\" sizes=\"(max-width: 300px) 100vw, 300px\" \/><\/a><\/p>","protected":false},"excerpt":{"rendered":"<p>Zirconia ceramic optical fiber tube Product features: 1, products are using advanced production technology, the material mechanical performance is greatly improved 2, to protect the connection point, improve the mechanical strength 3, the products is high precision, long service life 4, the product size have good consistency, quality is stability 5, zro2 ceramic optical fiber [&hellip;]<\/p>","protected":false},"author":1,"featured_media":0,"parent":0,"menu_order":0,"comment_status":"closed","ping_status":"closed","template":"","meta":{"ngg_post_thumbnail":0,"footnotes":""},"class_list":["post-55","page","type-page","status-publish","czr-hentry"],"aioseo_notices":[],"_links":{"self":[{"href":"https:\/\/zirconia-ceramics.com\/cs\/wp-json\/wp\/v2\/pages\/55"}],"collection":[{"href":"https:\/\/zirconia-ceramics.com\/cs\/wp-json\/wp\/v2\/pages"}],"about":[{"href":"https:\/\/zirconia-ceramics.com\/cs\/wp-json\/wp\/v2\/types\/page"}],"author":[{"embeddable":true,"href":"https:\/\/zirconia-ceramics.com\/cs\/wp-json\/wp\/v2\/users\/1"}],"replies":[{"embeddable":true,"href":"https:\/\/zirconia-ceramics.com\/cs\/wp-json\/wp\/v2\/comments?post=55"}],"version-history":[{"count":5,"href":"https:\/\/zirconia-ceramics.com\/cs\/wp-json\/wp\/v2\/pages\/55\/revisions"}],"predecessor-version":[{"id":63,"href":"https:\/\/zirconia-ceramics.com\/cs\/wp-json\/wp\/v2\/pages\/55\/revisions\/63"}],"wp:attachment":[{"href":"https:\/\/zirconia-ceramics.com\/cs\/wp-json\/wp\/v2\/media?parent=55"}],"curies":[{"name":"wp","href":"https:\/\/api.w.org\/{rel}","templated":true}]}}