{"id":153,"date":"2015-10-04T19:53:48","date_gmt":"2015-10-04T11:53:48","guid":{"rendered":"http:\/\/zirconia-ceramics.com\/?page_id=153"},"modified":"2015-10-04T19:53:48","modified_gmt":"2015-10-04T11:53:48","slug":"zirconia-ceramic-watch","status":"publish","type":"page","link":"https:\/\/zirconia-ceramics.com\/da\/ur-af-zirkonia-keramik\/","title":{"rendered":"Ur af zirkonia-keramik"},"content":{"rendered":"<p>Urtilbeh\u00f8r af zirkonia-keramik, f.eks. urrem, ramme, urskive og urkasse. De har f\u00f8lgende funktioner.<\/p>\n<p><!--more--><\/p>\n<p>1. H\u00e5rdheden n\u00e6rmer sig naturens diamant; lettere end metal; bliver aldrig slidt og revet, skifter aldrig farve.<br \/>\n2. Meget slidst\u00e6rk og modstandsdygtig over for oxidation. Ruster aldrig, skifter aldrig farve og giver aldrig hudproblemer.<br \/>\n3. Meget isoleret; ingen metal- og pletteringsforurening; zirkoniumoxidkeramisk ur er det ideelle milj\u00f8beskyttelsesmateriale.<br \/>\n4. Farve med h\u00f8j t\u00e6thed og unik kvalitetsf\u00f8lelse!<br \/>\n5. Superh\u00f8j h\u00e5rdhed, attraktiv og holdbar, uden at skade huden, med unik glans, elegant og enest\u00e5ende.<br \/>\n6. Moderne og moderigtigt design vil give kunderne en konkurrencedygtig pris for zro2 keramisk ur.<\/p>\n<p><a href=\"http:\/\/zirconia-ceramics.com\/wp-content\/uploads\/2015\/10\/zirconia-ceramic-watch.jpg\"><img loading=\"lazy\" decoding=\"async\" class=\"alignnone size-medium wp-image-154\" src=\"http:\/\/zirconia-ceramics.com\/wp-content\/uploads\/2015\/10\/zirconia-ceramic-watch-294x300.jpg\" alt=\"Ur af zirkonia-keramik\" width=\"294\" height=\"300\" srcset=\"https:\/\/zirconia-ceramics.com\/wp-content\/uploads\/2015\/10\/zirconia-ceramic-watch-294x300.jpg 294w, https:\/\/zirconia-ceramics.com\/wp-content\/uploads\/2015\/10\/zirconia-ceramic-watch.jpg 500w\" sizes=\"(max-width: 294px) 100vw, 294px\" \/><\/a><\/p>\n<p>&nbsp;<\/p>","protected":false},"excerpt":{"rendered":"<p>Urtilbeh\u00f8r af zirkonia-keramik, f.eks. urrem, ramme, urskive og urkasse. De har f\u00f8lgende funktioner.<\/p>","protected":false},"author":1,"featured_media":0,"parent":0,"menu_order":0,"comment_status":"closed","ping_status":"open","template":"","meta":{"ngg_post_thumbnail":0,"footnotes":""},"class_list":["post-153","page","type-page","status-publish","czr-hentry"],"aioseo_notices":[],"_links":{"self":[{"href":"https:\/\/zirconia-ceramics.com\/da\/wp-json\/wp\/v2\/pages\/153"}],"collection":[{"href":"https:\/\/zirconia-ceramics.com\/da\/wp-json\/wp\/v2\/pages"}],"about":[{"href":"https:\/\/zirconia-ceramics.com\/da\/wp-json\/wp\/v2\/types\/page"}],"author":[{"embeddable":true,"href":"https:\/\/zirconia-ceramics.com\/da\/wp-json\/wp\/v2\/users\/1"}],"replies":[{"embeddable":true,"href":"https:\/\/zirconia-ceramics.com\/da\/wp-json\/wp\/v2\/comments?post=153"}],"version-history":[{"count":1,"href":"https:\/\/zirconia-ceramics.com\/da\/wp-json\/wp\/v2\/pages\/153\/revisions"}],"predecessor-version":[{"id":155,"href":"https:\/\/zirconia-ceramics.com\/da\/wp-json\/wp\/v2\/pages\/153\/revisions\/155"}],"wp:attachment":[{"href":"https:\/\/zirconia-ceramics.com\/da\/wp-json\/wp\/v2\/media?parent=153"}],"curies":[{"name":"wp","href":"https:\/\/api.w.org\/{rel}","templated":true}]}}