{"id":162,"date":"2015-10-04T21:15:19","date_gmt":"2015-10-04T13:15:19","guid":{"rendered":"http:\/\/zirconia-ceramics.com\/?page_id=162"},"modified":"2015-10-04T21:15:19","modified_gmt":"2015-10-04T13:15:19","slug":"zirconia-ceramic-ornaments","status":"publish","type":"page","link":"https:\/\/zirconia-ceramics.com\/da\/zirkonia-keramiske-ornamenter\/","title":{"rendered":"Zirkonia keramiske ornamenter"},"content":{"rendered":"<p>Vi kan lave zirkonia keramiske ornamenter i henhold til dine krav<\/p>\n<p>1. H\u00e5rdhed t\u00e6t p\u00e5 naturlig diamant, lettere end metal, slides aldrig, \u00e6ndrer aldrig farve osv.<br \/>\n2. Slidst\u00e6rk, oxidationsbestandig, ruster aldrig, skifter aldrig farve, giver ikke hudallergi.<br \/>\n3. Farvet keramisk tilbeh\u00f8r giver et fremragende indtryk.<br \/>\n4. Zro2 keramiske smykker er kunstneriske, holdbare og storsl\u00e5ede.<\/p>\n<p><a href=\"http:\/\/zirconia-ceramics.com\/wp-content\/uploads\/2015\/10\/zirconia-ceramic-ornaments.jpg\"><img loading=\"lazy\" decoding=\"async\" class=\"alignnone size-medium wp-image-163\" src=\"http:\/\/zirconia-ceramics.com\/wp-content\/uploads\/2015\/10\/zirconia-ceramic-ornaments-300x232.jpg\" alt=\"Zirkonia keramiske ornamenter\" width=\"300\" height=\"232\" srcset=\"https:\/\/zirconia-ceramics.com\/wp-content\/uploads\/2015\/10\/zirconia-ceramic-ornaments-300x232.jpg 300w, https:\/\/zirconia-ceramics.com\/wp-content\/uploads\/2015\/10\/zirconia-ceramic-ornaments-624x482.jpg 624w, https:\/\/zirconia-ceramics.com\/wp-content\/uploads\/2015\/10\/zirconia-ceramic-ornaments.jpg 735w\" sizes=\"(max-width: 300px) 100vw, 300px\" \/><\/a><\/p>\n<p>&nbsp;<\/p>","protected":false},"excerpt":{"rendered":"<p>We can make zirconia ceramic ornaments according to your requirement 1. Hardness close to natural diamond, lighter than the metal, never wear, never change the color and so on. 2. Wear resistant, oxidation resistant, never rust,\u00a0 never change color, will not lead the skin allergy. 3. Colored ceramic accessories has Excellent impression. 4. Zro2 ceramic [&hellip;]<\/p>","protected":false},"author":1,"featured_media":0,"parent":0,"menu_order":0,"comment_status":"closed","ping_status":"open","template":"","meta":{"ngg_post_thumbnail":0,"footnotes":""},"class_list":["post-162","page","type-page","status-publish","czr-hentry"],"aioseo_notices":[],"_links":{"self":[{"href":"https:\/\/zirconia-ceramics.com\/da\/wp-json\/wp\/v2\/pages\/162"}],"collection":[{"href":"https:\/\/zirconia-ceramics.com\/da\/wp-json\/wp\/v2\/pages"}],"about":[{"href":"https:\/\/zirconia-ceramics.com\/da\/wp-json\/wp\/v2\/types\/page"}],"author":[{"embeddable":true,"href":"https:\/\/zirconia-ceramics.com\/da\/wp-json\/wp\/v2\/users\/1"}],"replies":[{"embeddable":true,"href":"https:\/\/zirconia-ceramics.com\/da\/wp-json\/wp\/v2\/comments?post=162"}],"version-history":[{"count":1,"href":"https:\/\/zirconia-ceramics.com\/da\/wp-json\/wp\/v2\/pages\/162\/revisions"}],"predecessor-version":[{"id":164,"href":"https:\/\/zirconia-ceramics.com\/da\/wp-json\/wp\/v2\/pages\/162\/revisions\/164"}],"wp:attachment":[{"href":"https:\/\/zirconia-ceramics.com\/da\/wp-json\/wp\/v2\/media?parent=162"}],"curies":[{"name":"wp","href":"https:\/\/api.w.org\/{rel}","templated":true}]}}