{"id":55,"date":"2014-06-06T22:05:04","date_gmt":"2014-06-06T14:05:04","guid":{"rendered":"http:\/\/zirconia-ceramics.com\/?page_id=55"},"modified":"2014-06-07T10:22:18","modified_gmt":"2014-06-07T02:22:18","slug":"zro2-optical-fiber-tube","status":"publish","type":"page","link":"https:\/\/zirconia-ceramics.com\/da\/zro2-optisk-fiberror\/","title":{"rendered":"Zro2 optisk fiberr\u00f8r"},"content":{"rendered":"<p>Optisk fiberr\u00f8r af zirkonia-keramik<\/p>\n<p>Produktets egenskaber:<br \/>\n1, produkter bruger avanceret produktionsteknologi, materialet mekanisk<br \/>\nydeevnen er st\u00e6rkt forbedret<br \/>\n2, for at beskytte forbindelsespunktet, forbedre den mekaniske styrke<br \/>\n3, produkterne har h\u00f8j pr\u00e6cision og lang levetid<br \/>\n4, produktst\u00f8rrelsen har god konsistens, kvaliteten er stabil<br \/>\n5, zro2 keramisk optisk fiberr\u00f8r er god funktion af temperaturbestandig, god fugtighedsbestandig ydeevne<\/p>\n<p>Anvendelse af zirkoniumdioxid keramisk optisk fiberr\u00f8r: Dette produkt kan anvendes til datatransmissionsnetv\u00e6rk kommunikationsnetv\u00e6rk, kabel-tv-netv\u00e6rk, kan laves i henhold til dine krav.<\/p>\n<p>Materiale: zirkonia<br \/>\nIndf\u00f8ringskraft: 2,0N-6,0N<br \/>\nInds\u00e6ttelsestab: \uff1c0,2db<br \/>\nLevetid: \u22651000 antal gange<br \/>\nArbejdstemperatur: (-40\u2103-+85\u2103)<\/p>\n<p><a href=\"http:\/\/zirconia-ceramics.com\/wp-content\/uploads\/2014\/06\/Zirconia-ceramic-optical-fiber-tube.jpg\"><img loading=\"lazy\" decoding=\"async\" class=\"alignnone size-medium wp-image-56\" alt=\"Optisk fiberr\u00f8r af zirkonia-keramik\" src=\"http:\/\/zirconia-ceramics.com\/wp-content\/uploads\/2014\/06\/Zirconia-ceramic-optical-fiber-tube-300x147.jpg\" width=\"300\" height=\"147\" srcset=\"https:\/\/zirconia-ceramics.com\/wp-content\/uploads\/2014\/06\/Zirconia-ceramic-optical-fiber-tube-300x147.jpg 300w, https:\/\/zirconia-ceramics.com\/wp-content\/uploads\/2014\/06\/Zirconia-ceramic-optical-fiber-tube.jpg 365w\" sizes=\"(max-width: 300px) 100vw, 300px\" \/><\/a><\/p>","protected":false},"excerpt":{"rendered":"<p>Zirconia ceramic optical fiber tube Product features: 1, products are using advanced production technology, the material mechanical performance is greatly improved 2, to protect the connection point, improve the mechanical strength 3, the products is high precision, long service life 4, the product size have good consistency, quality is stability 5, zro2 ceramic optical fiber [&hellip;]<\/p>","protected":false},"author":1,"featured_media":0,"parent":0,"menu_order":0,"comment_status":"closed","ping_status":"closed","template":"","meta":{"ngg_post_thumbnail":0,"footnotes":""},"class_list":["post-55","page","type-page","status-publish","czr-hentry"],"aioseo_notices":[],"_links":{"self":[{"href":"https:\/\/zirconia-ceramics.com\/da\/wp-json\/wp\/v2\/pages\/55"}],"collection":[{"href":"https:\/\/zirconia-ceramics.com\/da\/wp-json\/wp\/v2\/pages"}],"about":[{"href":"https:\/\/zirconia-ceramics.com\/da\/wp-json\/wp\/v2\/types\/page"}],"author":[{"embeddable":true,"href":"https:\/\/zirconia-ceramics.com\/da\/wp-json\/wp\/v2\/users\/1"}],"replies":[{"embeddable":true,"href":"https:\/\/zirconia-ceramics.com\/da\/wp-json\/wp\/v2\/comments?post=55"}],"version-history":[{"count":5,"href":"https:\/\/zirconia-ceramics.com\/da\/wp-json\/wp\/v2\/pages\/55\/revisions"}],"predecessor-version":[{"id":63,"href":"https:\/\/zirconia-ceramics.com\/da\/wp-json\/wp\/v2\/pages\/55\/revisions\/63"}],"wp:attachment":[{"href":"https:\/\/zirconia-ceramics.com\/da\/wp-json\/wp\/v2\/media?parent=55"}],"curies":[{"name":"wp","href":"https:\/\/api.w.org\/{rel}","templated":true}]}}