{"id":7,"date":"2013-12-11T12:55:39","date_gmt":"2013-12-11T04:55:39","guid":{"rendered":"http:\/\/zirconia-ceramics.com\/?page_id=7"},"modified":"2016-01-25T21:02:01","modified_gmt":"2016-01-25T13:02:01","slug":"zirconia-ceramic-solutions","status":"publish","type":"page","link":"https:\/\/zirconia-ceramics.com\/da\/","title":{"rendered":"Omkring"},"content":{"rendered":"<div>\n<p>Vi er i Shanghai i Kina, specialiseret i design og levering af zirkoniumoxidkeramik, s\u00e5som zirkoniumoxidkeramik i henhold til dit krav, ZTA (zirkoniumoxidh\u00e6rdet keramik, der er lavet af zirkoniumoxid og aluminiumoxidkeramik) og s\u00e5 videre. Vi opfordrer dig til at diskutere dit projekt med os tidligt for at undg\u00e5 vanskelige problemer senere. Vi vil specificere fordelene ved hvert materiale og diskutere forskellige behandlingsteknikker, der er egnede til dit produkt. Du fort\u00e6ller os dit krav, vi degsin og leverer det bedste produkt til dig. Dine eventuelle kommentarer er den mest st\u00f8tte for os. Forbedringen vil aldrig ende. Velkommen til din foresp\u00f8rgsel inklusive krav!<\/p>\n<p>Den konstante kvalitetskontrol under fremstillingen af zirkoniumoxidkeramik er en garanti for god kvalitet og for vores kunders tilfredshed. Opfyldelse af vores kunders specifikationer og tegninger er grundlaget for vores kvalitetskontrol. Vi bruger mange m\u00e5der og udstyr til at inspicere vores zirkoniumoxidkeramik. Vi kontrollerer ogs\u00e5 hvert trin til produktion. Vi gemmer kvalitetsdataene til sporbarhedsform\u00e5l. Velkommen til at modtage din foresp\u00f8rgsel inklusive krav og kommentarer!<\/p>\n<\/div>","protected":false},"excerpt":{"rendered":"<p>We are in shanghai in china,specializing in designing and supplying zirconia ceramic ,such as Zirconia Ceramic according to your requirement,ZTA(Zirconia toughened ceramic which is made by zirconia and alumina ceramic) and so on.We encourage you to discuss your project with us early to avoid difficult problems later.We will specify benefits of each material and discuss [&hellip;]<\/p>","protected":false},"author":1,"featured_media":0,"parent":0,"menu_order":0,"comment_status":"closed","ping_status":"open","template":"","meta":{"ngg_post_thumbnail":0,"footnotes":""},"class_list":["post-7","page","type-page","status-publish","czr-hentry"],"aioseo_notices":[],"_links":{"self":[{"href":"https:\/\/zirconia-ceramics.com\/da\/wp-json\/wp\/v2\/pages\/7"}],"collection":[{"href":"https:\/\/zirconia-ceramics.com\/da\/wp-json\/wp\/v2\/pages"}],"about":[{"href":"https:\/\/zirconia-ceramics.com\/da\/wp-json\/wp\/v2\/types\/page"}],"author":[{"embeddable":true,"href":"https:\/\/zirconia-ceramics.com\/da\/wp-json\/wp\/v2\/users\/1"}],"replies":[{"embeddable":true,"href":"https:\/\/zirconia-ceramics.com\/da\/wp-json\/wp\/v2\/comments?post=7"}],"version-history":[{"count":26,"href":"https:\/\/zirconia-ceramics.com\/da\/wp-json\/wp\/v2\/pages\/7\/revisions"}],"predecessor-version":[{"id":175,"href":"https:\/\/zirconia-ceramics.com\/da\/wp-json\/wp\/v2\/pages\/7\/revisions\/175"}],"wp:attachment":[{"href":"https:\/\/zirconia-ceramics.com\/da\/wp-json\/wp\/v2\/media?parent=7"}],"curies":[{"name":"wp","href":"https:\/\/api.w.org\/{rel}","templated":true}]}}