{"id":45,"date":"2014-06-06T13:29:21","date_gmt":"2014-06-06T05:29:21","guid":{"rendered":"http:\/\/zirconia-ceramics.com\/?page_id=45"},"modified":"2014-06-06T13:46:03","modified_gmt":"2014-06-06T05:46:03","slug":"zro2-toughened-ceramic","status":"publish","type":"page","link":"https:\/\/zirconia-ceramics.com\/de\/zro2-gehartete-keramik\/","title":{"rendered":"Zro2 Geh\u00e4rtete Keramik"},"content":{"rendered":"<p>Keramik aus zirkoniumdioxidhaltigem Aluminiumoxid (ZTA) weist im Vergleich zu Aluminiumoxidkeramik erhebliche Verbesserungen in Bezug auf Festigkeit und Z\u00e4higkeit auf, wobei der typische Gehalt an Zirkoniumdioxid zwischen 10% und 20% liegt. Wenn ein Riss durch die Keramik hindurchw\u00e4chst, \u00e4ndert sich die Kristallstruktur der Zirkoniumdioxidteilchen im Bereich des Risses von der metastabilen tetragonalen Phase zur stabilen monoklinen Phase. Die \u00c4nderung vergr\u00f6\u00dfert das Volumen der Teilchen um etwa 3-4% und erzeugt Druckspannungen in der Aluminiumoxidmatrix. Diese Spannungen wiederum schlie\u00dfen den Riss und wirken als Energiebarriere f\u00fcr weiteres Risswachstum. Die Zugabe von Zirkoniumdioxid zur Aluminiumoxidmatrix erh\u00f6ht die Bruchz\u00e4higkeit um das Zweifache und kann sogar um das Vierfache verbessert werden, w\u00e4hrend die Festigkeit mehr als verdoppelt wird.Zro2 geh\u00e4rtete Keramikkomponenten sind teurer als solche aus Alpha-Aluminiumoxid. Sie bieten jedoch kosteneffiziente L\u00f6sungen f\u00fcr anspruchsvolle Umgebungen, da sie die Lebensdauer und Leistung der Komponenten erh\u00f6hen.<\/p>\n<p>Wir k\u00f6nnen auch ZTA-Keramik (Keramik auf der Basis von z\u00e4hfl\u00fcssigem Aluminiumoxid) nach Ihren Anforderungen herstellen.<\/p>\n<p>Unten ist das Foto f\u00fcr ZTA keramische Auskleidung f\u00fcr verschlei\u00dffest, die etwa 20% Zirkoniumdioxid und 80% Aluminiumoxid enthalten. Die Gr\u00f6\u00dfe ist 150*100*50mm<\/p>\n<p><a href=\"http:\/\/zirconia-ceramics.com\/wp-content\/uploads\/2014\/06\/Zirconia-toughened-ceramic.jpg\"><img loading=\"lazy\" decoding=\"async\" class=\"alignnone size-medium wp-image-46\" alt=\"Zirkoniumdioxid-Z\u00e4hkeramik\" src=\"http:\/\/zirconia-ceramics.com\/wp-content\/uploads\/2014\/06\/Zirconia-toughened-ceramic-300x225.jpg\" width=\"300\" height=\"225\" srcset=\"https:\/\/zirconia-ceramics.com\/wp-content\/uploads\/2014\/06\/Zirconia-toughened-ceramic-300x225.jpg 300w, https:\/\/zirconia-ceramics.com\/wp-content\/uploads\/2014\/06\/Zirconia-toughened-ceramic-624x468.jpg 624w, https:\/\/zirconia-ceramics.com\/wp-content\/uploads\/2014\/06\/Zirconia-toughened-ceramic.jpg 800w\" sizes=\"(max-width: 300px) 100vw, 300px\" \/><\/a><\/p>","protected":false},"excerpt":{"rendered":"<p>Zirconia Toughened Alumina (ZTA) ceramic show considerable improvement in strength and toughness over alumina ceramics.Typical content is from 10% to 20% zirconia. When a crack grows through the ceramic,the zirconia particles rystal structure in the region of the crack changes from the metastable tetragonal phase to the stable monoclinic phase.The change increases the volume of [&hellip;]<\/p>","protected":false},"author":1,"featured_media":0,"parent":0,"menu_order":0,"comment_status":"closed","ping_status":"closed","template":"","meta":{"ngg_post_thumbnail":0,"footnotes":""},"class_list":["post-45","page","type-page","status-publish","czr-hentry"],"aioseo_notices":[],"_links":{"self":[{"href":"https:\/\/zirconia-ceramics.com\/de\/wp-json\/wp\/v2\/pages\/45"}],"collection":[{"href":"https:\/\/zirconia-ceramics.com\/de\/wp-json\/wp\/v2\/pages"}],"about":[{"href":"https:\/\/zirconia-ceramics.com\/de\/wp-json\/wp\/v2\/types\/page"}],"author":[{"embeddable":true,"href":"https:\/\/zirconia-ceramics.com\/de\/wp-json\/wp\/v2\/users\/1"}],"replies":[{"embeddable":true,"href":"https:\/\/zirconia-ceramics.com\/de\/wp-json\/wp\/v2\/comments?post=45"}],"version-history":[{"count":6,"href":"https:\/\/zirconia-ceramics.com\/de\/wp-json\/wp\/v2\/pages\/45\/revisions"}],"predecessor-version":[{"id":53,"href":"https:\/\/zirconia-ceramics.com\/de\/wp-json\/wp\/v2\/pages\/45\/revisions\/53"}],"wp:attachment":[{"href":"https:\/\/zirconia-ceramics.com\/de\/wp-json\/wp\/v2\/media?parent=45"}],"curies":[{"name":"wp","href":"https:\/\/api.w.org\/{rel}","templated":true}]}}