{"id":55,"date":"2014-06-06T22:05:04","date_gmt":"2014-06-06T14:05:04","guid":{"rendered":"http:\/\/zirconia-ceramics.com\/?page_id=55"},"modified":"2014-06-07T10:22:18","modified_gmt":"2014-06-07T02:22:18","slug":"zro2-optical-fiber-tube","status":"publish","type":"page","link":"https:\/\/zirconia-ceramics.com\/de\/zro2-lichtleitfaserschlauch\/","title":{"rendered":"Zro2-Lichtleitfaserschlauch"},"content":{"rendered":"<p>Zirkoniumdioxid-Keramik-Lichtwellenleiter<\/p>\n<p>Produktmerkmale:<br \/>\n1, Produkte sind mit fortschrittlichen Produktionstechnologie, das Material mechanische<br \/>\ndie Leistung wird erheblich verbessert<br \/>\n2, zum Schutz der Verbindungsstelle, zur Verbesserung der mechanischen Festigkeit<br \/>\n3, ist die Produkte hohe Pr\u00e4zision, lange Lebensdauer<br \/>\n4, die Produktgr\u00f6\u00dfe haben gute Konsistenz, Qualit\u00e4t ist Stabilit\u00e4t<br \/>\n5, zro2 keramische optische Faser Rohr sind gute Funktion der Temperatur resistent, gute Feuchtigkeit resistent Leistung<\/p>\n<p>Anwendung f\u00fcr Zirkonoxid-Keramik-Lichtwellenleiter: Dieses Produkt ist f\u00fcr Daten\u00fcbertragungsnetzwerke, Kommunikationsnetzwerke und Kabelfernsehnetzwerke geeignet und kann entsprechend Ihren Anforderungen hergestellt werden.<\/p>\n<p>Material\uff1a Zirkoniumdioxid<br \/>\nEinpresskraft\uff1a 2,0N-6,0N<br \/>\nEinf\u00fcgungsd\u00e4mpfung\uff1a \uff1c0,2db<br \/>\nLebensdauer\uff1a \u22651000 Mal<br \/>\nArbeitstemperatur\uff1a (-40\u2103-+85\u2103)<\/p>\n<p><a href=\"http:\/\/zirconia-ceramics.com\/wp-content\/uploads\/2014\/06\/Zirconia-ceramic-optical-fiber-tube.jpg\"><img loading=\"lazy\" decoding=\"async\" class=\"alignnone size-medium wp-image-56\" alt=\"Zirkoniumdioxid-Keramik-Lichtwellenleiter\" src=\"http:\/\/zirconia-ceramics.com\/wp-content\/uploads\/2014\/06\/Zirconia-ceramic-optical-fiber-tube-300x147.jpg\" width=\"300\" height=\"147\" srcset=\"https:\/\/zirconia-ceramics.com\/wp-content\/uploads\/2014\/06\/Zirconia-ceramic-optical-fiber-tube-300x147.jpg 300w, https:\/\/zirconia-ceramics.com\/wp-content\/uploads\/2014\/06\/Zirconia-ceramic-optical-fiber-tube.jpg 365w\" sizes=\"(max-width: 300px) 100vw, 300px\" \/><\/a><\/p>","protected":false},"excerpt":{"rendered":"<p>Zirconia ceramic optical fiber tube Product features: 1, products are using advanced production technology, the material mechanical performance is greatly improved 2, to protect the connection point, improve the mechanical strength 3, the products is high precision, long service life 4, the product size have good consistency, quality is stability 5, zro2 ceramic optical fiber [&hellip;]<\/p>","protected":false},"author":1,"featured_media":0,"parent":0,"menu_order":0,"comment_status":"closed","ping_status":"closed","template":"","meta":{"ngg_post_thumbnail":0,"footnotes":""},"class_list":["post-55","page","type-page","status-publish","czr-hentry"],"aioseo_notices":[],"_links":{"self":[{"href":"https:\/\/zirconia-ceramics.com\/de\/wp-json\/wp\/v2\/pages\/55"}],"collection":[{"href":"https:\/\/zirconia-ceramics.com\/de\/wp-json\/wp\/v2\/pages"}],"about":[{"href":"https:\/\/zirconia-ceramics.com\/de\/wp-json\/wp\/v2\/types\/page"}],"author":[{"embeddable":true,"href":"https:\/\/zirconia-ceramics.com\/de\/wp-json\/wp\/v2\/users\/1"}],"replies":[{"embeddable":true,"href":"https:\/\/zirconia-ceramics.com\/de\/wp-json\/wp\/v2\/comments?post=55"}],"version-history":[{"count":5,"href":"https:\/\/zirconia-ceramics.com\/de\/wp-json\/wp\/v2\/pages\/55\/revisions"}],"predecessor-version":[{"id":63,"href":"https:\/\/zirconia-ceramics.com\/de\/wp-json\/wp\/v2\/pages\/55\/revisions\/63"}],"wp:attachment":[{"href":"https:\/\/zirconia-ceramics.com\/de\/wp-json\/wp\/v2\/media?parent=55"}],"curies":[{"name":"wp","href":"https:\/\/api.w.org\/{rel}","templated":true}]}}