{"id":7,"date":"2013-12-11T12:55:39","date_gmt":"2013-12-11T04:55:39","guid":{"rendered":"http:\/\/zirconia-ceramics.com\/?page_id=7"},"modified":"2016-01-25T21:02:01","modified_gmt":"2016-01-25T13:02:01","slug":"zirconia-ceramic-solutions","status":"publish","type":"page","link":"https:\/\/zirconia-ceramics.com\/de\/","title":{"rendered":"\u00dcber"},"content":{"rendered":"<div>\n<p>Wir sind in Shanghai in China, spezialisiert auf die Entwicklung und Lieferung von Zirkoniumdioxid-Keramik, wie Zirkoniumdioxid-Keramik nach Ihren Anforderungen, ZTA (Zirkoniumdioxid geh\u00e4rtete Keramik, die von Zirkoniumdioxid und Aluminiumoxid-Keramik gemacht wird) und so weiter.Wir ermutigen Sie, Ihr Projekt mit uns fr\u00fch zu diskutieren, um schwierige Probleme sp\u00e4ter zu vermeiden.Wir werden die Vorteile der einzelnen Materialien angeben und verschiedene Verarbeitungstechniken, die f\u00fcr Ihr Produkt geeignet ist zu diskutieren. Sie teilen uns Ihre Anforderungen mit, wir entwickeln und liefern das beste Produkt f\u00fcr Sie. Ihre Kommentare sind die gr\u00f6\u00dfte Unterst\u00fctzung f\u00fcr uns. Die Verbesserung wird nie enden, wir freuen uns auf Ihre Anfrage und Anforderung!<\/p>\n<p>Die st\u00e4ndige Qualit\u00e4tskontrolle bei der Herstellung von Zirkonoxidkeramik ist die Garantie f\u00fcr die gute Qualit\u00e4t und f\u00fcr die Zufriedenheit unserer Kunden. Die Einhaltung der Spezifikationen und Zeichnungen unserer Kunden sind die Grundlage unserer Qualit\u00e4tskontrolle. Wir verwenden viele Mittel und Ausr\u00fcstungen, um unsere Zirkoniumoxidkeramik zu pr\u00fcfen. Au\u00dferdem kontrollieren wir jeden Produktionsschritt und speichern die Qualit\u00e4tsdaten zur R\u00fcckverfolgbarkeit. Wir freuen uns auf Ihre Anfrage mit Ihren Anforderungen und Kommentaren!<\/p>\n<\/div>","protected":false},"excerpt":{"rendered":"<p>We are in shanghai in china,specializing in designing and supplying zirconia ceramic ,such as Zirconia Ceramic according to your requirement,ZTA(Zirconia toughened ceramic which is made by zirconia and alumina ceramic) and so on.We encourage you to discuss your project with us early to avoid difficult problems later.We will specify benefits of each material and discuss [&hellip;]<\/p>","protected":false},"author":1,"featured_media":0,"parent":0,"menu_order":0,"comment_status":"closed","ping_status":"open","template":"","meta":{"ngg_post_thumbnail":0,"footnotes":""},"class_list":["post-7","page","type-page","status-publish","czr-hentry"],"aioseo_notices":[],"_links":{"self":[{"href":"https:\/\/zirconia-ceramics.com\/de\/wp-json\/wp\/v2\/pages\/7"}],"collection":[{"href":"https:\/\/zirconia-ceramics.com\/de\/wp-json\/wp\/v2\/pages"}],"about":[{"href":"https:\/\/zirconia-ceramics.com\/de\/wp-json\/wp\/v2\/types\/page"}],"author":[{"embeddable":true,"href":"https:\/\/zirconia-ceramics.com\/de\/wp-json\/wp\/v2\/users\/1"}],"replies":[{"embeddable":true,"href":"https:\/\/zirconia-ceramics.com\/de\/wp-json\/wp\/v2\/comments?post=7"}],"version-history":[{"count":26,"href":"https:\/\/zirconia-ceramics.com\/de\/wp-json\/wp\/v2\/pages\/7\/revisions"}],"predecessor-version":[{"id":175,"href":"https:\/\/zirconia-ceramics.com\/de\/wp-json\/wp\/v2\/pages\/7\/revisions\/175"}],"wp:attachment":[{"href":"https:\/\/zirconia-ceramics.com\/de\/wp-json\/wp\/v2\/media?parent=7"}],"curies":[{"name":"wp","href":"https:\/\/api.w.org\/{rel}","templated":true}]}}