{"id":45,"date":"2014-06-06T13:29:21","date_gmt":"2014-06-06T05:29:21","guid":{"rendered":"http:\/\/zirconia-ceramics.com\/?page_id=45"},"modified":"2014-06-06T13:46:03","modified_gmt":"2014-06-06T05:46:03","slug":"zro2-toughened-ceramic","status":"publish","type":"page","link":"https:\/\/zirconia-ceramics.com\/es\/ceramica-endurecida-zro2\/","title":{"rendered":"Cer\u00e1mica endurecida Zro2"},"content":{"rendered":"<p>La cer\u00e1mica de al\u00famina endurecida con circonia (ZTA) presenta una mejora considerable de la resistencia y la tenacidad con respecto a la cer\u00e1mica de al\u00famina, con un contenido t\u00edpico de circonia de 10% a 20%. Cuando una grieta atraviesa la cer\u00e1mica, la estructura cristalina de las part\u00edculas de \u00f3xido de circonio en la regi\u00f3n de la grieta cambia de la fase tetragonal metaestable a la fase monocl\u00ednica estable. El cambio aumenta el volumen de las part\u00edculas en aproximadamente 3-4% y produce tensiones de compresi\u00f3n en la matriz de al\u00famina. Estas tensiones, a su vez, cierran la grieta y act\u00faan como una barrera energ\u00e9tica para el crecimiento posterior de la grieta. La adici\u00f3n de zirconia a la matriz de al\u00famina multiplica por dos la tenacidad a la fractura y puede llegar a cuadruplicarla, mientras que la resistencia se multiplica por m\u00e1s de dos.Los componentes de cer\u00e1mica endurecida Zro2 son m\u00e1s caros que los de al\u00famina alfa. Sin embargo, ofrecen soluciones rentables para entornos exigentes gracias al aumento de la vida \u00fatil y el rendimiento de los componentes.<\/p>\n<p>Tambi\u00e9n podemos fabricar cer\u00e1mica ZTA (cer\u00e1mica a base de al\u00famina endurecida con circonio) seg\u00fan sus necesidades.<\/p>\n<p>A continuaci\u00f3n se muestra la foto de ZTA revestimiento cer\u00e1mico para resistente al desgaste que contienen alrededor de 20% circonio y 80% al\u00famina.El tama\u00f1o es 150 * 100 * 50mm<\/p>\n<p><a href=\"http:\/\/zirconia-ceramics.com\/wp-content\/uploads\/2014\/06\/Zirconia-toughened-ceramic.jpg\"><img loading=\"lazy\" decoding=\"async\" class=\"alignnone size-medium wp-image-46\" alt=\"Cer\u00e1mica endurecida de circonio\" src=\"http:\/\/zirconia-ceramics.com\/wp-content\/uploads\/2014\/06\/Zirconia-toughened-ceramic-300x225.jpg\" width=\"300\" height=\"225\" srcset=\"https:\/\/zirconia-ceramics.com\/wp-content\/uploads\/2014\/06\/Zirconia-toughened-ceramic-300x225.jpg 300w, https:\/\/zirconia-ceramics.com\/wp-content\/uploads\/2014\/06\/Zirconia-toughened-ceramic-624x468.jpg 624w, https:\/\/zirconia-ceramics.com\/wp-content\/uploads\/2014\/06\/Zirconia-toughened-ceramic.jpg 800w\" sizes=\"(max-width: 300px) 100vw, 300px\" \/><\/a><\/p>","protected":false},"excerpt":{"rendered":"<p>Zirconia Toughened Alumina (ZTA) ceramic show considerable improvement in strength and toughness over alumina ceramics.Typical content is from 10% to 20% zirconia. When a crack grows through the ceramic,the zirconia particles rystal structure in the region of the crack changes from the metastable tetragonal phase to the stable monoclinic phase.The change increases the volume of [&hellip;]<\/p>","protected":false},"author":1,"featured_media":0,"parent":0,"menu_order":0,"comment_status":"closed","ping_status":"closed","template":"","meta":{"ngg_post_thumbnail":0,"footnotes":""},"class_list":["post-45","page","type-page","status-publish","czr-hentry"],"aioseo_notices":[],"_links":{"self":[{"href":"https:\/\/zirconia-ceramics.com\/es\/wp-json\/wp\/v2\/pages\/45"}],"collection":[{"href":"https:\/\/zirconia-ceramics.com\/es\/wp-json\/wp\/v2\/pages"}],"about":[{"href":"https:\/\/zirconia-ceramics.com\/es\/wp-json\/wp\/v2\/types\/page"}],"author":[{"embeddable":true,"href":"https:\/\/zirconia-ceramics.com\/es\/wp-json\/wp\/v2\/users\/1"}],"replies":[{"embeddable":true,"href":"https:\/\/zirconia-ceramics.com\/es\/wp-json\/wp\/v2\/comments?post=45"}],"version-history":[{"count":6,"href":"https:\/\/zirconia-ceramics.com\/es\/wp-json\/wp\/v2\/pages\/45\/revisions"}],"predecessor-version":[{"id":53,"href":"https:\/\/zirconia-ceramics.com\/es\/wp-json\/wp\/v2\/pages\/45\/revisions\/53"}],"wp:attachment":[{"href":"https:\/\/zirconia-ceramics.com\/es\/wp-json\/wp\/v2\/media?parent=45"}],"curies":[{"name":"wp","href":"https:\/\/api.w.org\/{rel}","templated":true}]}}