{"id":55,"date":"2014-06-06T22:05:04","date_gmt":"2014-06-06T14:05:04","guid":{"rendered":"http:\/\/zirconia-ceramics.com\/?page_id=55"},"modified":"2014-06-07T10:22:18","modified_gmt":"2014-06-07T02:22:18","slug":"zro2-optical-fiber-tube","status":"publish","type":"page","link":"https:\/\/zirconia-ceramics.com\/es\/tubo-de-fibra-optica-zro2\/","title":{"rendered":"Tubo de fibra \u00f3ptica Zro2"},"content":{"rendered":"<p>Tubo de fibra \u00f3ptica de cer\u00e1mica de circonio<\/p>\n<p>Caracter\u00edsticas del producto:<br \/>\n1, los productos est\u00e1n utilizando la tecnolog\u00eda de producci\u00f3n avanzada, el material mec\u00e1nico<br \/>\nel rendimiento mejora considerablemente<br \/>\n2, para proteger el punto de conexi\u00f3n, mejorar la resistencia mec\u00e1nica<br \/>\n3, los productos son de alta precisi\u00f3n, larga vida \u00fatil<br \/>\n4, el tama\u00f1o del producto tiene buena consistencia, la calidad es la estabilidad<br \/>\n5, zro2 tubo de fibra \u00f3ptica de cer\u00e1mica son buena funci\u00f3n de resistente a la temperatura, buen rendimiento resistente a la humedad<\/p>\n<p>Aplicaci\u00f3n del tubo de fibra \u00f3ptica de cer\u00e1mica de circonio:Este producto es aplicable a la red de comunicaci\u00f3n de la red de transmisi\u00f3n de datos, la red de televisi\u00f3n por cable, se puede hacer de acuerdo a su requerimiento.<\/p>\n<p>material\uff1a zirconia<br \/>\nFuerza de inserci\u00f3n\uff1a 2,0N-6,0N<br \/>\nP\u00e9rdida de inserci\u00f3n\uff1a \uff1c0,2db<br \/>\nVida \u00fatil\uff1a \u22651000 veces<br \/>\nTemperatura de trabajo\uff1a (-40\u2103-+85\u2103)<\/p>\n<p><a href=\"http:\/\/zirconia-ceramics.com\/wp-content\/uploads\/2014\/06\/Zirconia-ceramic-optical-fiber-tube.jpg\"><img loading=\"lazy\" decoding=\"async\" class=\"alignnone size-medium wp-image-56\" alt=\"Tubo de fibra \u00f3ptica de cer\u00e1mica de circonio\" src=\"http:\/\/zirconia-ceramics.com\/wp-content\/uploads\/2014\/06\/Zirconia-ceramic-optical-fiber-tube-300x147.jpg\" width=\"300\" height=\"147\" srcset=\"https:\/\/zirconia-ceramics.com\/wp-content\/uploads\/2014\/06\/Zirconia-ceramic-optical-fiber-tube-300x147.jpg 300w, https:\/\/zirconia-ceramics.com\/wp-content\/uploads\/2014\/06\/Zirconia-ceramic-optical-fiber-tube.jpg 365w\" sizes=\"(max-width: 300px) 100vw, 300px\" \/><\/a><\/p>","protected":false},"excerpt":{"rendered":"<p>Zirconia ceramic optical fiber tube Product features: 1, products are using advanced production technology, the material mechanical performance is greatly improved 2, to protect the connection point, improve the mechanical strength 3, the products is high precision, long service life 4, the product size have good consistency, quality is stability 5, zro2 ceramic optical fiber [&hellip;]<\/p>","protected":false},"author":1,"featured_media":0,"parent":0,"menu_order":0,"comment_status":"closed","ping_status":"closed","template":"","meta":{"ngg_post_thumbnail":0,"footnotes":""},"class_list":["post-55","page","type-page","status-publish","czr-hentry"],"aioseo_notices":[],"_links":{"self":[{"href":"https:\/\/zirconia-ceramics.com\/es\/wp-json\/wp\/v2\/pages\/55"}],"collection":[{"href":"https:\/\/zirconia-ceramics.com\/es\/wp-json\/wp\/v2\/pages"}],"about":[{"href":"https:\/\/zirconia-ceramics.com\/es\/wp-json\/wp\/v2\/types\/page"}],"author":[{"embeddable":true,"href":"https:\/\/zirconia-ceramics.com\/es\/wp-json\/wp\/v2\/users\/1"}],"replies":[{"embeddable":true,"href":"https:\/\/zirconia-ceramics.com\/es\/wp-json\/wp\/v2\/comments?post=55"}],"version-history":[{"count":5,"href":"https:\/\/zirconia-ceramics.com\/es\/wp-json\/wp\/v2\/pages\/55\/revisions"}],"predecessor-version":[{"id":63,"href":"https:\/\/zirconia-ceramics.com\/es\/wp-json\/wp\/v2\/pages\/55\/revisions\/63"}],"wp:attachment":[{"href":"https:\/\/zirconia-ceramics.com\/es\/wp-json\/wp\/v2\/media?parent=55"}],"curies":[{"name":"wp","href":"https:\/\/api.w.org\/{rel}","templated":true}]}}