{"id":7,"date":"2013-12-11T12:55:39","date_gmt":"2013-12-11T04:55:39","guid":{"rendered":"http:\/\/zirconia-ceramics.com\/?page_id=7"},"modified":"2016-01-25T21:02:01","modified_gmt":"2016-01-25T13:02:01","slug":"zirconia-ceramic-solutions","status":"publish","type":"page","link":"https:\/\/zirconia-ceramics.com\/es\/","title":{"rendered":"Acerca de"},"content":{"rendered":"<div>\n<p>Estamos en Shanghai en China, especializada en el dise\u00f1o y suministro de cer\u00e1mica de circonio, tales como cer\u00e1mica de circonio de acuerdo a su requerimiento, ZTA (circonio endurecido de cer\u00e1mica que se hace por circonio y cer\u00e1mica de al\u00famina) y as\u00ed sucesivamente.le animamos a discutir su proyecto con nosotros temprano para evitar problemas dif\u00edciles later.we especificar los beneficios de cada material y discutir diversas t\u00e9cnicas de procesamiento que es adecuado para su producto. Usted nos dice su requisito, nos degsin y suministrar el mejor producto para usted. Sus comentarios son nuestro mayor apoyo. Le damos la bienvenida a su consulta, incluidos sus requisitos.<\/p>\n<p>El constante control de calidad durante la fabricaci\u00f3n de cer\u00e1mica de \u00f3xido de circonio es la garant\u00eda de la buena calidad y de la satisfacci\u00f3n de nuestros clientes. El cumplimiento de las especificaciones y los planos de nuestros clientes son la base de nuestro control de calidad. Utilizamos muchos medios y equipos para inspeccionar nuestras cer\u00e1micas de \u00f3xido de circonio. Tambi\u00e9n controlamos cada paso de la producci\u00f3n y almacenamos los datos de calidad con fines de trazabilidad. Nos complacer\u00e1 recibir su consulta, incluidos sus requisitos y comentarios.<\/p>\n<\/div>","protected":false},"excerpt":{"rendered":"<p>We are in shanghai in china,specializing in designing and supplying zirconia ceramic ,such as Zirconia Ceramic according to your requirement,ZTA(Zirconia toughened ceramic which is made by zirconia and alumina ceramic) and so on.We encourage you to discuss your project with us early to avoid difficult problems later.We will specify benefits of each material and discuss [&hellip;]<\/p>","protected":false},"author":1,"featured_media":0,"parent":0,"menu_order":0,"comment_status":"closed","ping_status":"open","template":"","meta":{"ngg_post_thumbnail":0,"footnotes":""},"class_list":["post-7","page","type-page","status-publish","czr-hentry"],"aioseo_notices":[],"_links":{"self":[{"href":"https:\/\/zirconia-ceramics.com\/es\/wp-json\/wp\/v2\/pages\/7"}],"collection":[{"href":"https:\/\/zirconia-ceramics.com\/es\/wp-json\/wp\/v2\/pages"}],"about":[{"href":"https:\/\/zirconia-ceramics.com\/es\/wp-json\/wp\/v2\/types\/page"}],"author":[{"embeddable":true,"href":"https:\/\/zirconia-ceramics.com\/es\/wp-json\/wp\/v2\/users\/1"}],"replies":[{"embeddable":true,"href":"https:\/\/zirconia-ceramics.com\/es\/wp-json\/wp\/v2\/comments?post=7"}],"version-history":[{"count":26,"href":"https:\/\/zirconia-ceramics.com\/es\/wp-json\/wp\/v2\/pages\/7\/revisions"}],"predecessor-version":[{"id":175,"href":"https:\/\/zirconia-ceramics.com\/es\/wp-json\/wp\/v2\/pages\/7\/revisions\/175"}],"wp:attachment":[{"href":"https:\/\/zirconia-ceramics.com\/es\/wp-json\/wp\/v2\/media?parent=7"}],"curies":[{"name":"wp","href":"https:\/\/api.w.org\/{rel}","templated":true}]}}