{"id":153,"date":"2015-10-04T19:53:48","date_gmt":"2015-10-04T11:53:48","guid":{"rendered":"http:\/\/zirconia-ceramics.com\/?page_id=153"},"modified":"2015-10-04T19:53:48","modified_gmt":"2015-10-04T11:53:48","slug":"zirconia-ceramic-watch","status":"publish","type":"page","link":"https:\/\/zirconia-ceramics.com\/es_cl\/reloj-de-ceramica-de-circonio\/","title":{"rendered":"reloj de cer\u00e1mica de circonio"},"content":{"rendered":"<p>Accesorios de cer\u00e1mica de circonio para relojes, como correa, bisel, esfera y caja. Tienen las siguientes caracter\u00edsticas.<\/p>\n<p><!--more--><\/p>\n<p>1. Dureza similar a la del diamante natural; m\u00e1s ligero que el metal; nunca se desgasta ni se rompe, nunca cambia de color.<br \/>\n2. Muy resistente al desgaste y a la oxidaci\u00f3n. Nunca se oxida, nunca cambia de color, nunca causa problemas en la piel.<br \/>\n3. Altamente aislado; no hay contaminaci\u00f3n de metal y chapado; reloj de cer\u00e1mica de \u00f3xido de circonio es el material ideal de protecci\u00f3n del medio ambiente .<br \/>\n4. \u00a1Color de alta densidad con sensaci\u00f3n de calidad \u00fanica!<br \/>\n5. Super alta dureza, atractivo y duradero, sin da\u00f1o a la piel, con brillo \u00fanico, elegante y excepcional.<br \/>\n6. Dise\u00f1o moderno y de moda traer\u00e1 a los clientes con precio competitivo para zro2 reloj de cer\u00e1mica.<\/p>\n<p><a href=\"http:\/\/zirconia-ceramics.com\/wp-content\/uploads\/2015\/10\/zirconia-ceramic-watch.jpg\"><img loading=\"lazy\" decoding=\"async\" class=\"alignnone size-medium wp-image-154\" src=\"http:\/\/zirconia-ceramics.com\/wp-content\/uploads\/2015\/10\/zirconia-ceramic-watch-294x300.jpg\" alt=\"reloj de cer\u00e1mica de circonio\" width=\"294\" height=\"300\" srcset=\"https:\/\/zirconia-ceramics.com\/wp-content\/uploads\/2015\/10\/zirconia-ceramic-watch-294x300.jpg 294w, https:\/\/zirconia-ceramics.com\/wp-content\/uploads\/2015\/10\/zirconia-ceramic-watch.jpg 500w\" sizes=\"(max-width: 294px) 100vw, 294px\" \/><\/a><\/p>\n<p>&nbsp;<\/p>","protected":false},"excerpt":{"rendered":"<p>Accesorios de cer\u00e1mica de circonio para relojes, como correa, bisel, esfera y caja. Tienen las siguientes caracter\u00edsticas.<\/p>","protected":false},"author":1,"featured_media":0,"parent":0,"menu_order":0,"comment_status":"closed","ping_status":"open","template":"","meta":{"ngg_post_thumbnail":0,"footnotes":""},"class_list":["post-153","page","type-page","status-publish","czr-hentry"],"aioseo_notices":[],"_links":{"self":[{"href":"https:\/\/zirconia-ceramics.com\/es_cl\/wp-json\/wp\/v2\/pages\/153"}],"collection":[{"href":"https:\/\/zirconia-ceramics.com\/es_cl\/wp-json\/wp\/v2\/pages"}],"about":[{"href":"https:\/\/zirconia-ceramics.com\/es_cl\/wp-json\/wp\/v2\/types\/page"}],"author":[{"embeddable":true,"href":"https:\/\/zirconia-ceramics.com\/es_cl\/wp-json\/wp\/v2\/users\/1"}],"replies":[{"embeddable":true,"href":"https:\/\/zirconia-ceramics.com\/es_cl\/wp-json\/wp\/v2\/comments?post=153"}],"version-history":[{"count":1,"href":"https:\/\/zirconia-ceramics.com\/es_cl\/wp-json\/wp\/v2\/pages\/153\/revisions"}],"predecessor-version":[{"id":155,"href":"https:\/\/zirconia-ceramics.com\/es_cl\/wp-json\/wp\/v2\/pages\/153\/revisions\/155"}],"wp:attachment":[{"href":"https:\/\/zirconia-ceramics.com\/es_cl\/wp-json\/wp\/v2\/media?parent=153"}],"curies":[{"name":"wp","href":"https:\/\/api.w.org\/{rel}","templated":true}]}}