{"id":162,"date":"2015-10-04T21:15:19","date_gmt":"2015-10-04T13:15:19","guid":{"rendered":"http:\/\/zirconia-ceramics.com\/?page_id=162"},"modified":"2015-10-04T21:15:19","modified_gmt":"2015-10-04T13:15:19","slug":"zirconia-ceramic-ornaments","status":"publish","type":"page","link":"https:\/\/zirconia-ceramics.com\/et\/tsirkooniumoksiidist-keraamilised-kaunistused\/","title":{"rendered":"tsirkooniumoksiidist keraamilised kaunistused"},"content":{"rendered":"<p>Me v\u00f5ime teha tsirkooniumoksiidist keraamilisi kaunistusi vastavalt teie n\u00f5udmisele.<\/p>\n<p>1. K\u00f5vadus l\u00e4hedal looduslikule teemandile, kergem kui metall, ei kanna kunagi, ei muuda kunagi v\u00e4rvi jne.<br \/>\n2. Kulumiskindel, oks\u00fcdatsioonikindel, ei roosteta kunagi, ei muuda kunagi v\u00e4rvi, ei p\u00f5hjusta nahaallergiat.<br \/>\n3. V\u00e4rvilised keraamilised aksessuaarid on suurep\u00e4rase mulje.<br \/>\n4. Zro2 keraamilised ehted on kunstilised, vastupidavad, suurep\u00e4rased.<\/p>\n<p><a href=\"http:\/\/zirconia-ceramics.com\/wp-content\/uploads\/2015\/10\/zirconia-ceramic-ornaments.jpg\"><img loading=\"lazy\" decoding=\"async\" class=\"alignnone size-medium wp-image-163\" src=\"http:\/\/zirconia-ceramics.com\/wp-content\/uploads\/2015\/10\/zirconia-ceramic-ornaments-300x232.jpg\" alt=\"tsirkooniumoksiidist keraamilised kaunistused\" width=\"300\" height=\"232\" srcset=\"https:\/\/zirconia-ceramics.com\/wp-content\/uploads\/2015\/10\/zirconia-ceramic-ornaments-300x232.jpg 300w, https:\/\/zirconia-ceramics.com\/wp-content\/uploads\/2015\/10\/zirconia-ceramic-ornaments-624x482.jpg 624w, https:\/\/zirconia-ceramics.com\/wp-content\/uploads\/2015\/10\/zirconia-ceramic-ornaments.jpg 735w\" sizes=\"(max-width: 300px) 100vw, 300px\" \/><\/a><\/p>\n<p>&nbsp;<\/p>","protected":false},"excerpt":{"rendered":"<p>We can make zirconia ceramic ornaments according to your requirement 1. Hardness close to natural diamond, lighter than the metal, never wear, never change the color and so on. 2. Wear resistant, oxidation resistant, never rust,\u00a0 never change color, will not lead the skin allergy. 3. Colored ceramic accessories has Excellent impression. 4. Zro2 ceramic [&hellip;]<\/p>","protected":false},"author":1,"featured_media":0,"parent":0,"menu_order":0,"comment_status":"closed","ping_status":"open","template":"","meta":{"ngg_post_thumbnail":0,"footnotes":""},"class_list":["post-162","page","type-page","status-publish","czr-hentry"],"aioseo_notices":[],"_links":{"self":[{"href":"https:\/\/zirconia-ceramics.com\/et\/wp-json\/wp\/v2\/pages\/162"}],"collection":[{"href":"https:\/\/zirconia-ceramics.com\/et\/wp-json\/wp\/v2\/pages"}],"about":[{"href":"https:\/\/zirconia-ceramics.com\/et\/wp-json\/wp\/v2\/types\/page"}],"author":[{"embeddable":true,"href":"https:\/\/zirconia-ceramics.com\/et\/wp-json\/wp\/v2\/users\/1"}],"replies":[{"embeddable":true,"href":"https:\/\/zirconia-ceramics.com\/et\/wp-json\/wp\/v2\/comments?post=162"}],"version-history":[{"count":1,"href":"https:\/\/zirconia-ceramics.com\/et\/wp-json\/wp\/v2\/pages\/162\/revisions"}],"predecessor-version":[{"id":164,"href":"https:\/\/zirconia-ceramics.com\/et\/wp-json\/wp\/v2\/pages\/162\/revisions\/164"}],"wp:attachment":[{"href":"https:\/\/zirconia-ceramics.com\/et\/wp-json\/wp\/v2\/media?parent=162"}],"curies":[{"name":"wp","href":"https:\/\/api.w.org\/{rel}","templated":true}]}}