{"id":55,"date":"2014-06-06T22:05:04","date_gmt":"2014-06-06T14:05:04","guid":{"rendered":"http:\/\/zirconia-ceramics.com\/?page_id=55"},"modified":"2014-06-07T10:22:18","modified_gmt":"2014-06-07T02:22:18","slug":"zro2-optical-fiber-tube","status":"publish","type":"page","link":"https:\/\/zirconia-ceramics.com\/et\/zro2-optiline-kiudoptiline-toru\/","title":{"rendered":"Zro2 optiline kiudoptiline toru"},"content":{"rendered":"<p>Tsirkooniumoksiidi keraamiline optiline kiudoptiline toru<\/p>\n<p>Toote omadused:<br \/>\n1, tooted kasutavad t\u00e4iustatud tootmistehnoloogiat, materjali mehaaniline<br \/>\nj\u00f5udlus on oluliselt paranenud<br \/>\n2, et kaitsta \u00fchenduspunkti, parandada mehaanilist tugevust<br \/>\n3, tooted on suure t\u00e4psusega, pikk kasutusiga<br \/>\n4, toote suurus on hea j\u00e4rjepidevus, kvaliteet on stabiilsus<br \/>\n5, zro2 keraamiline optiline kiudoptiline toru on hea funktsioon temperatuurikindel, hea niiskuskindel j\u00f5udlus<\/p>\n<p>Rakendus tsirkooniumoksiidist keraamilise optilise kiu toru:See toode on kohaldatav andmeedastusv\u00f5rgu sidev\u00f5rk, kaabeltelevisiooniv\u00f5rk, saab teha vastavalt teie n\u00f5udmistele.<\/p>\n<p>materjal: tsirkooniumoksiid<br \/>\nSisestusj\u00f5ud\uff1a 2.0N-6.0N<br \/>\nSisestuskadu\uff1a \uff1c0.2db<br \/>\nKasutusiga\uff1a \u22651000 korda<br \/>\nT\u00f6\u00f6temperatuur: (-40 \u2103-+85 \u2103)<\/p>\n<p><a href=\"http:\/\/zirconia-ceramics.com\/wp-content\/uploads\/2014\/06\/Zirconia-ceramic-optical-fiber-tube.jpg\"><img loading=\"lazy\" decoding=\"async\" class=\"alignnone size-medium wp-image-56\" alt=\"Tsirkooniumoksiidi keraamiline optiline kiudoptiline toru\" src=\"http:\/\/zirconia-ceramics.com\/wp-content\/uploads\/2014\/06\/Zirconia-ceramic-optical-fiber-tube-300x147.jpg\" width=\"300\" height=\"147\" srcset=\"https:\/\/zirconia-ceramics.com\/wp-content\/uploads\/2014\/06\/Zirconia-ceramic-optical-fiber-tube-300x147.jpg 300w, https:\/\/zirconia-ceramics.com\/wp-content\/uploads\/2014\/06\/Zirconia-ceramic-optical-fiber-tube.jpg 365w\" sizes=\"(max-width: 300px) 100vw, 300px\" \/><\/a><\/p>","protected":false},"excerpt":{"rendered":"<p>Zirconia ceramic optical fiber tube Product features: 1, products are using advanced production technology, the material mechanical performance is greatly improved 2, to protect the connection point, improve the mechanical strength 3, the products is high precision, long service life 4, the product size have good consistency, quality is stability 5, zro2 ceramic optical fiber [&hellip;]<\/p>","protected":false},"author":1,"featured_media":0,"parent":0,"menu_order":0,"comment_status":"closed","ping_status":"closed","template":"","meta":{"ngg_post_thumbnail":0,"footnotes":""},"class_list":["post-55","page","type-page","status-publish","czr-hentry"],"aioseo_notices":[],"_links":{"self":[{"href":"https:\/\/zirconia-ceramics.com\/et\/wp-json\/wp\/v2\/pages\/55"}],"collection":[{"href":"https:\/\/zirconia-ceramics.com\/et\/wp-json\/wp\/v2\/pages"}],"about":[{"href":"https:\/\/zirconia-ceramics.com\/et\/wp-json\/wp\/v2\/types\/page"}],"author":[{"embeddable":true,"href":"https:\/\/zirconia-ceramics.com\/et\/wp-json\/wp\/v2\/users\/1"}],"replies":[{"embeddable":true,"href":"https:\/\/zirconia-ceramics.com\/et\/wp-json\/wp\/v2\/comments?post=55"}],"version-history":[{"count":5,"href":"https:\/\/zirconia-ceramics.com\/et\/wp-json\/wp\/v2\/pages\/55\/revisions"}],"predecessor-version":[{"id":63,"href":"https:\/\/zirconia-ceramics.com\/et\/wp-json\/wp\/v2\/pages\/55\/revisions\/63"}],"wp:attachment":[{"href":"https:\/\/zirconia-ceramics.com\/et\/wp-json\/wp\/v2\/media?parent=55"}],"curies":[{"name":"wp","href":"https:\/\/api.w.org\/{rel}","templated":true}]}}