{"id":7,"date":"2013-12-11T12:55:39","date_gmt":"2013-12-11T04:55:39","guid":{"rendered":"http:\/\/zirconia-ceramics.com\/?page_id=7"},"modified":"2016-01-25T21:02:01","modified_gmt":"2016-01-25T13:02:01","slug":"zirconia-ceramic-solutions","status":"publish","type":"page","link":"https:\/\/zirconia-ceramics.com\/et\/","title":{"rendered":"kohta"},"content":{"rendered":"<div>\n<p>Me oleme shanghai Hiinas, spetsialiseerunud projekteerimine ja tarnimine tsirkooniumoksiidi keraamiline, nagu tsirkooniumoksiidi keraamiline vastavalt teie n\u00f5udmistele, ZTA (Zirkooniumoksiidi karastatud keraamiline, mis on valmistatud tsirkooniumoksiidi ja alumiiniumoksiidi keraamiline) ja nii on.We julgustada teid arutada oma projekti meiega varakult, et v\u00e4ltida raske problems later.We t\u00e4psustada kasu iga materjali ja arutada erinevaid t\u00f6\u00f6tlemise tehnikaid, mis sobib teie toode. Te \u00fctlete meile oma n\u00f5uet, me degsin ja pakkuda parimat toodet teile. Teie mis tahes kommentaarid on meie jaoks k\u00f5ige rohkem toetust. Parandamine ei l\u00f5pe kunagi. teretulnud oma p\u00e4ringu, sealhulgas n\u00f5ue!<\/p>\n<p>Pidev kvaliteedikontroll tsirkooniumoksiidkeraamika valmistamise ajal on garantii hea kvaliteedi ja meie kliendi rahulolu kohta. Meie kvaliteedikontrolli aluseks on meie klientide spetsifikatsioonide ja jooniste t\u00e4itmine. Me kasutame mitmeid viise ja seadmeid, et kontrollida meie tsirkooniumoksiidi keraamikat. Samuti kontrollime iga sammu producing.We salvestada kvaliteedi andmed j\u00e4lgitavuse eesm\u00e4rgil. Tere tulemast teie p\u00e4ringule, sealhulgas n\u00f5uetele ja kommentaaridele!<\/p>\n<\/div>","protected":false},"excerpt":{"rendered":"<p>We are in shanghai in china,specializing in designing and supplying zirconia ceramic ,such as Zirconia Ceramic according to your requirement,ZTA(Zirconia toughened ceramic which is made by zirconia and alumina ceramic) and so on.We encourage you to discuss your project with us early to avoid difficult problems later.We will specify benefits of each material and discuss [&hellip;]<\/p>","protected":false},"author":1,"featured_media":0,"parent":0,"menu_order":0,"comment_status":"closed","ping_status":"open","template":"","meta":{"ngg_post_thumbnail":0,"footnotes":""},"class_list":["post-7","page","type-page","status-publish","czr-hentry"],"aioseo_notices":[],"_links":{"self":[{"href":"https:\/\/zirconia-ceramics.com\/et\/wp-json\/wp\/v2\/pages\/7"}],"collection":[{"href":"https:\/\/zirconia-ceramics.com\/et\/wp-json\/wp\/v2\/pages"}],"about":[{"href":"https:\/\/zirconia-ceramics.com\/et\/wp-json\/wp\/v2\/types\/page"}],"author":[{"embeddable":true,"href":"https:\/\/zirconia-ceramics.com\/et\/wp-json\/wp\/v2\/users\/1"}],"replies":[{"embeddable":true,"href":"https:\/\/zirconia-ceramics.com\/et\/wp-json\/wp\/v2\/comments?post=7"}],"version-history":[{"count":26,"href":"https:\/\/zirconia-ceramics.com\/et\/wp-json\/wp\/v2\/pages\/7\/revisions"}],"predecessor-version":[{"id":175,"href":"https:\/\/zirconia-ceramics.com\/et\/wp-json\/wp\/v2\/pages\/7\/revisions\/175"}],"wp:attachment":[{"href":"https:\/\/zirconia-ceramics.com\/et\/wp-json\/wp\/v2\/media?parent=7"}],"curies":[{"name":"wp","href":"https:\/\/api.w.org\/{rel}","templated":true}]}}