{"id":162,"date":"2015-10-04T21:15:19","date_gmt":"2015-10-04T13:15:19","guid":{"rendered":"http:\/\/zirconia-ceramics.com\/?page_id=162"},"modified":"2015-10-04T21:15:19","modified_gmt":"2015-10-04T13:15:19","slug":"zirconia-ceramic-ornaments","status":"publish","type":"page","link":"https:\/\/zirconia-ceramics.com\/fi\/zirkonia-keraamiset-koristeet\/","title":{"rendered":"zirkonia keraamiset koristeet"},"content":{"rendered":"<p>Voimme tehd\u00e4 zirkonia keraamiset koristeet vaatimuksesi mukaan.<\/p>\n<p>1. Kovuus l\u00e4hell\u00e4 luonnollista timanttia, kevyempi kuin metalli, ei koskaan kulu, ei koskaan muuta v\u00e4ri\u00e4 ja niin edelleen.<br \/>\n2. Kulutusta kest\u00e4v\u00e4, hapettumisen kest\u00e4v\u00e4, ei koskaan ruostu, ei koskaan muuta v\u00e4ri\u00e4, ei aiheuta ihoallergiaa.<br \/>\n3. V\u00e4rilliset keraamiset lis\u00e4varusteet tekev\u00e4t erinomaisen vaikutelman.<br \/>\n4. Zro2 keraamiset korut on taiteellinen, kest\u00e4v\u00e4, upea.<\/p>\n<p><a href=\"http:\/\/zirconia-ceramics.com\/wp-content\/uploads\/2015\/10\/zirconia-ceramic-ornaments.jpg\"><img loading=\"lazy\" decoding=\"async\" class=\"alignnone size-medium wp-image-163\" src=\"http:\/\/zirconia-ceramics.com\/wp-content\/uploads\/2015\/10\/zirconia-ceramic-ornaments-300x232.jpg\" alt=\"zirkonia keraamiset koristeet\" width=\"300\" height=\"232\" srcset=\"https:\/\/zirconia-ceramics.com\/wp-content\/uploads\/2015\/10\/zirconia-ceramic-ornaments-300x232.jpg 300w, https:\/\/zirconia-ceramics.com\/wp-content\/uploads\/2015\/10\/zirconia-ceramic-ornaments-624x482.jpg 624w, https:\/\/zirconia-ceramics.com\/wp-content\/uploads\/2015\/10\/zirconia-ceramic-ornaments.jpg 735w\" sizes=\"(max-width: 300px) 100vw, 300px\" \/><\/a><\/p>\n<p>&nbsp;<\/p>","protected":false},"excerpt":{"rendered":"<p>Voimme tehd\u00e4 zirkonia keraamiset koristeet vaatimuksesi mukaan 1. Kovuus l\u00e4hell\u00e4 luonnollista timanttia, kevyempi kuin metalli, ei koskaan kulu, ei koskaan muuta v\u00e4ri\u00e4 ja niin edelleen. 2. Kulutusta kest\u00e4v\u00e4, hapettumisen kest\u00e4v\u00e4, ei koskaan ruostu, ei koskaan muuta v\u00e4ri\u00e4, ei johda ihoallergiaan. 3. V\u00e4rillisill\u00e4 keraamisilla tarvikkeilla on erinomainen vaikutelma. 4. Zro2-keraaminen [...]<\/p>","protected":false},"author":1,"featured_media":0,"parent":0,"menu_order":0,"comment_status":"closed","ping_status":"open","template":"","meta":{"ngg_post_thumbnail":0,"footnotes":""},"class_list":["post-162","page","type-page","status-publish","czr-hentry"],"aioseo_notices":[],"_links":{"self":[{"href":"https:\/\/zirconia-ceramics.com\/fi\/wp-json\/wp\/v2\/pages\/162"}],"collection":[{"href":"https:\/\/zirconia-ceramics.com\/fi\/wp-json\/wp\/v2\/pages"}],"about":[{"href":"https:\/\/zirconia-ceramics.com\/fi\/wp-json\/wp\/v2\/types\/page"}],"author":[{"embeddable":true,"href":"https:\/\/zirconia-ceramics.com\/fi\/wp-json\/wp\/v2\/users\/1"}],"replies":[{"embeddable":true,"href":"https:\/\/zirconia-ceramics.com\/fi\/wp-json\/wp\/v2\/comments?post=162"}],"version-history":[{"count":1,"href":"https:\/\/zirconia-ceramics.com\/fi\/wp-json\/wp\/v2\/pages\/162\/revisions"}],"predecessor-version":[{"id":164,"href":"https:\/\/zirconia-ceramics.com\/fi\/wp-json\/wp\/v2\/pages\/162\/revisions\/164"}],"wp:attachment":[{"href":"https:\/\/zirconia-ceramics.com\/fi\/wp-json\/wp\/v2\/media?parent=162"}],"curies":[{"name":"wp","href":"https:\/\/api.w.org\/{rel}","templated":true}]}}