{"id":45,"date":"2014-06-06T13:29:21","date_gmt":"2014-06-06T05:29:21","guid":{"rendered":"http:\/\/zirconia-ceramics.com\/?page_id=45"},"modified":"2014-06-06T13:46:03","modified_gmt":"2014-06-06T05:46:03","slug":"zro2-toughened-ceramic","status":"publish","type":"page","link":"https:\/\/zirconia-ceramics.com\/fi\/zro2-karkaistu-keraaminen\/","title":{"rendered":"Zro2 karkaistu keraaminen"},"content":{"rendered":"<p>Zirkonia Toughened Alumina (ZTA) keraamiset osoittavat huomattavaa parannusta lujuus ja sitkeys verrattuna alumiinioksidikeramiikka.Tyypillinen sis\u00e4lt\u00f6 on 10% 20% zirkonia. Kun s\u00e4r\u00f6 kasvaa keramiikan l\u00e4pi, s\u00e4r\u00f6n alueella olevien zirkoniumoksidihiukkasten kristallirakenne muuttuu metastabiilista tetragonaalisesta faasista vakaaseen monokliiniseen faasiin. muutos kasvattaa hiukkasten tilavuutta noin 3-4%:ll\u00e4 ja aiheuttaa puristusj\u00e4nnityksi\u00e4 alumiinioksidimatriisiin. N\u00e4m\u00e4 j\u00e4nnitykset puolestaan sulkevat s\u00e4r\u00f6n ja toimivat energiaesteen\u00e4 s\u00e4r\u00f6n jatkokasvulle. Zirkoniumoksidin lis\u00e4\u00e4minen alumiinioksidimatriisiin lis\u00e4\u00e4 murtumissitkeytt\u00e4 kaksi kertaa ja voi parantua jopa nelinkertaiseksi, kun taas lujuus yli kaksinkertaistuu.Zro2-karkaistut keraamiset komponentit ovat kalliimpia kuin alfa-alumiinasta valmistetut. Ne ovat kuitenkin kustannustehokkaita ratkaisuja vaativiin ymp\u00e4rist\u00f6ihin, koska komponenttien k\u00e4ytt\u00f6ik\u00e4 ja suorituskyky ovat lis\u00e4\u00e4ntyneet.<\/p>\n<p>voimme my\u00f6s tehd\u00e4 ZTA-keraamisia (Zirkonia karkaistu alumiinioksidipohjainen keramiikka) vaatimuksesi mukaan.<\/p>\n<p>Alla on kuva ZTA keraaminen vuori kulutusta kest\u00e4v\u00e4, joka sis\u00e4lt\u00e4\u00e4 noin 20% zirkonia ja 80% alumina.The koko on 150 * 100 * 50mm<\/p>\n<p><a href=\"http:\/\/zirconia-ceramics.com\/wp-content\/uploads\/2014\/06\/Zirconia-toughened-ceramic.jpg\"><img loading=\"lazy\" decoding=\"async\" class=\"alignnone size-medium wp-image-46\" alt=\"Zirkonia karkaistu keraaminen\" src=\"http:\/\/zirconia-ceramics.com\/wp-content\/uploads\/2014\/06\/Zirconia-toughened-ceramic-300x225.jpg\" width=\"300\" height=\"225\" srcset=\"https:\/\/zirconia-ceramics.com\/wp-content\/uploads\/2014\/06\/Zirconia-toughened-ceramic-300x225.jpg 300w, https:\/\/zirconia-ceramics.com\/wp-content\/uploads\/2014\/06\/Zirconia-toughened-ceramic-624x468.jpg 624w, https:\/\/zirconia-ceramics.com\/wp-content\/uploads\/2014\/06\/Zirconia-toughened-ceramic.jpg 800w\" sizes=\"(max-width: 300px) 100vw, 300px\" \/><\/a><\/p>","protected":false},"excerpt":{"rendered":"<p>Zirkonia Toughened Alumina (ZTA) keraamiset osoittavat huomattavaa parannusta lujuus ja sitkeys verrattuna alumiinioksidikeramiikka.Tyypillinen sis\u00e4lt\u00f6 on 10% 20% zirkonia. Kun s\u00e4r\u00f6 kasvaa keraamisen aineen l\u00e4pi, s\u00e4r\u00f6n alueella olevien zirkoniumoksidihiukkasten kristallirakenne muuttuu metastabiilista tetragonaalisesta faasista stabiiliin monokliiniseen faasiin.<\/p>","protected":false},"author":1,"featured_media":0,"parent":0,"menu_order":0,"comment_status":"closed","ping_status":"closed","template":"","meta":{"ngg_post_thumbnail":0,"footnotes":""},"class_list":["post-45","page","type-page","status-publish","czr-hentry"],"aioseo_notices":[],"_links":{"self":[{"href":"https:\/\/zirconia-ceramics.com\/fi\/wp-json\/wp\/v2\/pages\/45"}],"collection":[{"href":"https:\/\/zirconia-ceramics.com\/fi\/wp-json\/wp\/v2\/pages"}],"about":[{"href":"https:\/\/zirconia-ceramics.com\/fi\/wp-json\/wp\/v2\/types\/page"}],"author":[{"embeddable":true,"href":"https:\/\/zirconia-ceramics.com\/fi\/wp-json\/wp\/v2\/users\/1"}],"replies":[{"embeddable":true,"href":"https:\/\/zirconia-ceramics.com\/fi\/wp-json\/wp\/v2\/comments?post=45"}],"version-history":[{"count":6,"href":"https:\/\/zirconia-ceramics.com\/fi\/wp-json\/wp\/v2\/pages\/45\/revisions"}],"predecessor-version":[{"id":53,"href":"https:\/\/zirconia-ceramics.com\/fi\/wp-json\/wp\/v2\/pages\/45\/revisions\/53"}],"wp:attachment":[{"href":"https:\/\/zirconia-ceramics.com\/fi\/wp-json\/wp\/v2\/media?parent=45"}],"curies":[{"name":"wp","href":"https:\/\/api.w.org\/{rel}","templated":true}]}}