{"id":55,"date":"2014-06-06T22:05:04","date_gmt":"2014-06-06T14:05:04","guid":{"rendered":"http:\/\/zirconia-ceramics.com\/?page_id=55"},"modified":"2014-06-07T10:22:18","modified_gmt":"2014-06-07T02:22:18","slug":"zro2-optical-fiber-tube","status":"publish","type":"page","link":"https:\/\/zirconia-ceramics.com\/fi\/zro2-optinen-kuituputki\/","title":{"rendered":"Zro2 optinen kuituputki"},"content":{"rendered":"<p>Zirkonia keraaminen optinen kuituputki<\/p>\n<p>Tuotteen ominaisuudet:<br \/>\n1, tuotteet k\u00e4ytt\u00e4v\u00e4t kehittynytt\u00e4 tuotantotekniikkaa, materiaalin mekaaninen<br \/>\nsuorituskyky paranee huomattavasti<br \/>\n2, suojata liitoskohta, parantaa mekaanista lujuutta<br \/>\n3, tuotteet ovat eritt\u00e4in tarkkoja, pitk\u00e4 k\u00e4ytt\u00f6ik\u00e4<br \/>\n4, tuotteen koko on hyv\u00e4 johdonmukaisuus, laatu on vakaa<br \/>\n5, zro2 keraaminen optinen kuituputki ovat hyv\u00e4 toiminto l\u00e4mp\u00f6tilan kest\u00e4v\u00e4, hyv\u00e4 kosteutta kest\u00e4v\u00e4 suorituskyky<\/p>\n<p>Sovellus Zirkonia keraaminen optinen kuituputki:T\u00e4m\u00e4 tuote on sovellettavissa tiedonsiirtoverkon viestint\u00e4verkko, kaapeli-tv-verkko, voidaan tehd\u00e4 vaatimuksen mukaan.<\/p>\n<p>materiaali\uff1a zirkonia<br \/>\nTy\u00f6nt\u00f6voima\uff1a 2.0N-6.0N<br \/>\nInsertion loss\uff1a \uff1c0.2db<br \/>\nK\u00e4ytt\u00f6ik\u00e4\uff1a \u22651000 kertaa<br \/>\nK\u00e4ytt\u00f6l\u00e4mp\u00f6tila\uff1a (-40 \u2103-+85 \u2103)<\/p>\n<p><a href=\"http:\/\/zirconia-ceramics.com\/wp-content\/uploads\/2014\/06\/Zirconia-ceramic-optical-fiber-tube.jpg\"><img loading=\"lazy\" decoding=\"async\" class=\"alignnone size-medium wp-image-56\" alt=\"Zirkonia keraaminen optinen kuituputki\" src=\"http:\/\/zirconia-ceramics.com\/wp-content\/uploads\/2014\/06\/Zirconia-ceramic-optical-fiber-tube-300x147.jpg\" width=\"300\" height=\"147\" srcset=\"https:\/\/zirconia-ceramics.com\/wp-content\/uploads\/2014\/06\/Zirconia-ceramic-optical-fiber-tube-300x147.jpg 300w, https:\/\/zirconia-ceramics.com\/wp-content\/uploads\/2014\/06\/Zirconia-ceramic-optical-fiber-tube.jpg 365w\" sizes=\"(max-width: 300px) 100vw, 300px\" \/><\/a><\/p>","protected":false},"excerpt":{"rendered":"<p>Zirkonia keraaminen optinen kuituputki Tuotteen ominaisuudet: 1, tuotteet k\u00e4ytt\u00e4v\u00e4t kehittynytt\u00e4 tuotantotekniikkaa, materiaalin mekaaninen suorituskyky paranee huomattavasti 2, suojata liit\u00e4nt\u00e4piste, parantaa mekaanista lujuutta 3, tuotteet on korkea tarkkuus, pitk\u00e4 k\u00e4ytt\u00f6ik\u00e4 4, tuotteen koko on hyv\u00e4 johdonmukaisuus, laatu on vakaus 5, zro2 keraaminen optinen kuitu [...]<\/p>","protected":false},"author":1,"featured_media":0,"parent":0,"menu_order":0,"comment_status":"closed","ping_status":"closed","template":"","meta":{"ngg_post_thumbnail":0,"footnotes":""},"class_list":["post-55","page","type-page","status-publish","czr-hentry"],"aioseo_notices":[],"_links":{"self":[{"href":"https:\/\/zirconia-ceramics.com\/fi\/wp-json\/wp\/v2\/pages\/55"}],"collection":[{"href":"https:\/\/zirconia-ceramics.com\/fi\/wp-json\/wp\/v2\/pages"}],"about":[{"href":"https:\/\/zirconia-ceramics.com\/fi\/wp-json\/wp\/v2\/types\/page"}],"author":[{"embeddable":true,"href":"https:\/\/zirconia-ceramics.com\/fi\/wp-json\/wp\/v2\/users\/1"}],"replies":[{"embeddable":true,"href":"https:\/\/zirconia-ceramics.com\/fi\/wp-json\/wp\/v2\/comments?post=55"}],"version-history":[{"count":5,"href":"https:\/\/zirconia-ceramics.com\/fi\/wp-json\/wp\/v2\/pages\/55\/revisions"}],"predecessor-version":[{"id":63,"href":"https:\/\/zirconia-ceramics.com\/fi\/wp-json\/wp\/v2\/pages\/55\/revisions\/63"}],"wp:attachment":[{"href":"https:\/\/zirconia-ceramics.com\/fi\/wp-json\/wp\/v2\/media?parent=55"}],"curies":[{"name":"wp","href":"https:\/\/api.w.org\/{rel}","templated":true}]}}