{"id":45,"date":"2014-06-06T13:29:21","date_gmt":"2014-06-06T05:29:21","guid":{"rendered":"http:\/\/zirconia-ceramics.com\/?page_id=45"},"modified":"2014-06-06T13:46:03","modified_gmt":"2014-06-06T05:46:03","slug":"zro2-toughened-ceramic","status":"publish","type":"page","link":"https:\/\/zirconia-ceramics.com\/fr_fr\/ceramique-trempee-zro2\/","title":{"rendered":"C\u00e9ramique tremp\u00e9e Zro2"},"content":{"rendered":"<p>La c\u00e9ramique d'alumine durcie \u00e0 la zircone (ZTA) pr\u00e9sente une am\u00e9lioration consid\u00e9rable de la r\u00e9sistance et de la t\u00e9nacit\u00e9 par rapport aux c\u00e9ramiques d'alumine, avec une teneur typique en zircone de 10% \u00e0 20%. Lorsqu'une fissure se d\u00e9veloppe \u00e0 travers la c\u00e9ramique, la structure cristalline des particules de zircone dans la r\u00e9gion de la fissure passe de la phase t\u00e9tragonale m\u00e9tastable \u00e0 la phase monoclinique stable. Ce changement augmente le volume des particules d'environ 3-4% et produit des contraintes de compression dans la matrice d'alumine. Ces contraintes ferment \u00e0 leur tour la fissure et agissent comme une barri\u00e8re \u00e9nerg\u00e9tique \u00e0 la poursuite de la croissance de la fissure. L'ajout de zircone \u00e0 la matrice d'alumine augmente la r\u00e9sistance \u00e0 la rupture de deux fois et peut \u00eatre am\u00e9lior\u00e9e jusqu'\u00e0 quatre fois, tandis que la r\u00e9sistance est plus que doubl\u00e9e.Les composants en c\u00e9ramique tremp\u00e9e Zro2 sont plus chers que ceux en alumine alpha. Cependant, ils offrent des solutions rentables pour les environnements exigeants en raison de l'augmentation de la dur\u00e9e de vie et des performances des composants.<\/p>\n<p>Nous pouvons \u00e9galement fabriquer de la c\u00e9ramique ZTA (c\u00e9ramique \u00e0 base d'alumine tremp\u00e9e dans la zircone) selon vos besoins.<\/p>\n<p>Ci-dessous se trouve la photo du rev\u00eatement c\u00e9ramique ZTA pour la r\u00e9sistance \u00e0 l'usure qui contient de la zircone 20% et de l'alumine 80%. La taille est de 150*100*50mm.<\/p>\n<p><a href=\"http:\/\/zirconia-ceramics.com\/wp-content\/uploads\/2014\/06\/Zirconia-toughened-ceramic.jpg\"><img loading=\"lazy\" decoding=\"async\" class=\"alignnone size-medium wp-image-46\" alt=\"C\u00e9ramique durcie \u00e0 la zircone\" src=\"http:\/\/zirconia-ceramics.com\/wp-content\/uploads\/2014\/06\/Zirconia-toughened-ceramic-300x225.jpg\" width=\"300\" height=\"225\" srcset=\"https:\/\/zirconia-ceramics.com\/wp-content\/uploads\/2014\/06\/Zirconia-toughened-ceramic-300x225.jpg 300w, https:\/\/zirconia-ceramics.com\/wp-content\/uploads\/2014\/06\/Zirconia-toughened-ceramic-624x468.jpg 624w, https:\/\/zirconia-ceramics.com\/wp-content\/uploads\/2014\/06\/Zirconia-toughened-ceramic.jpg 800w\" sizes=\"(max-width: 300px) 100vw, 300px\" \/><\/a><\/p>","protected":false},"excerpt":{"rendered":"<p>Zirconia Toughened Alumina (ZTA) ceramic show considerable improvement in strength and toughness over alumina ceramics.Typical content is from 10% to 20% zirconia. When a crack grows through the ceramic,the zirconia particles rystal structure in the region of the crack changes from the metastable tetragonal phase to the stable monoclinic phase.The change increases the volume of [&hellip;]<\/p>","protected":false},"author":1,"featured_media":0,"parent":0,"menu_order":0,"comment_status":"closed","ping_status":"closed","template":"","meta":{"ngg_post_thumbnail":0,"footnotes":""},"class_list":["post-45","page","type-page","status-publish","czr-hentry"],"aioseo_notices":[],"_links":{"self":[{"href":"https:\/\/zirconia-ceramics.com\/fr_fr\/wp-json\/wp\/v2\/pages\/45"}],"collection":[{"href":"https:\/\/zirconia-ceramics.com\/fr_fr\/wp-json\/wp\/v2\/pages"}],"about":[{"href":"https:\/\/zirconia-ceramics.com\/fr_fr\/wp-json\/wp\/v2\/types\/page"}],"author":[{"embeddable":true,"href":"https:\/\/zirconia-ceramics.com\/fr_fr\/wp-json\/wp\/v2\/users\/1"}],"replies":[{"embeddable":true,"href":"https:\/\/zirconia-ceramics.com\/fr_fr\/wp-json\/wp\/v2\/comments?post=45"}],"version-history":[{"count":6,"href":"https:\/\/zirconia-ceramics.com\/fr_fr\/wp-json\/wp\/v2\/pages\/45\/revisions"}],"predecessor-version":[{"id":53,"href":"https:\/\/zirconia-ceramics.com\/fr_fr\/wp-json\/wp\/v2\/pages\/45\/revisions\/53"}],"wp:attachment":[{"href":"https:\/\/zirconia-ceramics.com\/fr_fr\/wp-json\/wp\/v2\/media?parent=45"}],"curies":[{"name":"wp","href":"https:\/\/api.w.org\/{rel}","templated":true}]}}