{"id":7,"date":"2013-12-11T12:55:39","date_gmt":"2013-12-11T04:55:39","guid":{"rendered":"http:\/\/zirconia-ceramics.com\/?page_id=7"},"modified":"2016-01-25T21:02:01","modified_gmt":"2016-01-25T13:02:01","slug":"zirconia-ceramic-solutions","status":"publish","type":"page","link":"https:\/\/zirconia-ceramics.com\/fr_fr\/","title":{"rendered":"A propos de"},"content":{"rendered":"<div>\n<p>Nous sommes situ\u00e9s \u00e0 Shanghai, en Chine, et sommes sp\u00e9cialis\u00e9s dans la conception et la fourniture de c\u00e9ramique de zircone, telle que la c\u00e9ramique de zircone selon vos besoins, la ZTA (c\u00e9ramique de zircone tremp\u00e9e qui est fabriqu\u00e9e \u00e0 partir de zircone et de c\u00e9ramique d'alumine) et ainsi de suite.Nous vous encourageons \u00e0 discuter de votre projet avec nous d\u00e8s le d\u00e9but afin d'\u00e9viter des probl\u00e8mes difficiles plus tard.Nous pr\u00e9ciserons les avantages de chaque mat\u00e9riau et discuterons des diff\u00e9rentes techniques de traitement qui conviennent \u00e0 votre produit. Nous pr\u00e9ciserons les avantages de chaque mat\u00e9riau et discuterons des diff\u00e9rentes techniques de traitement qui conviennent \u00e0 votre produit. Vous nous faites part de vos besoins, nous d\u00e9graissons et nous vous fournissons le meilleur produit. Vos commentaires nous sont d'une aide pr\u00e9cieuse. Nous vous invitons \u00e0 nous faire part de vos demandes et de vos exigences.<\/p>\n<p>Le contr\u00f4le constant de la qualit\u00e9 pendant la fabrication de la c\u00e9ramique d'oxyde de zirconium est la garantie d'une bonne qualit\u00e9 et de la satisfaction de nos clients. Le respect des sp\u00e9cifications et des dessins de nos clients constitue la base de notre contr\u00f4le de la qualit\u00e9. Nous utilisons de nombreux moyens et \u00e9quipements pour inspecter nos c\u00e9ramiques d'oxyde de zirconium. Nous contr\u00f4lons \u00e9galement chaque \u00e9tape de la production et nous conservons les donn\u00e9es de qualit\u00e9 \u00e0 des fins de tra\u00e7abilit\u00e9. Nous sommes heureux de recevoir votre demande, y compris vos exigences et vos commentaires !<\/p>\n<\/div>","protected":false},"excerpt":{"rendered":"<p>Nous sommes situ\u00e9s \u00e0 Shanghai en Chine et sommes sp\u00e9cialis\u00e9s dans la conception et la fourniture de c\u00e9ramique de zircone, telle que la c\u00e9ramique de zircone selon vos besoins, la ZTA (c\u00e9ramique de zircone tremp\u00e9e qui est faite de zircone et de c\u00e9ramique d'alumine) et ainsi de suite.Nous vous encourageons \u00e0 discuter de votre projet avec nous d\u00e8s le d\u00e9but pour \u00e9viter les probl\u00e8mes difficiles plus tard.Nous pr\u00e9ciserons les avantages de chaque mat\u00e9riau et discuterons [...]<\/p>","protected":false},"author":1,"featured_media":0,"parent":0,"menu_order":0,"comment_status":"closed","ping_status":"open","template":"","meta":{"ngg_post_thumbnail":0,"footnotes":""},"class_list":["post-7","page","type-page","status-publish","czr-hentry"],"aioseo_notices":[],"_links":{"self":[{"href":"https:\/\/zirconia-ceramics.com\/fr_fr\/wp-json\/wp\/v2\/pages\/7"}],"collection":[{"href":"https:\/\/zirconia-ceramics.com\/fr_fr\/wp-json\/wp\/v2\/pages"}],"about":[{"href":"https:\/\/zirconia-ceramics.com\/fr_fr\/wp-json\/wp\/v2\/types\/page"}],"author":[{"embeddable":true,"href":"https:\/\/zirconia-ceramics.com\/fr_fr\/wp-json\/wp\/v2\/users\/1"}],"replies":[{"embeddable":true,"href":"https:\/\/zirconia-ceramics.com\/fr_fr\/wp-json\/wp\/v2\/comments?post=7"}],"version-history":[{"count":26,"href":"https:\/\/zirconia-ceramics.com\/fr_fr\/wp-json\/wp\/v2\/pages\/7\/revisions"}],"predecessor-version":[{"id":175,"href":"https:\/\/zirconia-ceramics.com\/fr_fr\/wp-json\/wp\/v2\/pages\/7\/revisions\/175"}],"wp:attachment":[{"href":"https:\/\/zirconia-ceramics.com\/fr_fr\/wp-json\/wp\/v2\/media?parent=7"}],"curies":[{"name":"wp","href":"https:\/\/api.w.org\/{rel}","templated":true}]}}