{"id":153,"date":"2015-10-04T19:53:48","date_gmt":"2015-10-04T11:53:48","guid":{"rendered":"http:\/\/zirconia-ceramics.com\/?page_id=153"},"modified":"2015-10-04T19:53:48","modified_gmt":"2015-10-04T11:53:48","slug":"zirconia-ceramic-watch","status":"publish","type":"page","link":"https:\/\/zirconia-ceramics.com\/hu\/cirkonia-keramia-ora\/","title":{"rendered":"cirk\u00f3nia ker\u00e1mia \u00f3ra"},"content":{"rendered":"<p>Cirk\u00f3nia ker\u00e1mia \u00f3ra tartoz\u00e9kok, mint p\u00e9ld\u00e1ul \u00f3ra szalag, l\u00fcnetta, sz\u00e1mlap \u00e9s \u00f3rah\u00e1z. A k\u00f6vetkez\u0151 jellemz\u0151kkel rendelkeznek.<\/p>\n<p><!--more--><\/p>\n<p>1. Kem\u00e9nys\u00e9ge megk\u00f6zel\u00edti a term\u00e9szet gy\u00e9m\u00e1ntj\u00e1t; k\u00f6nnyebb, mint a f\u00e9m; soha nem kopik \u00e9s nem szakad, soha nem v\u00e1ltoztatja meg a sz\u00edn\u00e9t.<br \/>\n2. Nagym\u00e9rt\u00e9kben kop\u00e1s- \u00e9s oxid\u00e1ci\u00f3\u00e1ll\u00f3. Soha nem rozsd\u00e1sodik, soha nem v\u00e1ltozik a sz\u00edne, soha nem okoz b\u0151rprobl\u00e9m\u00e1t.<br \/>\n3. Nagym\u00e9rt\u00e9kben szigetelt; nincs f\u00e9m- \u00e9s galvaniz\u00e1l\u00f3 szennyez\u00e9s; cirk\u00f3nium-oxid ker\u00e1mia\u00f3ra az ide\u00e1lis k\u00f6rnyezetv\u00e9delmi anyag.<br \/>\n4. Nagy s\u0171r\u0171s\u00e9g\u0171 sz\u00edn egyedi min\u0151s\u00e9gi \u00e9rz\u00e9ssel!<br \/>\n5. Szuper nagy kem\u00e9nys\u00e9g\u0171, vonz\u00f3 \u00e9s tart\u00f3s, nem k\u00e1ros\u00edtja a b\u0151rt, egyed\u00fcl\u00e1ll\u00f3 csillog\u00e1ssal, eleg\u00e1ns \u00e9s kiemelked\u0151.<br \/>\n6. A modern \u00e9s divatos design versenyk\u00e9pes \u00e1rat biztos\u00edt a zro2 ker\u00e1mia\u00f3ra sz\u00e1m\u00e1ra.<\/p>\n<p><a href=\"http:\/\/zirconia-ceramics.com\/wp-content\/uploads\/2015\/10\/zirconia-ceramic-watch.jpg\"><img loading=\"lazy\" decoding=\"async\" class=\"alignnone size-medium wp-image-154\" src=\"http:\/\/zirconia-ceramics.com\/wp-content\/uploads\/2015\/10\/zirconia-ceramic-watch-294x300.jpg\" alt=\"cirk\u00f3nia ker\u00e1mia \u00f3ra\" width=\"294\" height=\"300\" srcset=\"https:\/\/zirconia-ceramics.com\/wp-content\/uploads\/2015\/10\/zirconia-ceramic-watch-294x300.jpg 294w, https:\/\/zirconia-ceramics.com\/wp-content\/uploads\/2015\/10\/zirconia-ceramic-watch.jpg 500w\" sizes=\"(max-width: 294px) 100vw, 294px\" \/><\/a><\/p>\n<p>&nbsp;<\/p>","protected":false},"excerpt":{"rendered":"<p>Cirk\u00f3nia ker\u00e1mia \u00f3ra tartoz\u00e9kok, mint p\u00e9ld\u00e1ul \u00f3ra szalag, l\u00fcnetta, sz\u00e1mlap \u00e9s \u00f3rah\u00e1z. A k\u00f6vetkez\u0151 jellemz\u0151kkel rendelkeznek.<\/p>","protected":false},"author":1,"featured_media":0,"parent":0,"menu_order":0,"comment_status":"closed","ping_status":"open","template":"","meta":{"ngg_post_thumbnail":0,"footnotes":""},"class_list":["post-153","page","type-page","status-publish","czr-hentry"],"aioseo_notices":[],"_links":{"self":[{"href":"https:\/\/zirconia-ceramics.com\/hu\/wp-json\/wp\/v2\/pages\/153"}],"collection":[{"href":"https:\/\/zirconia-ceramics.com\/hu\/wp-json\/wp\/v2\/pages"}],"about":[{"href":"https:\/\/zirconia-ceramics.com\/hu\/wp-json\/wp\/v2\/types\/page"}],"author":[{"embeddable":true,"href":"https:\/\/zirconia-ceramics.com\/hu\/wp-json\/wp\/v2\/users\/1"}],"replies":[{"embeddable":true,"href":"https:\/\/zirconia-ceramics.com\/hu\/wp-json\/wp\/v2\/comments?post=153"}],"version-history":[{"count":1,"href":"https:\/\/zirconia-ceramics.com\/hu\/wp-json\/wp\/v2\/pages\/153\/revisions"}],"predecessor-version":[{"id":155,"href":"https:\/\/zirconia-ceramics.com\/hu\/wp-json\/wp\/v2\/pages\/153\/revisions\/155"}],"wp:attachment":[{"href":"https:\/\/zirconia-ceramics.com\/hu\/wp-json\/wp\/v2\/media?parent=153"}],"curies":[{"name":"wp","href":"https:\/\/api.w.org\/{rel}","templated":true}]}}