{"id":55,"date":"2014-06-06T22:05:04","date_gmt":"2014-06-06T14:05:04","guid":{"rendered":"http:\/\/zirconia-ceramics.com\/?page_id=55"},"modified":"2014-06-07T10:22:18","modified_gmt":"2014-06-07T02:22:18","slug":"zro2-optical-fiber-tube","status":"publish","type":"page","link":"https:\/\/zirconia-ceramics.com\/hu\/zro2-optikai-szalcso\/","title":{"rendered":"Zro2 optikai sz\u00e1lcs\u0151"},"content":{"rendered":"<p>Cirk\u00f3nium-dioxid ker\u00e1mia optikai sz\u00e1lcs\u0151<\/p>\n<p>A term\u00e9k jellemz\u0151i:<br \/>\n1, a term\u00e9kek fejlett gy\u00e1rt\u00e1si technol\u00f3gi\u00e1t haszn\u00e1lnak, az anyag mechanikai<br \/>\na teljes\u00edtm\u00e9ny jelent\u0151sen javul<br \/>\n2, a csatlakoz\u00e1si pont v\u00e9delme, a mechanikai szil\u00e1rds\u00e1g jav\u00edt\u00e1sa \u00e9rdek\u00e9ben<br \/>\n3, a term\u00e9kek nagy pontoss\u00e1g\u00faak, hossz\u00fa \u00e9lettartam\u00faak<br \/>\n4, a term\u00e9k m\u00e9rete j\u00f3 konzisztencia, a min\u0151s\u00e9g stabilit\u00e1sa<br \/>\n5, zro2 ker\u00e1mia optikai sz\u00e1lcs\u0151 j\u00f3 funkci\u00f3ja a h\u0151m\u00e9rs\u00e9klet-ellen\u00e1ll\u00f3, j\u00f3 p\u00e1ratartalom-ellen\u00e1ll\u00f3 teljes\u00edtm\u00e9nye<\/p>\n<p>Alkalmaz\u00e1s a cirk\u00f3nium-dioxid ker\u00e1mia optikai sz\u00e1lcs\u0151h\u00f6z: Ez a term\u00e9k alkalmazhat\u00f3 adat\u00e1tviteli h\u00e1l\u00f3zat kommunik\u00e1ci\u00f3s h\u00e1l\u00f3zatra, k\u00e1beltelev\u00edzi\u00f3s h\u00e1l\u00f3zatra, az \u00d6n ig\u00e9nyei szerint k\u00e9sz\u00edthet\u0151.<\/p>\n<p>anyag: cirk\u00f3nia<br \/>\nBehelyez\u00e9si er\u0151: 2.0N-6.0N<br \/>\nBeiktat\u00e1si vesztes\u00e9g\uff1a \uff1c0.2db<br \/>\n\u00c9lettartam\uff1a \u22651000 alkalommal<br \/>\nMunkah\u0151m\u00e9rs\u00e9klet: (-40 \u2103-+85 \u2103)<\/p>\n<p><a href=\"http:\/\/zirconia-ceramics.com\/wp-content\/uploads\/2014\/06\/Zirconia-ceramic-optical-fiber-tube.jpg\"><img loading=\"lazy\" decoding=\"async\" class=\"alignnone size-medium wp-image-56\" alt=\"Cirk\u00f3nium-dioxid ker\u00e1mia optikai sz\u00e1lcs\u0151\" src=\"http:\/\/zirconia-ceramics.com\/wp-content\/uploads\/2014\/06\/Zirconia-ceramic-optical-fiber-tube-300x147.jpg\" width=\"300\" height=\"147\" srcset=\"https:\/\/zirconia-ceramics.com\/wp-content\/uploads\/2014\/06\/Zirconia-ceramic-optical-fiber-tube-300x147.jpg 300w, https:\/\/zirconia-ceramics.com\/wp-content\/uploads\/2014\/06\/Zirconia-ceramic-optical-fiber-tube.jpg 365w\" sizes=\"(max-width: 300px) 100vw, 300px\" \/><\/a><\/p>","protected":false},"excerpt":{"rendered":"<p>Zirconia ceramic optical fiber tube Product features: 1, products are using advanced production technology, the material mechanical performance is greatly improved 2, to protect the connection point, improve the mechanical strength 3, the products is high precision, long service life 4, the product size have good consistency, quality is stability 5, zro2 ceramic optical fiber [&hellip;]<\/p>","protected":false},"author":1,"featured_media":0,"parent":0,"menu_order":0,"comment_status":"closed","ping_status":"closed","template":"","meta":{"ngg_post_thumbnail":0,"footnotes":""},"class_list":["post-55","page","type-page","status-publish","czr-hentry"],"aioseo_notices":[],"_links":{"self":[{"href":"https:\/\/zirconia-ceramics.com\/hu\/wp-json\/wp\/v2\/pages\/55"}],"collection":[{"href":"https:\/\/zirconia-ceramics.com\/hu\/wp-json\/wp\/v2\/pages"}],"about":[{"href":"https:\/\/zirconia-ceramics.com\/hu\/wp-json\/wp\/v2\/types\/page"}],"author":[{"embeddable":true,"href":"https:\/\/zirconia-ceramics.com\/hu\/wp-json\/wp\/v2\/users\/1"}],"replies":[{"embeddable":true,"href":"https:\/\/zirconia-ceramics.com\/hu\/wp-json\/wp\/v2\/comments?post=55"}],"version-history":[{"count":5,"href":"https:\/\/zirconia-ceramics.com\/hu\/wp-json\/wp\/v2\/pages\/55\/revisions"}],"predecessor-version":[{"id":63,"href":"https:\/\/zirconia-ceramics.com\/hu\/wp-json\/wp\/v2\/pages\/55\/revisions\/63"}],"wp:attachment":[{"href":"https:\/\/zirconia-ceramics.com\/hu\/wp-json\/wp\/v2\/media?parent=55"}],"curies":[{"name":"wp","href":"https:\/\/api.w.org\/{rel}","templated":true}]}}