{"id":66,"date":"2014-11-30T17:58:19","date_gmt":"2014-11-30T09:58:19","guid":{"rendered":"http:\/\/zirconia-ceramics.com\/?page_id=66"},"modified":"2014-11-30T20:04:13","modified_gmt":"2014-11-30T12:04:13","slug":"zirconia-ceramic-knife","status":"publish","type":"page","link":"https:\/\/zirconia-ceramics.com\/hu\/cirkonia-keramia-kes\/","title":{"rendered":"cirk\u00f3nia ker\u00e1mia k\u00e9s"},"content":{"rendered":"<p>A cirk\u00f3nium-dioxid-ker\u00e1mia nagy sz\u00edv\u00f3ss\u00e1ggal, nagy t\u00f6r\u00e9s\u00e1ll\u00f3s\u00e1ggal, j\u00f3 k\u00e9miai ellen\u00e1ll\u00e1ssal, nagy hajl\u00edt\u00f3szil\u00e1rds\u00e1ggal, nagy kop\u00e1s\u00e1ll\u00f3s\u00e1ggal rendelkezik, a h\u0151t\u00e1gul\u00e1si egy\u00fctthat\u00f3 k\u00f6zel van az ac\u00e9lhoz, sz\u00e9les k\u00f6rben haszn\u00e1lj\u00e1k a szerkezeti ker\u00e1mia ter\u00fcleteken.<\/p>\n<p>cirk\u00f3nium-dioxid-ker\u00e1mia k\u00e9s biztons\u00e1gos az eg\u00e9szs\u00e9gre, az \u00e9lettartam hossz\u00fa, versenyk\u00e9pes \u00e1ron is van<\/p>\n<p>cirk\u00f3nium-dioxid-ker\u00e1mia k\u00e9st vagy peng\u00e9t k\u00e9sz\u00edthet\u00fcnk az \u00d6n ig\u00e9nyei szerint<\/p>\n<p><a href=\"http:\/\/zirconia-ceramics.com\/wp-content\/uploads\/2014\/11\/DSC03509.jpg\"><img loading=\"lazy\" decoding=\"async\" class=\"alignnone size-medium wp-image-67\" alt=\"cirk\u00f3nia ker\u00e1mia k\u00e9s\" src=\"http:\/\/zirconia-ceramics.com\/wp-content\/uploads\/2014\/11\/DSC03509-300x225.jpg\" width=\"300\" height=\"225\" srcset=\"https:\/\/zirconia-ceramics.com\/wp-content\/uploads\/2014\/11\/DSC03509-300x225.jpg 300w, https:\/\/zirconia-ceramics.com\/wp-content\/uploads\/2014\/11\/DSC03509-624x468.jpg 624w, https:\/\/zirconia-ceramics.com\/wp-content\/uploads\/2014\/11\/DSC03509.jpg 800w\" sizes=\"(max-width: 300px) 100vw, 300px\" \/><\/a><\/p>","protected":false},"excerpt":{"rendered":"<p>cirk\u00f3nium-dioxid-ker\u00e1mia nagy sz\u00edv\u00f3ss\u00e1ggal, nagy t\u00f6r\u00e9s\u00e1ll\u00f3s\u00e1ggal, j\u00f3 k\u00e9miai ellen\u00e1ll\u00e1ssal, nagy hajl\u00edt\u00f3szil\u00e1rds\u00e1ggal, nagy kop\u00e1s\u00e1ll\u00f3s\u00e1ggal rendelkezik, a h\u0151t\u00e1gul\u00e1si egy\u00fctthat\u00f3 k\u00f6zel van az ac\u00e9lhoz, sz\u00e9les k\u00f6rben haszn\u00e1lj\u00e1k a szerkezeti ker\u00e1mia ter\u00fcleteken. cirk\u00f3nium-dioxid-ker\u00e1mia k\u00e9s biztons\u00e1gos az eg\u00e9szs\u00e9gre, az \u00e9lettartam hossz\u00fa, szint\u00e9n versenyk\u00e9pes \u00e1rat tudunk cirk\u00f3nium-dioxid-ker\u00e1mia k\u00e9st vagy peng\u00e9t k\u00e9sz\u00edteni az \u00d6n ig\u00e9nye szerint.<\/p>","protected":false},"author":1,"featured_media":0,"parent":0,"menu_order":0,"comment_status":"closed","ping_status":"open","template":"","meta":{"ngg_post_thumbnail":0,"footnotes":""},"class_list":["post-66","page","type-page","status-publish","czr-hentry"],"aioseo_notices":[],"_links":{"self":[{"href":"https:\/\/zirconia-ceramics.com\/hu\/wp-json\/wp\/v2\/pages\/66"}],"collection":[{"href":"https:\/\/zirconia-ceramics.com\/hu\/wp-json\/wp\/v2\/pages"}],"about":[{"href":"https:\/\/zirconia-ceramics.com\/hu\/wp-json\/wp\/v2\/types\/page"}],"author":[{"embeddable":true,"href":"https:\/\/zirconia-ceramics.com\/hu\/wp-json\/wp\/v2\/users\/1"}],"replies":[{"embeddable":true,"href":"https:\/\/zirconia-ceramics.com\/hu\/wp-json\/wp\/v2\/comments?post=66"}],"version-history":[{"count":3,"href":"https:\/\/zirconia-ceramics.com\/hu\/wp-json\/wp\/v2\/pages\/66\/revisions"}],"predecessor-version":[{"id":71,"href":"https:\/\/zirconia-ceramics.com\/hu\/wp-json\/wp\/v2\/pages\/66\/revisions\/71"}],"wp:attachment":[{"href":"https:\/\/zirconia-ceramics.com\/hu\/wp-json\/wp\/v2\/media?parent=66"}],"curies":[{"name":"wp","href":"https:\/\/api.w.org\/{rel}","templated":true}]}}