{"id":153,"date":"2015-10-04T19:53:48","date_gmt":"2015-10-04T11:53:48","guid":{"rendered":"http:\/\/zirconia-ceramics.com\/?page_id=153"},"modified":"2015-10-04T19:53:48","modified_gmt":"2015-10-04T11:53:48","slug":"zirconia-ceramic-watch","status":"publish","type":"page","link":"https:\/\/zirconia-ceramics.com\/lt\/cirkonio-keramikos-laikrodis\/","title":{"rendered":"cirkonio keramikos laikrodis"},"content":{"rendered":"<p>Cirkonio keramikos laikrod\u017ei\u0173 priedai, pavyzd\u017eiui, laikrod\u017eio juostel\u0117, apvadas, ciferblatas ir korpusas. Jie pasi\u017eymi \u0161iomis savyb\u0117mis.<\/p>\n<p><!--more--><\/p>\n<p>1. Kietumu prilygsta deimantui; lengvesnis u\u017e metal\u0105; niekada nenusid\u0117vi ir nesuply\u0161ta, nekei\u010dia spalvos.<br \/>\n2. Labai atsparus dilimui ir oksidacijai. Niekada ner\u016bdija, nekei\u010dia spalvos ir nesukelia odos problem\u0173.<br \/>\n3. Labai izoliuotas; n\u0117ra metalo ir padengimo tar\u0161os; cirkonio oksido keramikos laikrodis yra ideali aplinkos apsaugos med\u017eiaga.<br \/>\n4. Didelio tankio spalva su unikaliu kokyb\u0117s poj\u016b\u010diu!<br \/>\n5. Labai didelis kietumas, patrauklus ir patvarus, nekenkia odai, unikalus blizgesys, eleganti\u0161kas ir i\u0161skirtinis.<br \/>\n6. Modernus ir madingas dizainas suteiks klientams konkurencing\u0105 zro2 keraminio laikrod\u017eio kain\u0105.<\/p>\n<p><a href=\"http:\/\/zirconia-ceramics.com\/wp-content\/uploads\/2015\/10\/zirconia-ceramic-watch.jpg\"><img loading=\"lazy\" decoding=\"async\" class=\"alignnone size-medium wp-image-154\" src=\"http:\/\/zirconia-ceramics.com\/wp-content\/uploads\/2015\/10\/zirconia-ceramic-watch-294x300.jpg\" alt=\"cirkonio keramikos laikrodis\" width=\"294\" height=\"300\" srcset=\"https:\/\/zirconia-ceramics.com\/wp-content\/uploads\/2015\/10\/zirconia-ceramic-watch-294x300.jpg 294w, https:\/\/zirconia-ceramics.com\/wp-content\/uploads\/2015\/10\/zirconia-ceramic-watch.jpg 500w\" sizes=\"(max-width: 294px) 100vw, 294px\" \/><\/a><\/p>\n<p>&nbsp;<\/p>","protected":false},"excerpt":{"rendered":"<p>Cirkonio keramikos laikrod\u017ei\u0173 priedai, pavyzd\u017eiui, laikrod\u017eio juostel\u0117, apvadas, ciferblatas ir korpusas. Jie pasi\u017eymi \u0161iomis savyb\u0117mis.<\/p>","protected":false},"author":1,"featured_media":0,"parent":0,"menu_order":0,"comment_status":"closed","ping_status":"open","template":"","meta":{"ngg_post_thumbnail":0,"footnotes":""},"class_list":["post-153","page","type-page","status-publish","czr-hentry"],"aioseo_notices":[],"_links":{"self":[{"href":"https:\/\/zirconia-ceramics.com\/lt\/wp-json\/wp\/v2\/pages\/153"}],"collection":[{"href":"https:\/\/zirconia-ceramics.com\/lt\/wp-json\/wp\/v2\/pages"}],"about":[{"href":"https:\/\/zirconia-ceramics.com\/lt\/wp-json\/wp\/v2\/types\/page"}],"author":[{"embeddable":true,"href":"https:\/\/zirconia-ceramics.com\/lt\/wp-json\/wp\/v2\/users\/1"}],"replies":[{"embeddable":true,"href":"https:\/\/zirconia-ceramics.com\/lt\/wp-json\/wp\/v2\/comments?post=153"}],"version-history":[{"count":1,"href":"https:\/\/zirconia-ceramics.com\/lt\/wp-json\/wp\/v2\/pages\/153\/revisions"}],"predecessor-version":[{"id":155,"href":"https:\/\/zirconia-ceramics.com\/lt\/wp-json\/wp\/v2\/pages\/153\/revisions\/155"}],"wp:attachment":[{"href":"https:\/\/zirconia-ceramics.com\/lt\/wp-json\/wp\/v2\/media?parent=153"}],"curies":[{"name":"wp","href":"https:\/\/api.w.org\/{rel}","templated":true}]}}