{"id":162,"date":"2015-10-04T21:15:19","date_gmt":"2015-10-04T13:15:19","guid":{"rendered":"http:\/\/zirconia-ceramics.com\/?page_id=162"},"modified":"2015-10-04T21:15:19","modified_gmt":"2015-10-04T13:15:19","slug":"zirconia-ceramic-ornaments","status":"publish","type":"page","link":"https:\/\/zirconia-ceramics.com\/lt\/cirkonio-keramikos-papuosalai\/","title":{"rendered":"cirkonio keramikos papuo\u0161alai"},"content":{"rendered":"<p>Galime pagaminti cirkonio keramikos papuo\u0161alus pagal j\u016bs\u0173 pageidavimus<\/p>\n<p>1. Kietumas artimas nat\u016braliam deimantui, lengvesnis u\u017e metal\u0105, niekada nenusid\u0117vi, nekei\u010dia spalvos ir pan.<br \/>\n2. Atsparus d\u0117v\u0117jimuisi, atsparus oksidacijai, niekada ner\u016bdija, nekei\u010dia spalvos, nesukelia odos alergijos.<br \/>\n3. Spalvoti keraminiai priedai turi puik\u0173 \u012fsp\u016bd\u012f.<br \/>\n4. \"Zro2\" keramikos papuo\u0161alai yra meni\u0161ki, patvar\u016bs, nuostab\u016bs.<\/p>\n<p><a href=\"http:\/\/zirconia-ceramics.com\/wp-content\/uploads\/2015\/10\/zirconia-ceramic-ornaments.jpg\"><img loading=\"lazy\" decoding=\"async\" class=\"alignnone size-medium wp-image-163\" src=\"http:\/\/zirconia-ceramics.com\/wp-content\/uploads\/2015\/10\/zirconia-ceramic-ornaments-300x232.jpg\" alt=\"cirkonio keramikos papuo\u0161alai\" width=\"300\" height=\"232\" srcset=\"https:\/\/zirconia-ceramics.com\/wp-content\/uploads\/2015\/10\/zirconia-ceramic-ornaments-300x232.jpg 300w, https:\/\/zirconia-ceramics.com\/wp-content\/uploads\/2015\/10\/zirconia-ceramic-ornaments-624x482.jpg 624w, https:\/\/zirconia-ceramics.com\/wp-content\/uploads\/2015\/10\/zirconia-ceramic-ornaments.jpg 735w\" sizes=\"(max-width: 300px) 100vw, 300px\" \/><\/a><\/p>\n<p>&nbsp;<\/p>","protected":false},"excerpt":{"rendered":"<p>Galime pagaminti cirkonio keramikos papuo\u0161alus pagal j\u016bs\u0173 reikalavimus 1. Kietumas artimas nat\u016braliam deimantui, lengvesnis u\u017e metal\u0105, niekada nenusid\u0117vi, nekei\u010dia spalvos ir pan. 2. Atsparus d\u0117v\u0117jimuisi, atsparus oksidacijai, niekada ner\u016bdija, niekada nekei\u010dia spalvos, nesukelia odos alergijos. 3. Spalvoti keraminiai aksesuarai turi puik\u0173 \u012fsp\u016bd\u012f. 4. Zro2 keramikos [...]<\/p>","protected":false},"author":1,"featured_media":0,"parent":0,"menu_order":0,"comment_status":"closed","ping_status":"open","template":"","meta":{"ngg_post_thumbnail":0,"footnotes":""},"class_list":["post-162","page","type-page","status-publish","czr-hentry"],"aioseo_notices":[],"_links":{"self":[{"href":"https:\/\/zirconia-ceramics.com\/lt\/wp-json\/wp\/v2\/pages\/162"}],"collection":[{"href":"https:\/\/zirconia-ceramics.com\/lt\/wp-json\/wp\/v2\/pages"}],"about":[{"href":"https:\/\/zirconia-ceramics.com\/lt\/wp-json\/wp\/v2\/types\/page"}],"author":[{"embeddable":true,"href":"https:\/\/zirconia-ceramics.com\/lt\/wp-json\/wp\/v2\/users\/1"}],"replies":[{"embeddable":true,"href":"https:\/\/zirconia-ceramics.com\/lt\/wp-json\/wp\/v2\/comments?post=162"}],"version-history":[{"count":1,"href":"https:\/\/zirconia-ceramics.com\/lt\/wp-json\/wp\/v2\/pages\/162\/revisions"}],"predecessor-version":[{"id":164,"href":"https:\/\/zirconia-ceramics.com\/lt\/wp-json\/wp\/v2\/pages\/162\/revisions\/164"}],"wp:attachment":[{"href":"https:\/\/zirconia-ceramics.com\/lt\/wp-json\/wp\/v2\/media?parent=162"}],"curies":[{"name":"wp","href":"https:\/\/api.w.org\/{rel}","templated":true}]}}