{"id":197,"date":"2023-09-14T12:03:55","date_gmt":"2023-09-14T04:03:55","guid":{"rendered":"http:\/\/zirconia-ceramics.com\/?page_id=197"},"modified":"2023-09-14T12:39:47","modified_gmt":"2023-09-14T04:39:47","slug":"technology","status":"publish","type":"page","link":"https:\/\/zirconia-ceramics.com\/lt\/technologija\/","title":{"rendered":"Technologijos"},"content":{"rendered":"<p><strong>Gamybos procesas<\/strong><\/p>\n<p>frezavimas-d\u017eiovinimas purk\u0161tuvu-presavimas-\u017ealiasis apdirbimas-sintezavimas-inspekcija-kietasis apdirbimas-kokyb\u0117s kontrol\u0117-valymas-produktai<\/p>\n<p>&nbsp;<\/p>\n<div>\n<table>\n<tbody>\n<tr>\n<td width=\"170\">straipsniai<\/td>\n<td width=\"213\">\u00a0\u00a0\u00a0\u00a0\u00a0\u00a0\u00a0vienetas<\/td>\n<td width=\"192\">\u00a0\u00a0\u00a0\u00a0\u00a0\u00a0tipin\u0117s vert\u0117s<\/td>\n<\/tr>\n<tr>\n<td width=\"170\">komponentas<\/td>\n<td width=\"213\">\u00a0\u00a0\u00a0\u00a0\u00a0\u00a0Wt%<\/td>\n<td width=\"192\">94.8%ZrO<sub>2<\/sub>\u00a0\u00a05.2%Y<sub>2<\/sub>O<sub>3<\/sub><\/td>\n<\/tr>\n<tr>\n<td width=\"170\">kietumas<\/td>\n<td width=\"213\">\u00a0\u00a0\u00a0\u00a0\u00a0Kgf\/mm<sup>2<\/sup><\/td>\n<td width=\"192\">1250<\/td>\n<\/tr>\n<tr>\n<td width=\"170\">tankis<\/td>\n<td width=\"213\">\u00a0\u00a0\u00a0\u00a0\u00a0g\/cm<sup>3<\/sup><\/td>\n<td width=\"192\">6.0<\/td>\n<\/tr>\n<tr>\n<td width=\"170\">Lenkimo stipris<\/td>\n<td width=\"213\">\u00a0\u00a0\u00a0\u00a0\u00a0mpa<\/td>\n<td width=\"192\">900<\/td>\n<\/tr>\n<tr>\n<td width=\"170\">Tamprumo modulis<\/td>\n<td width=\"213\">\u00a0\u00a0\u00a0\u00a0\u00a0gpa<\/td>\n<td width=\"192\">200<\/td>\n<\/tr>\n<\/tbody>\n<\/table>\n<p>Pastaba: pirmiau pateikti duomenys yra vidutin\u0117 vert\u0117, pagr\u012fsta bandymu, \u0161ie duomenys yra tik rekomendacinio pob\u016bd\u017eio!<\/p>\n<p>&nbsp;<\/p>\n<\/div>","protected":false},"excerpt":{"rendered":"<p>Gamybos procesas frezavimas-d\u017eiovinimas pur\u0161kimu-presavimas-\u017ealiasis apdirbimas-sintezavimas-inspekcija-kietasis apdirbimas-kokyb\u0117s kontrol\u0117-valymas-produktai vienetai vienetai tipin\u0117s vert\u0117s komponentas Wt% 94,8%ZrO2 5,2%Y2O3 kietumas Kgf\/mm2 1250 tankis g\/cm3 6,0 Lenkimo stipris mpa 900 Tamprumo modulis gpa 200 Pastaba: pirmiau pateikti duomenys yra vidutin\u0117 vert\u0117, pagr\u012fsta bandymu, \u0161ie duomenys yra tik orientaciniai! &nbsp;<\/p>","protected":false},"author":1,"featured_media":0,"parent":0,"menu_order":0,"comment_status":"closed","ping_status":"closed","template":"","meta":{"ngg_post_thumbnail":0,"footnotes":""},"class_list":["post-197","page","type-page","status-publish","czr-hentry"],"aioseo_notices":[],"_links":{"self":[{"href":"https:\/\/zirconia-ceramics.com\/lt\/wp-json\/wp\/v2\/pages\/197"}],"collection":[{"href":"https:\/\/zirconia-ceramics.com\/lt\/wp-json\/wp\/v2\/pages"}],"about":[{"href":"https:\/\/zirconia-ceramics.com\/lt\/wp-json\/wp\/v2\/types\/page"}],"author":[{"embeddable":true,"href":"https:\/\/zirconia-ceramics.com\/lt\/wp-json\/wp\/v2\/users\/1"}],"replies":[{"embeddable":true,"href":"https:\/\/zirconia-ceramics.com\/lt\/wp-json\/wp\/v2\/comments?post=197"}],"version-history":[{"count":5,"href":"https:\/\/zirconia-ceramics.com\/lt\/wp-json\/wp\/v2\/pages\/197\/revisions"}],"predecessor-version":[{"id":201,"href":"https:\/\/zirconia-ceramics.com\/lt\/wp-json\/wp\/v2\/pages\/197\/revisions\/201"}],"wp:attachment":[{"href":"https:\/\/zirconia-ceramics.com\/lt\/wp-json\/wp\/v2\/media?parent=197"}],"curies":[{"name":"wp","href":"https:\/\/api.w.org\/{rel}","templated":true}]}}