{"id":162,"date":"2015-10-04T21:15:19","date_gmt":"2015-10-04T13:15:19","guid":{"rendered":"http:\/\/zirconia-ceramics.com\/?page_id=162"},"modified":"2015-10-04T21:15:19","modified_gmt":"2015-10-04T13:15:19","slug":"zirconia-ceramic-ornaments","status":"publish","type":"page","link":"https:\/\/zirconia-ceramics.com\/lv\/cirkonija-keramikas-rotajumi\/","title":{"rendered":"cirkonija keramikas rot\u0101jumi"},"content":{"rendered":"<p>M\u0113s varam izgatavot cirkonija keramikas rotas atbilsto\u0161i j\u016bsu pras\u012bb\u0101m.<\/p>\n<p>1. Ciet\u012bba tuvu dabiskajam dimantam, viegl\u0101ks par met\u0101lu, nekad nen\u0113s\u0101jas, nekad nemaina kr\u0101su utt.<br \/>\n2. Iztur\u012bgs pret nodilumu, iztur\u012bgs pret oksid\u0101ciju, nekad ner\u016bs\u0113, nekad nemaina kr\u0101su, nerada \u0101das aler\u0123iju.<br \/>\n3. Kr\u0101saini keramikas piederumi ir lielisks iespaids.<br \/>\n4. Zro2 keramikas rotaslietas ir m\u0101kslinieciskas, iztur\u012bgas, lieliskas.<\/p>\n<p><a href=\"http:\/\/zirconia-ceramics.com\/wp-content\/uploads\/2015\/10\/zirconia-ceramic-ornaments.jpg\"><img loading=\"lazy\" decoding=\"async\" class=\"alignnone size-medium wp-image-163\" src=\"http:\/\/zirconia-ceramics.com\/wp-content\/uploads\/2015\/10\/zirconia-ceramic-ornaments-300x232.jpg\" alt=\"cirkonija keramikas rot\u0101jumi\" width=\"300\" height=\"232\" srcset=\"https:\/\/zirconia-ceramics.com\/wp-content\/uploads\/2015\/10\/zirconia-ceramic-ornaments-300x232.jpg 300w, https:\/\/zirconia-ceramics.com\/wp-content\/uploads\/2015\/10\/zirconia-ceramic-ornaments-624x482.jpg 624w, https:\/\/zirconia-ceramics.com\/wp-content\/uploads\/2015\/10\/zirconia-ceramic-ornaments.jpg 735w\" sizes=\"(max-width: 300px) 100vw, 300px\" \/><\/a><\/p>\n<p>&nbsp;<\/p>","protected":false},"excerpt":{"rendered":"<p>M\u0113s varam izgatavot cirkonija keramikas rotas atbilsto\u0161i j\u016bsu pras\u012bb\u0101m 1. Ciet\u012bba tuvu dabiskajam dimantam, viegl\u0101ks par met\u0101lu, nekad nen\u0113s\u0101jas, nemaina kr\u0101su utt. 2. Iztur\u012bgs pret nodilumu, iztur\u012bgs pret oksid\u0101ciju, nekad ner\u016bs\u0113, nekad nemaina kr\u0101su, nerada \u0101das aler\u0123iju. 3. Kr\u0101saini keramikas piederumi ir lielisks iespaids. 4. Zro2 keramikas [...]<\/p>","protected":false},"author":1,"featured_media":0,"parent":0,"menu_order":0,"comment_status":"closed","ping_status":"open","template":"","meta":{"ngg_post_thumbnail":0,"footnotes":""},"class_list":["post-162","page","type-page","status-publish","czr-hentry"],"aioseo_notices":[],"_links":{"self":[{"href":"https:\/\/zirconia-ceramics.com\/lv\/wp-json\/wp\/v2\/pages\/162"}],"collection":[{"href":"https:\/\/zirconia-ceramics.com\/lv\/wp-json\/wp\/v2\/pages"}],"about":[{"href":"https:\/\/zirconia-ceramics.com\/lv\/wp-json\/wp\/v2\/types\/page"}],"author":[{"embeddable":true,"href":"https:\/\/zirconia-ceramics.com\/lv\/wp-json\/wp\/v2\/users\/1"}],"replies":[{"embeddable":true,"href":"https:\/\/zirconia-ceramics.com\/lv\/wp-json\/wp\/v2\/comments?post=162"}],"version-history":[{"count":1,"href":"https:\/\/zirconia-ceramics.com\/lv\/wp-json\/wp\/v2\/pages\/162\/revisions"}],"predecessor-version":[{"id":164,"href":"https:\/\/zirconia-ceramics.com\/lv\/wp-json\/wp\/v2\/pages\/162\/revisions\/164"}],"wp:attachment":[{"href":"https:\/\/zirconia-ceramics.com\/lv\/wp-json\/wp\/v2\/media?parent=162"}],"curies":[{"name":"wp","href":"https:\/\/api.w.org\/{rel}","templated":true}]}}