{"id":197,"date":"2023-09-14T12:03:55","date_gmt":"2023-09-14T04:03:55","guid":{"rendered":"http:\/\/zirconia-ceramics.com\/?page_id=197"},"modified":"2023-09-14T12:39:47","modified_gmt":"2023-09-14T04:39:47","slug":"technology","status":"publish","type":"page","link":"https:\/\/zirconia-ceramics.com\/lv\/tehnologija\/","title":{"rendered":"Tehnolo\u0123ija"},"content":{"rendered":"<p><strong>Ra\u017eo\u0161anas process<\/strong><\/p>\n<p>fr\u0113z\u0113\u0161ana-smidzin\u0101\u0161anas \u017e\u0101v\u0113\u0161ana-pres\u0113\u0161ana-za\u013c\u0101 apstr\u0101de-sinter\u0113\u0161ana-inspekcija-cieta apstr\u0101de-kvalit\u0101tes kontrole-att\u012br\u012b\u0161ana-produktu t\u012br\u012b\u0161ana<\/p>\n<p>&nbsp;<\/p>\n<div>\n<table>\n<tbody>\n<tr>\n<td width=\"170\">preces<\/td>\n<td width=\"213\">\u00a0\u00a0\u00a0\u00a0\u00a0\u00a0\u00a0vien\u012bba<\/td>\n<td width=\"192\">\u00a0\u00a0\u00a0\u00a0\u00a0\u00a0tipisk\u0101s v\u0113rt\u012bbas<\/td>\n<\/tr>\n<tr>\n<td width=\"170\">komponents<\/td>\n<td width=\"213\">\u00a0\u00a0\u00a0\u00a0\u00a0\u00a0Wt%<\/td>\n<td width=\"192\">94.8%ZrO<sub>2<\/sub>\u00a0\u00a05.2%Y<sub>2<\/sub>O<sub>3<\/sub><\/td>\n<\/tr>\n<tr>\n<td width=\"170\">ciet\u012bba<\/td>\n<td width=\"213\">\u00a0\u00a0\u00a0\u00a0\u00a0Kgf\/mm<sup>2<\/sup><\/td>\n<td width=\"192\">1250<\/td>\n<\/tr>\n<tr>\n<td width=\"170\">bl\u012bvums<\/td>\n<td width=\"213\">\u00a0\u00a0\u00a0\u00a0\u00a0g\/cm<sup>3<\/sup><\/td>\n<td width=\"192\">6.0<\/td>\n<\/tr>\n<tr>\n<td width=\"170\">Liek\u0161anas iztur\u012bba<\/td>\n<td width=\"213\">\u00a0\u00a0\u00a0\u00a0\u00a0mpa<\/td>\n<td width=\"192\">900<\/td>\n<\/tr>\n<tr>\n<td width=\"170\">Elast\u012bbas modulis<\/td>\n<td width=\"213\">\u00a0\u00a0\u00a0\u00a0\u00a0gpa<\/td>\n<td width=\"192\">200<\/td>\n<\/tr>\n<\/tbody>\n<\/table>\n<p>Piez\u012bme: iepriek\u0161 min\u0113tie dati ir vid\u0113j\u0101 v\u0113rt\u012bba, pamatojoties uz testu, \u0161ie dati ir tikai atsauces!<\/p>\n<p>&nbsp;<\/p>\n<\/div>","protected":false},"excerpt":{"rendered":"<p>Ra\u017eo\u0161anas process fr\u0113z\u0113\u0161ana-smidzin\u0101\u0161anas \u017e\u0101v\u0113\u0161ana-pres\u0113\u0161ana-za\u013c\u0101 apstr\u0101de-sinter\u0113\u0161ana-inspekcija-smag\u0101 apstr\u0101de-kvalit\u0101tes kontrole-att\u012br\u012b\u0161ana-produkti vien\u012bbas vien\u012bbas vien\u012bbas tipiskas v\u0113rt\u012bbas komponents Wt% 94,8%ZrO2 5,2%Y2O3 ciet\u012bba Kgf\/mm2 1250 bl\u012bvums g\/cm3 6,0 Liek\u0161anas iztur\u012bba mpa 900 Elast\u012bbas modulis gpa 200 Piez\u012bme: iepriek\u0161 min\u0113tie dati ir vid\u0113j\u0101 v\u0113rt\u012bba, pamatojoties uz testu, \u0161ie dati ir tikai atsauces! &nbsp;<\/p>","protected":false},"author":1,"featured_media":0,"parent":0,"menu_order":0,"comment_status":"closed","ping_status":"closed","template":"","meta":{"ngg_post_thumbnail":0,"footnotes":""},"class_list":["post-197","page","type-page","status-publish","czr-hentry"],"aioseo_notices":[],"_links":{"self":[{"href":"https:\/\/zirconia-ceramics.com\/lv\/wp-json\/wp\/v2\/pages\/197"}],"collection":[{"href":"https:\/\/zirconia-ceramics.com\/lv\/wp-json\/wp\/v2\/pages"}],"about":[{"href":"https:\/\/zirconia-ceramics.com\/lv\/wp-json\/wp\/v2\/types\/page"}],"author":[{"embeddable":true,"href":"https:\/\/zirconia-ceramics.com\/lv\/wp-json\/wp\/v2\/users\/1"}],"replies":[{"embeddable":true,"href":"https:\/\/zirconia-ceramics.com\/lv\/wp-json\/wp\/v2\/comments?post=197"}],"version-history":[{"count":5,"href":"https:\/\/zirconia-ceramics.com\/lv\/wp-json\/wp\/v2\/pages\/197\/revisions"}],"predecessor-version":[{"id":201,"href":"https:\/\/zirconia-ceramics.com\/lv\/wp-json\/wp\/v2\/pages\/197\/revisions\/201"}],"wp:attachment":[{"href":"https:\/\/zirconia-ceramics.com\/lv\/wp-json\/wp\/v2\/media?parent=197"}],"curies":[{"name":"wp","href":"https:\/\/api.w.org\/{rel}","templated":true}]}}