{"id":55,"date":"2014-06-06T22:05:04","date_gmt":"2014-06-06T14:05:04","guid":{"rendered":"http:\/\/zirconia-ceramics.com\/?page_id=55"},"modified":"2014-06-07T10:22:18","modified_gmt":"2014-06-07T02:22:18","slug":"zro2-optical-fiber-tube","status":"publish","type":"page","link":"https:\/\/zirconia-ceramics.com\/lv\/zro2-optiskas-skiedras-caurule\/","title":{"rendered":"Zro2 optisk\u0101s \u0161\u0137iedras caurule"},"content":{"rendered":"<p>Cirkonija keramikas optisk\u0101s \u0161\u0137iedras caurule<\/p>\n<p>Produkta \u012bpa\u0161\u012bbas:<br \/>\n1, izstr\u0101d\u0101jumos tiek izmantota progres\u012bva ra\u017eo\u0161anas tehnolo\u0123ija, materi\u0101lu meh\u0101nisk\u0101<br \/>\nveiktsp\u0113ja ir iev\u0113rojami uzlabota.<br \/>\n2, lai aizsarg\u0101tu savienojuma punktu, uzlabotu meh\u0101nisko iztur\u012bbu<br \/>\n3, produkti ir augstas precizit\u0101tes, ilgs kalpo\u0161anas laiks<br \/>\n4, produkta izm\u0113ram ir laba konsekvence, kvalit\u0101te ir stabilit\u0101te<br \/>\n5, zro2 keramikas optisk\u0101s \u0161\u0137iedras caurule ir laba funkcija temperat\u016bras iztur\u012bgs, labs mitruma iztur\u012bgs sniegumu<\/p>\n<p>Pielietojums cirkonija keramikas optisk\u0101s \u0161\u0137iedras caurulei: \u0160is produkts ir piem\u0113rojams datu p\u0101rraides t\u012bkla sakaru t\u012bklam, kabe\u013ctelev\u012bzijas t\u012bklam, var tikt izgatavots atbilsto\u0161i j\u016bsu pras\u012bb\u0101m.<\/p>\n<p>materi\u0101ls\uff1a cirkonijs<br \/>\nIevieto\u0161anas sp\u0113ks: 2.0N-6.0N<br \/>\nIevieto\u0161anas zudumi: \uff1c0,2db<br \/>\nKalpo\u0161anas laiks: \u22651000 rei\u017eu<br \/>\nDarba temperat\u016bra\uff1a (-40 \u2103-+85 \u2103)<\/p>\n<p><a href=\"http:\/\/zirconia-ceramics.com\/wp-content\/uploads\/2014\/06\/Zirconia-ceramic-optical-fiber-tube.jpg\"><img loading=\"lazy\" decoding=\"async\" class=\"alignnone size-medium wp-image-56\" alt=\"Cirkonija keramikas optisk\u0101s \u0161\u0137iedras caurule\" src=\"http:\/\/zirconia-ceramics.com\/wp-content\/uploads\/2014\/06\/Zirconia-ceramic-optical-fiber-tube-300x147.jpg\" width=\"300\" height=\"147\" srcset=\"https:\/\/zirconia-ceramics.com\/wp-content\/uploads\/2014\/06\/Zirconia-ceramic-optical-fiber-tube-300x147.jpg 300w, https:\/\/zirconia-ceramics.com\/wp-content\/uploads\/2014\/06\/Zirconia-ceramic-optical-fiber-tube.jpg 365w\" sizes=\"(max-width: 300px) 100vw, 300px\" \/><\/a><\/p>","protected":false},"excerpt":{"rendered":"<p>Cirkonija keramikas optisk\u0101s \u0161\u0137iedras caurule Produkta \u012bpa\u0161\u012bbas: keramikas optisk\u0101s \u0161\u0137iedras caurule: 1, produkti izmanto modernu ra\u017eo\u0161anas tehnolo\u0123iju, materi\u0101la meh\u0101nisk\u0101s \u012bpa\u0161\u012bbas ir iev\u0113rojami uzlabotas 2, lai aizsarg\u0101tu savienojuma punktu, uzlabotu meh\u0101nisko iztur\u012bbu 3, produkti ir augsta precizit\u0101te, ilgs kalpo\u0161anas laiks 4, produkta izm\u0113rs ir laba konsekvence, kvalit\u0101te ir stabilit\u0101te 5, zro2 keramikas optisk\u0101s \u0161\u0137iedras [...]<\/p>","protected":false},"author":1,"featured_media":0,"parent":0,"menu_order":0,"comment_status":"closed","ping_status":"closed","template":"","meta":{"ngg_post_thumbnail":0,"footnotes":""},"class_list":["post-55","page","type-page","status-publish","czr-hentry"],"aioseo_notices":[],"_links":{"self":[{"href":"https:\/\/zirconia-ceramics.com\/lv\/wp-json\/wp\/v2\/pages\/55"}],"collection":[{"href":"https:\/\/zirconia-ceramics.com\/lv\/wp-json\/wp\/v2\/pages"}],"about":[{"href":"https:\/\/zirconia-ceramics.com\/lv\/wp-json\/wp\/v2\/types\/page"}],"author":[{"embeddable":true,"href":"https:\/\/zirconia-ceramics.com\/lv\/wp-json\/wp\/v2\/users\/1"}],"replies":[{"embeddable":true,"href":"https:\/\/zirconia-ceramics.com\/lv\/wp-json\/wp\/v2\/comments?post=55"}],"version-history":[{"count":5,"href":"https:\/\/zirconia-ceramics.com\/lv\/wp-json\/wp\/v2\/pages\/55\/revisions"}],"predecessor-version":[{"id":63,"href":"https:\/\/zirconia-ceramics.com\/lv\/wp-json\/wp\/v2\/pages\/55\/revisions\/63"}],"wp:attachment":[{"href":"https:\/\/zirconia-ceramics.com\/lv\/wp-json\/wp\/v2\/media?parent=55"}],"curies":[{"name":"wp","href":"https:\/\/api.w.org\/{rel}","templated":true}]}}