{"id":7,"date":"2013-12-11T12:55:39","date_gmt":"2013-12-11T04:55:39","guid":{"rendered":"http:\/\/zirconia-ceramics.com\/?page_id=7"},"modified":"2016-01-25T21:02:01","modified_gmt":"2016-01-25T13:02:01","slug":"zirconia-ceramic-solutions","status":"publish","type":"page","link":"https:\/\/zirconia-ceramics.com\/lv\/","title":{"rendered":"Par"},"content":{"rendered":"<div>\n<p>M\u0113s esam \u0160anhaj\u0101, \u0136\u012bn\u0101, kas specializ\u0113jas cirkonija keramikas projekt\u0113\u0161an\u0101 un pieg\u0101d\u0113, piem\u0113ram, cirkonija keramikas atbilsto\u0161i j\u016bsu pras\u012bb\u0101m, ZTA (cirkonija r\u016bd\u012bta keramika, kas izgatavota no cirkonija un alum\u012bnija keramikas) un t\u0101 t\u0101l\u0101k.M\u0113s aicin\u0101m j\u016bs apspriest savu projektu ar mums agri, lai izvair\u012btos no sare\u017e\u0123\u012bt\u0101m probl\u0113m\u0101m v\u0113l\u0101k.M\u0113s nor\u0101d\u012bsim katra materi\u0101la priek\u0161roc\u012bbas un apspried\u012bsim da\u017e\u0101das apstr\u0101des metodes, kas ir piem\u0113rotas j\u016bsu produktam. J\u016bs mums pateiksiet savas pras\u012bbas, m\u0113s izstr\u0101d\u0101sim un pieg\u0101d\u0101sim jums vislab\u0101ko izstr\u0101d\u0101jumu. J\u016bsu koment\u0101ri mums ir visliel\u0101kais atbalsts. Uzlabojumi nekad nebeigsies.Laipni l\u016bdzam j\u016bsu piepras\u012bjumu, tostarp pras\u012bbu!<\/p>\n<p>Past\u0101v\u012bga kvalit\u0101tes kontrole cirkonija oks\u012bda keramikas ra\u017eo\u0161anas laik\u0101 ir garantija labai kvalit\u0101tei un m\u016bsu klientu apmierin\u0101t\u012bbai. M\u016bsu kvalit\u0101tes kontroles pamat\u0101 ir m\u016bsu klientu specifik\u0101ciju un ras\u0113jumu iev\u0113ro\u0161ana. Cirkonija oks\u012bda keramikas p\u0101rbaudei m\u0113s izmantojam da\u017e\u0101dus veidus un iek\u0101rtas. M\u0113s kontrol\u0113jam ar\u012b katru ra\u017eo\u0161anas posmu.M\u0113s glab\u0101jam kvalit\u0101tes datus izsekojam\u012bbas nol\u016bkos. Laipni l\u016bdzam sa\u0146emt j\u016bsu piepras\u012bjumu, tostarp pras\u012bbas un koment\u0101rus!<\/p>\n<\/div>","protected":false},"excerpt":{"rendered":"<p>M\u0113s esam \u0160anhaj\u0101, \u0136\u012bn\u0101, kas specializ\u0113jas cirkonija keramikas projekt\u0113\u0161an\u0101 un pieg\u0101d\u0113, piem\u0113ram, cirkonija keramikas atbilsto\u0161i j\u016bsu pras\u012bb\u0101m, ZTA (cirkonija r\u016bd\u012bta keramika, ko ra\u017eo cirkonija un alum\u012bnija keramikas) un t\u0101 t\u0101l\u0101k.M\u0113s aicin\u0101m j\u016bs apspriest savu projektu ar mums agri, lai izvair\u012btos no sare\u017e\u0123\u012bt\u0101m probl\u0113m\u0101m v\u0113l\u0101k.M\u0113s nor\u0101d\u012bsim katra materi\u0101la priek\u0161roc\u012bbas un apspried\u012bsim [...]<\/p>","protected":false},"author":1,"featured_media":0,"parent":0,"menu_order":0,"comment_status":"closed","ping_status":"open","template":"","meta":{"ngg_post_thumbnail":0,"footnotes":""},"class_list":["post-7","page","type-page","status-publish","czr-hentry"],"aioseo_notices":[],"_links":{"self":[{"href":"https:\/\/zirconia-ceramics.com\/lv\/wp-json\/wp\/v2\/pages\/7"}],"collection":[{"href":"https:\/\/zirconia-ceramics.com\/lv\/wp-json\/wp\/v2\/pages"}],"about":[{"href":"https:\/\/zirconia-ceramics.com\/lv\/wp-json\/wp\/v2\/types\/page"}],"author":[{"embeddable":true,"href":"https:\/\/zirconia-ceramics.com\/lv\/wp-json\/wp\/v2\/users\/1"}],"replies":[{"embeddable":true,"href":"https:\/\/zirconia-ceramics.com\/lv\/wp-json\/wp\/v2\/comments?post=7"}],"version-history":[{"count":26,"href":"https:\/\/zirconia-ceramics.com\/lv\/wp-json\/wp\/v2\/pages\/7\/revisions"}],"predecessor-version":[{"id":175,"href":"https:\/\/zirconia-ceramics.com\/lv\/wp-json\/wp\/v2\/pages\/7\/revisions\/175"}],"wp:attachment":[{"href":"https:\/\/zirconia-ceramics.com\/lv\/wp-json\/wp\/v2\/media?parent=7"}],"curies":[{"name":"wp","href":"https:\/\/api.w.org\/{rel}","templated":true}]}}