{"id":153,"date":"2015-10-04T19:53:48","date_gmt":"2015-10-04T11:53:48","guid":{"rendered":"http:\/\/zirconia-ceramics.com\/?page_id=153"},"modified":"2015-10-04T19:53:48","modified_gmt":"2015-10-04T11:53:48","slug":"zirconia-ceramic-watch","status":"publish","type":"page","link":"https:\/\/zirconia-ceramics.com\/nb\/zirkonia-keramisk-klokke\/","title":{"rendered":"zirkonia keramisk klokke"},"content":{"rendered":"<p>Zirkonia keramikk ur tilbeh\u00f8r, for eksempel klokkeb\u00e5nd, bezel, urskive og urkasse. De har f\u00f8lgende funksjoner.<\/p>\n<p><!--more--><\/p>\n<p>1. Hardhet n\u00e6rmer seg naturdiamant; lettere enn metall; blir aldri slitt og revet, skifter aldri farge.<br \/>\n2. Sv\u00e6rt slitasje- og oksidasjonsbestandig. Ruster aldri, skifter aldri farge og for\u00e5rsaker aldri hudproblemer.<br \/>\n3. Sv\u00e6rt isolert; ingen metall- og pletteringsforurensning; zirkoniumoksid keramisk klokke er det ideelle milj\u00f8beskyttelsesmaterialet.<br \/>\n4. H\u00f8y tetthet farge med unik kvalitetsf\u00f8lelse!<br \/>\n5. Super h\u00f8y hardhet, attraktiv og holdbar, uten skade p\u00e5 huden, med unik glans, elegant og enest\u00e5ende.<br \/>\n6. Moderne og fasjonabel design vil gi kundene konkurransedyktig pris for zro2 keramisk klokke.<\/p>\n<p><a href=\"http:\/\/zirconia-ceramics.com\/wp-content\/uploads\/2015\/10\/zirconia-ceramic-watch.jpg\"><img loading=\"lazy\" decoding=\"async\" class=\"alignnone size-medium wp-image-154\" src=\"http:\/\/zirconia-ceramics.com\/wp-content\/uploads\/2015\/10\/zirconia-ceramic-watch-294x300.jpg\" alt=\"zirkonia keramisk klokke\" width=\"294\" height=\"300\" srcset=\"https:\/\/zirconia-ceramics.com\/wp-content\/uploads\/2015\/10\/zirconia-ceramic-watch-294x300.jpg 294w, https:\/\/zirconia-ceramics.com\/wp-content\/uploads\/2015\/10\/zirconia-ceramic-watch.jpg 500w\" sizes=\"(max-width: 294px) 100vw, 294px\" \/><\/a><\/p>\n<p>&nbsp;<\/p>","protected":false},"excerpt":{"rendered":"<p>Zirkonia keramikk ur tilbeh\u00f8r, for eksempel klokkeb\u00e5nd, bezel, urskive og urkasse. De har f\u00f8lgende funksjoner.<\/p>","protected":false},"author":1,"featured_media":0,"parent":0,"menu_order":0,"comment_status":"closed","ping_status":"open","template":"","meta":{"ngg_post_thumbnail":0,"footnotes":""},"class_list":["post-153","page","type-page","status-publish","czr-hentry"],"aioseo_notices":[],"_links":{"self":[{"href":"https:\/\/zirconia-ceramics.com\/nb\/wp-json\/wp\/v2\/pages\/153"}],"collection":[{"href":"https:\/\/zirconia-ceramics.com\/nb\/wp-json\/wp\/v2\/pages"}],"about":[{"href":"https:\/\/zirconia-ceramics.com\/nb\/wp-json\/wp\/v2\/types\/page"}],"author":[{"embeddable":true,"href":"https:\/\/zirconia-ceramics.com\/nb\/wp-json\/wp\/v2\/users\/1"}],"replies":[{"embeddable":true,"href":"https:\/\/zirconia-ceramics.com\/nb\/wp-json\/wp\/v2\/comments?post=153"}],"version-history":[{"count":1,"href":"https:\/\/zirconia-ceramics.com\/nb\/wp-json\/wp\/v2\/pages\/153\/revisions"}],"predecessor-version":[{"id":155,"href":"https:\/\/zirconia-ceramics.com\/nb\/wp-json\/wp\/v2\/pages\/153\/revisions\/155"}],"wp:attachment":[{"href":"https:\/\/zirconia-ceramics.com\/nb\/wp-json\/wp\/v2\/media?parent=153"}],"curies":[{"name":"wp","href":"https:\/\/api.w.org\/{rel}","templated":true}]}}