{"id":66,"date":"2014-11-30T17:58:19","date_gmt":"2014-11-30T09:58:19","guid":{"rendered":"http:\/\/zirconia-ceramics.com\/?page_id=66"},"modified":"2014-11-30T20:04:13","modified_gmt":"2014-11-30T12:04:13","slug":"zirconia-ceramic-knife","status":"publish","type":"page","link":"https:\/\/zirconia-ceramics.com\/nb\/zirkonia-keramisk-kniv\/","title":{"rendered":"zirkonia keramisk kniv"},"content":{"rendered":"<p>Zirkoniumdioksydkeramikk har h\u00f8y seighet, h\u00f8y bruddbestandighet, god kjemisk motstand, h\u00f8y b\u00f8yestyrke, h\u00f8y slitestyrke, termisk ekspansjonskoeffisient er n\u00e6r st\u00e5l, den er mye brukt i strukturkeramiske omr\u00e5der.<\/p>\n<p>zirkoniumdioksyd keramisk kniv er trygg for helsen, levetiden er lang, har ogs\u00e5 konkurransedyktig pris<\/p>\n<p>Vi kan lage zirkoniumdioksyd keramisk kniv eller blad i henhold til dine krav<\/p>\n<p><a href=\"http:\/\/zirconia-ceramics.com\/wp-content\/uploads\/2014\/11\/DSC03509.jpg\"><img loading=\"lazy\" decoding=\"async\" class=\"alignnone size-medium wp-image-67\" alt=\"zirkonia keramisk kniv\" src=\"http:\/\/zirconia-ceramics.com\/wp-content\/uploads\/2014\/11\/DSC03509-300x225.jpg\" width=\"300\" height=\"225\" srcset=\"https:\/\/zirconia-ceramics.com\/wp-content\/uploads\/2014\/11\/DSC03509-300x225.jpg 300w, https:\/\/zirconia-ceramics.com\/wp-content\/uploads\/2014\/11\/DSC03509-624x468.jpg 624w, https:\/\/zirconia-ceramics.com\/wp-content\/uploads\/2014\/11\/DSC03509.jpg 800w\" sizes=\"(max-width: 300px) 100vw, 300px\" \/><\/a><\/p>","protected":false},"excerpt":{"rendered":"<p>Zirkoniumdioksydkeramikk har h\u00f8y seighet, h\u00f8y bruddbestandighet, god kjemisk motstand, h\u00f8y b\u00f8yestyrke, h\u00f8y slitestyrke, termisk ekspansjonskoeffisient er n\u00e6r st\u00e5l, den er mye brukt i strukturkeramiske omr\u00e5der. zirkoniumdioksydkeramisk kniv er trygg for helsen, levetiden er lang, har ogs\u00e5 konkurransedyktig pris Vi kan lage zirkoniumdioksydkeramisk kniv eller blad i henhold til dine krav<\/p>","protected":false},"author":1,"featured_media":0,"parent":0,"menu_order":0,"comment_status":"closed","ping_status":"open","template":"","meta":{"ngg_post_thumbnail":0,"footnotes":""},"class_list":["post-66","page","type-page","status-publish","czr-hentry"],"aioseo_notices":[],"_links":{"self":[{"href":"https:\/\/zirconia-ceramics.com\/nb\/wp-json\/wp\/v2\/pages\/66"}],"collection":[{"href":"https:\/\/zirconia-ceramics.com\/nb\/wp-json\/wp\/v2\/pages"}],"about":[{"href":"https:\/\/zirconia-ceramics.com\/nb\/wp-json\/wp\/v2\/types\/page"}],"author":[{"embeddable":true,"href":"https:\/\/zirconia-ceramics.com\/nb\/wp-json\/wp\/v2\/users\/1"}],"replies":[{"embeddable":true,"href":"https:\/\/zirconia-ceramics.com\/nb\/wp-json\/wp\/v2\/comments?post=66"}],"version-history":[{"count":3,"href":"https:\/\/zirconia-ceramics.com\/nb\/wp-json\/wp\/v2\/pages\/66\/revisions"}],"predecessor-version":[{"id":71,"href":"https:\/\/zirconia-ceramics.com\/nb\/wp-json\/wp\/v2\/pages\/66\/revisions\/71"}],"wp:attachment":[{"href":"https:\/\/zirconia-ceramics.com\/nb\/wp-json\/wp\/v2\/media?parent=66"}],"curies":[{"name":"wp","href":"https:\/\/api.w.org\/{rel}","templated":true}]}}