{"id":153,"date":"2015-10-04T19:53:48","date_gmt":"2015-10-04T11:53:48","guid":{"rendered":"http:\/\/zirconia-ceramics.com\/?page_id=153"},"modified":"2015-10-04T19:53:48","modified_gmt":"2015-10-04T11:53:48","slug":"zirconia-ceramic-watch","status":"publish","type":"page","link":"https:\/\/zirconia-ceramics.com\/pl\/zegarek-ceramiczny-z-cyrkoniami\/","title":{"rendered":"zegarek ceramiczny z cyrkoniami"},"content":{"rendered":"<p>Akcesoria do zegark\u00f3w z ceramiki cyrkonowej, takie jak pasek do zegarka, ramka, tarcza i obudowa zegarka. Maj\u0105 one nast\u0119puj\u0105ce cechy.<\/p>\n<p><!--more--><\/p>\n<p>1. Twardo\u015b\u0107 zbli\u017cona do naturalnego diamentu; l\u017cejszy od metalu; nigdy si\u0119 nie zu\u017cywa i nie rozdziera, nigdy nie zmienia koloru.<br \/>\n2. Wysoka odporno\u015b\u0107 na zu\u017cycie i utlenianie. Nigdy nie rdzewieje, nigdy nie zmienia koloru, nigdy nie powoduje problem\u00f3w sk\u00f3rnych.<br \/>\n3. Wysoka izolacja; brak zanieczyszcze\u0144 metalowych i galwanicznych; ceramiczny zegarek z tlenku cyrkonu jest idealnym materia\u0142em chroni\u0105cym \u015brodowisko.<br \/>\n4. Wysoka g\u0119sto\u015b\u0107 koloru i wyj\u0105tkowa jako\u015b\u0107!<br \/>\n5. Super wysoka twardo\u015b\u0107, atrakcyjna i trwa\u0142a, bez szkody dla sk\u00f3ry, z wyj\u0105tkowym po\u0142yskiem, elegancka i wyj\u0105tkowa.<br \/>\n6. Nowoczesny i modny design zapewni klientom konkurencyjn\u0105 cen\u0119 zegarka ceramicznego zro2.<\/p>\n<p><a href=\"http:\/\/zirconia-ceramics.com\/wp-content\/uploads\/2015\/10\/zirconia-ceramic-watch.jpg\"><img loading=\"lazy\" decoding=\"async\" class=\"alignnone size-medium wp-image-154\" src=\"http:\/\/zirconia-ceramics.com\/wp-content\/uploads\/2015\/10\/zirconia-ceramic-watch-294x300.jpg\" alt=\"zegarek ceramiczny z cyrkoniami\" width=\"294\" height=\"300\" srcset=\"https:\/\/zirconia-ceramics.com\/wp-content\/uploads\/2015\/10\/zirconia-ceramic-watch-294x300.jpg 294w, https:\/\/zirconia-ceramics.com\/wp-content\/uploads\/2015\/10\/zirconia-ceramic-watch.jpg 500w\" sizes=\"(max-width: 294px) 100vw, 294px\" \/><\/a><\/p>\n<p>&nbsp;<\/p>","protected":false},"excerpt":{"rendered":"<p>Akcesoria do zegark\u00f3w z ceramiki cyrkonowej, takie jak pasek do zegarka, ramka, tarcza i obudowa zegarka. Maj\u0105 one nast\u0119puj\u0105ce cechy.<\/p>","protected":false},"author":1,"featured_media":0,"parent":0,"menu_order":0,"comment_status":"closed","ping_status":"open","template":"","meta":{"ngg_post_thumbnail":0,"footnotes":""},"class_list":["post-153","page","type-page","status-publish","czr-hentry"],"aioseo_notices":[],"_links":{"self":[{"href":"https:\/\/zirconia-ceramics.com\/pl\/wp-json\/wp\/v2\/pages\/153"}],"collection":[{"href":"https:\/\/zirconia-ceramics.com\/pl\/wp-json\/wp\/v2\/pages"}],"about":[{"href":"https:\/\/zirconia-ceramics.com\/pl\/wp-json\/wp\/v2\/types\/page"}],"author":[{"embeddable":true,"href":"https:\/\/zirconia-ceramics.com\/pl\/wp-json\/wp\/v2\/users\/1"}],"replies":[{"embeddable":true,"href":"https:\/\/zirconia-ceramics.com\/pl\/wp-json\/wp\/v2\/comments?post=153"}],"version-history":[{"count":1,"href":"https:\/\/zirconia-ceramics.com\/pl\/wp-json\/wp\/v2\/pages\/153\/revisions"}],"predecessor-version":[{"id":155,"href":"https:\/\/zirconia-ceramics.com\/pl\/wp-json\/wp\/v2\/pages\/153\/revisions\/155"}],"wp:attachment":[{"href":"https:\/\/zirconia-ceramics.com\/pl\/wp-json\/wp\/v2\/media?parent=153"}],"curies":[{"name":"wp","href":"https:\/\/api.w.org\/{rel}","templated":true}]}}