{"id":153,"date":"2015-10-04T19:53:48","date_gmt":"2015-10-04T11:53:48","guid":{"rendered":"http:\/\/zirconia-ceramics.com\/?page_id=153"},"modified":"2015-10-04T19:53:48","modified_gmt":"2015-10-04T11:53:48","slug":"zirconia-ceramic-watch","status":"publish","type":"page","link":"https:\/\/zirconia-ceramics.com\/pt\/relogio-em-ceramica-de-zirconio\/","title":{"rendered":"rel\u00f3gio em cer\u00e2mica de zirc\u00f3nio"},"content":{"rendered":"<p>Acess\u00f3rios para rel\u00f3gios em cer\u00e2mica de zirc\u00f3nio, como a bracelete, a luneta, o mostrador e a caixa do rel\u00f3gio. T\u00eam as seguintes carater\u00edsticas.<\/p>\n<p><!--more--><\/p>\n<p>1. Dureza semelhante \u00e0 do diamante natural; mais leve do que o metal; nunca pode ser usado e rasgado, nunca muda de cor.<br \/>\n2. Altamente resistente ao desgaste e \u00e0 oxida\u00e7\u00e3o. Nunca enferruja, nunca muda de cor, nunca causa problemas de pele.<br \/>\n3. Altamente isolado; sem polui\u00e7\u00e3o de metal e revestimento; o rel\u00f3gio de cer\u00e2mica de \u00f3xido de zirc\u00f3nio \u00e9 o material de prote\u00e7\u00e3o ambiental ideal.<br \/>\n4. Cor de alta densidade com sensa\u00e7\u00e3o de qualidade \u00fanica!<br \/>\n5. Dureza super elevada, atractiva e dur\u00e1vel, sem danos para a pele, com um brilho \u00fanico, elegante e excecional.<br \/>\n6. O design moderno e elegante trar\u00e1 aos clientes um pre\u00e7o competitivo para o rel\u00f3gio de cer\u00e2mica zro2.<\/p>\n<p><a href=\"http:\/\/zirconia-ceramics.com\/wp-content\/uploads\/2015\/10\/zirconia-ceramic-watch.jpg\"><img loading=\"lazy\" decoding=\"async\" class=\"alignnone size-medium wp-image-154\" src=\"http:\/\/zirconia-ceramics.com\/wp-content\/uploads\/2015\/10\/zirconia-ceramic-watch-294x300.jpg\" alt=\"rel\u00f3gio em cer\u00e2mica de zirc\u00f3nio\" width=\"294\" height=\"300\" srcset=\"https:\/\/zirconia-ceramics.com\/wp-content\/uploads\/2015\/10\/zirconia-ceramic-watch-294x300.jpg 294w, https:\/\/zirconia-ceramics.com\/wp-content\/uploads\/2015\/10\/zirconia-ceramic-watch.jpg 500w\" sizes=\"(max-width: 294px) 100vw, 294px\" \/><\/a><\/p>\n<p>&nbsp;<\/p>","protected":false},"excerpt":{"rendered":"<p>Acess\u00f3rios para rel\u00f3gios em cer\u00e2mica de zirc\u00f3nio, como a bracelete, a luneta, o mostrador e a caixa do rel\u00f3gio. T\u00eam as seguintes carater\u00edsticas.<\/p>","protected":false},"author":1,"featured_media":0,"parent":0,"menu_order":0,"comment_status":"closed","ping_status":"open","template":"","meta":{"ngg_post_thumbnail":0,"footnotes":""},"class_list":["post-153","page","type-page","status-publish","czr-hentry"],"aioseo_notices":[],"_links":{"self":[{"href":"https:\/\/zirconia-ceramics.com\/pt\/wp-json\/wp\/v2\/pages\/153"}],"collection":[{"href":"https:\/\/zirconia-ceramics.com\/pt\/wp-json\/wp\/v2\/pages"}],"about":[{"href":"https:\/\/zirconia-ceramics.com\/pt\/wp-json\/wp\/v2\/types\/page"}],"author":[{"embeddable":true,"href":"https:\/\/zirconia-ceramics.com\/pt\/wp-json\/wp\/v2\/users\/1"}],"replies":[{"embeddable":true,"href":"https:\/\/zirconia-ceramics.com\/pt\/wp-json\/wp\/v2\/comments?post=153"}],"version-history":[{"count":1,"href":"https:\/\/zirconia-ceramics.com\/pt\/wp-json\/wp\/v2\/pages\/153\/revisions"}],"predecessor-version":[{"id":155,"href":"https:\/\/zirconia-ceramics.com\/pt\/wp-json\/wp\/v2\/pages\/153\/revisions\/155"}],"wp:attachment":[{"href":"https:\/\/zirconia-ceramics.com\/pt\/wp-json\/wp\/v2\/media?parent=153"}],"curies":[{"name":"wp","href":"https:\/\/api.w.org\/{rel}","templated":true}]}}