{"id":45,"date":"2014-06-06T13:29:21","date_gmt":"2014-06-06T05:29:21","guid":{"rendered":"http:\/\/zirconia-ceramics.com\/?page_id=45"},"modified":"2014-06-06T13:46:03","modified_gmt":"2014-06-06T05:46:03","slug":"zro2-toughened-ceramic","status":"publish","type":"page","link":"https:\/\/zirconia-ceramics.com\/pt\/ceramica-endurecida-zro2\/","title":{"rendered":"Cer\u00e2mica endurecida Zro2"},"content":{"rendered":"<p>A cer\u00e2mica de alumina endurecida com zirc\u00f3nio (ZTA) apresenta uma melhoria consider\u00e1vel em termos de resist\u00eancia e tenacidade em rela\u00e7\u00e3o \u00e0 cer\u00e2mica de alumina, com um teor t\u00edpico de zirc\u00f3nio de 10% a 20%. Quando uma fenda se desenvolve atrav\u00e9s da cer\u00e2mica, a estrutura cristalina das part\u00edculas de zirc\u00f3nio na regi\u00e3o da fenda muda da fase tetragonal metaest\u00e1vel para a fase monocl\u00ednica est\u00e1vel. Estas tens\u00f5es, por sua vez, fecham a fenda e actuam como uma barreira energ\u00e9tica para o crescimento da fenda. A adi\u00e7\u00e3o de zirc\u00f3nio \u00e0 matriz de alumina aumenta a resist\u00eancia \u00e0 fratura em duas vezes e pode ser melhorada at\u00e9 quatro vezes, enquanto a resist\u00eancia \u00e9 mais do que duplicada.Os componentes cer\u00e2micos Zro2 endurecidos s\u00e3o mais caros do que os de alumina alfa. No entanto, apresentam solu\u00e7\u00f5es econ\u00f3micas para ambientes exigentes devido ao aumento da vida \u00fatil e do desempenho dos componentes<\/p>\n<p>Tamb\u00e9m podemos fabricar cer\u00e2mica ZTA (cer\u00e2mica \u00e0 base de alumina endurecida com zirc\u00f3nio) de acordo com as suas necessidades.<\/p>\n<p>Abaixo est\u00e1 a foto do revestimento cer\u00e2mico ZTA para resist\u00eancia ao desgaste que cont\u00e9m cerca de 20% zirc\u00f4nia e 80% alumina. O tamanho \u00e9 150 * 100 * 50mm<\/p>\n<p><a href=\"http:\/\/zirconia-ceramics.com\/wp-content\/uploads\/2014\/06\/Zirconia-toughened-ceramic.jpg\"><img loading=\"lazy\" decoding=\"async\" class=\"alignnone size-medium wp-image-46\" alt=\"Cer\u00e2mica endurecida de zirc\u00f3nio\" src=\"http:\/\/zirconia-ceramics.com\/wp-content\/uploads\/2014\/06\/Zirconia-toughened-ceramic-300x225.jpg\" width=\"300\" height=\"225\" srcset=\"https:\/\/zirconia-ceramics.com\/wp-content\/uploads\/2014\/06\/Zirconia-toughened-ceramic-300x225.jpg 300w, https:\/\/zirconia-ceramics.com\/wp-content\/uploads\/2014\/06\/Zirconia-toughened-ceramic-624x468.jpg 624w, https:\/\/zirconia-ceramics.com\/wp-content\/uploads\/2014\/06\/Zirconia-toughened-ceramic.jpg 800w\" sizes=\"(max-width: 300px) 100vw, 300px\" \/><\/a><\/p>","protected":false},"excerpt":{"rendered":"<p>Zirconia Toughened Alumina (ZTA) ceramic show considerable improvement in strength and toughness over alumina ceramics.Typical content is from 10% to 20% zirconia. When a crack grows through the ceramic,the zirconia particles rystal structure in the region of the crack changes from the metastable tetragonal phase to the stable monoclinic phase.The change increases the volume of [&hellip;]<\/p>","protected":false},"author":1,"featured_media":0,"parent":0,"menu_order":0,"comment_status":"closed","ping_status":"closed","template":"","meta":{"ngg_post_thumbnail":0,"footnotes":""},"class_list":["post-45","page","type-page","status-publish","czr-hentry"],"aioseo_notices":[],"_links":{"self":[{"href":"https:\/\/zirconia-ceramics.com\/pt\/wp-json\/wp\/v2\/pages\/45"}],"collection":[{"href":"https:\/\/zirconia-ceramics.com\/pt\/wp-json\/wp\/v2\/pages"}],"about":[{"href":"https:\/\/zirconia-ceramics.com\/pt\/wp-json\/wp\/v2\/types\/page"}],"author":[{"embeddable":true,"href":"https:\/\/zirconia-ceramics.com\/pt\/wp-json\/wp\/v2\/users\/1"}],"replies":[{"embeddable":true,"href":"https:\/\/zirconia-ceramics.com\/pt\/wp-json\/wp\/v2\/comments?post=45"}],"version-history":[{"count":6,"href":"https:\/\/zirconia-ceramics.com\/pt\/wp-json\/wp\/v2\/pages\/45\/revisions"}],"predecessor-version":[{"id":53,"href":"https:\/\/zirconia-ceramics.com\/pt\/wp-json\/wp\/v2\/pages\/45\/revisions\/53"}],"wp:attachment":[{"href":"https:\/\/zirconia-ceramics.com\/pt\/wp-json\/wp\/v2\/media?parent=45"}],"curies":[{"name":"wp","href":"https:\/\/api.w.org\/{rel}","templated":true}]}}