{"id":55,"date":"2014-06-06T22:05:04","date_gmt":"2014-06-06T14:05:04","guid":{"rendered":"http:\/\/zirconia-ceramics.com\/?page_id=55"},"modified":"2014-06-07T10:22:18","modified_gmt":"2014-06-07T02:22:18","slug":"zro2-optical-fiber-tube","status":"publish","type":"page","link":"https:\/\/zirconia-ceramics.com\/pt\/tubo-de-fibra-otica-zro2\/","title":{"rendered":"Tubo de fibra \u00f3tica Zro2"},"content":{"rendered":"<p>Tubo de fibra \u00f3tica de cer\u00e2mica de zirc\u00f3nio<\/p>\n<p>Carater\u00edsticas do produto:<br \/>\n1, os produtos est\u00e3o a utilizar tecnologia de produ\u00e7\u00e3o avan\u00e7ada, o material mec\u00e2nico<br \/>\no desempenho \u00e9 muito melhorado<br \/>\n2, para proteger o ponto de liga\u00e7\u00e3o, melhorar a resist\u00eancia mec\u00e2nica<br \/>\n3, os produtos s\u00e3o de alta precis\u00e3o, longa vida \u00fatil<br \/>\n4, o tamanho do produto tem boa consist\u00eancia, a qualidade \u00e9 a estabilidade<br \/>\n5, tubo de fibra \u00f3tica de cer\u00e2mica zro2 s\u00e3o boa fun\u00e7\u00e3o de resistente \u00e0 temperatura, bom desempenho resistente \u00e0 umidade<\/p>\n<p>Aplica\u00e7\u00e3o para tubo de fibra \u00f3tica de cer\u00e2mica de zirc\u00f3nio: Este produto \u00e9 aplic\u00e1vel \u00e0 rede de comunica\u00e7\u00e3o de rede de transmiss\u00e3o de dados, rede de televis\u00e3o por cabo, pode ser feito de acordo com sua exig\u00eancia.<\/p>\n<p>material\uff1a zirc\u00f3nio<br \/>\nFor\u00e7a de inser\u00e7\u00e3o\uff1a 2.0N-6.0N<br \/>\nPerda de inser\u00e7\u00e3o: \uff1c0.2db<br \/>\nVida \u00fatil: \u22651000 n\u00famero de vezes<br \/>\nTemperatura de trabalho\uff1a (-40\u2103-+85\u2103)<\/p>\n<p><a href=\"http:\/\/zirconia-ceramics.com\/wp-content\/uploads\/2014\/06\/Zirconia-ceramic-optical-fiber-tube.jpg\"><img loading=\"lazy\" decoding=\"async\" class=\"alignnone size-medium wp-image-56\" alt=\"Tubo de fibra \u00f3tica de cer\u00e2mica de zirc\u00f3nio\" src=\"http:\/\/zirconia-ceramics.com\/wp-content\/uploads\/2014\/06\/Zirconia-ceramic-optical-fiber-tube-300x147.jpg\" width=\"300\" height=\"147\" srcset=\"https:\/\/zirconia-ceramics.com\/wp-content\/uploads\/2014\/06\/Zirconia-ceramic-optical-fiber-tube-300x147.jpg 300w, https:\/\/zirconia-ceramics.com\/wp-content\/uploads\/2014\/06\/Zirconia-ceramic-optical-fiber-tube.jpg 365w\" sizes=\"(max-width: 300px) 100vw, 300px\" \/><\/a><\/p>","protected":false},"excerpt":{"rendered":"<p>Zirconia ceramic optical fiber tube Product features: 1, products are using advanced production technology, the material mechanical performance is greatly improved 2, to protect the connection point, improve the mechanical strength 3, the products is high precision, long service life 4, the product size have good consistency, quality is stability 5, zro2 ceramic optical fiber [&hellip;]<\/p>","protected":false},"author":1,"featured_media":0,"parent":0,"menu_order":0,"comment_status":"closed","ping_status":"closed","template":"","meta":{"ngg_post_thumbnail":0,"footnotes":""},"class_list":["post-55","page","type-page","status-publish","czr-hentry"],"aioseo_notices":[],"_links":{"self":[{"href":"https:\/\/zirconia-ceramics.com\/pt\/wp-json\/wp\/v2\/pages\/55"}],"collection":[{"href":"https:\/\/zirconia-ceramics.com\/pt\/wp-json\/wp\/v2\/pages"}],"about":[{"href":"https:\/\/zirconia-ceramics.com\/pt\/wp-json\/wp\/v2\/types\/page"}],"author":[{"embeddable":true,"href":"https:\/\/zirconia-ceramics.com\/pt\/wp-json\/wp\/v2\/users\/1"}],"replies":[{"embeddable":true,"href":"https:\/\/zirconia-ceramics.com\/pt\/wp-json\/wp\/v2\/comments?post=55"}],"version-history":[{"count":5,"href":"https:\/\/zirconia-ceramics.com\/pt\/wp-json\/wp\/v2\/pages\/55\/revisions"}],"predecessor-version":[{"id":63,"href":"https:\/\/zirconia-ceramics.com\/pt\/wp-json\/wp\/v2\/pages\/55\/revisions\/63"}],"wp:attachment":[{"href":"https:\/\/zirconia-ceramics.com\/pt\/wp-json\/wp\/v2\/media?parent=55"}],"curies":[{"name":"wp","href":"https:\/\/api.w.org\/{rel}","templated":true}]}}