{"id":66,"date":"2014-11-30T17:58:19","date_gmt":"2014-11-30T09:58:19","guid":{"rendered":"http:\/\/zirconia-ceramics.com\/?page_id=66"},"modified":"2014-11-30T20:04:13","modified_gmt":"2014-11-30T12:04:13","slug":"zirconia-ceramic-knife","status":"publish","type":"page","link":"https:\/\/zirconia-ceramics.com\/pt\/faca-de-ceramica-de-zirconio\/","title":{"rendered":"faca de cer\u00e2mica de zirc\u00f3nio"},"content":{"rendered":"<p>A cer\u00e2mica de zirc\u00f3nia tem elevada tenacidade, elevada resist\u00eancia \u00e0 fratura, boa resist\u00eancia qu\u00edmica, elevada resist\u00eancia \u00e0 flex\u00e3o, elevada resist\u00eancia ao desgaste, o coeficiente de expans\u00e3o t\u00e9rmica \u00e9 pr\u00f3ximo do a\u00e7o, \u00e9 amplamente utilizada em \u00e1reas de cer\u00e2mica estrutural.<\/p>\n<p>A faca de cer\u00e2mica de zirc\u00f3nio \u00e9 segura para a sa\u00fade, a vida \u00fatil \u00e9 longa e tem um pre\u00e7o competitivo<\/p>\n<p>Podemos fabricar facas ou l\u00e2minas de cer\u00e2mica de zirc\u00f3nio de acordo com as suas necessidades<\/p>\n<p><a href=\"http:\/\/zirconia-ceramics.com\/wp-content\/uploads\/2014\/11\/DSC03509.jpg\"><img loading=\"lazy\" decoding=\"async\" class=\"alignnone size-medium wp-image-67\" alt=\"faca de cer\u00e2mica de zirc\u00f3nio\" src=\"http:\/\/zirconia-ceramics.com\/wp-content\/uploads\/2014\/11\/DSC03509-300x225.jpg\" width=\"300\" height=\"225\" srcset=\"https:\/\/zirconia-ceramics.com\/wp-content\/uploads\/2014\/11\/DSC03509-300x225.jpg 300w, https:\/\/zirconia-ceramics.com\/wp-content\/uploads\/2014\/11\/DSC03509-624x468.jpg 624w, https:\/\/zirconia-ceramics.com\/wp-content\/uploads\/2014\/11\/DSC03509.jpg 800w\" sizes=\"(max-width: 300px) 100vw, 300px\" \/><\/a><\/p>","protected":false},"excerpt":{"rendered":"<p>Zirconia ceramic has high toughness,high fracture resistant,good chemical resistance,high bending strength,high wear resistance,the coefficient of thermal expansion is close to steel,it is widely used in structure ceramic areas. zirconia ceramic knife is safe to health,the service life is long,also have competitive price We can make zirconia ceramic knife or\u00a0blade according to your requirement<\/p>","protected":false},"author":1,"featured_media":0,"parent":0,"menu_order":0,"comment_status":"closed","ping_status":"open","template":"","meta":{"ngg_post_thumbnail":0,"footnotes":""},"class_list":["post-66","page","type-page","status-publish","czr-hentry"],"aioseo_notices":[],"_links":{"self":[{"href":"https:\/\/zirconia-ceramics.com\/pt\/wp-json\/wp\/v2\/pages\/66"}],"collection":[{"href":"https:\/\/zirconia-ceramics.com\/pt\/wp-json\/wp\/v2\/pages"}],"about":[{"href":"https:\/\/zirconia-ceramics.com\/pt\/wp-json\/wp\/v2\/types\/page"}],"author":[{"embeddable":true,"href":"https:\/\/zirconia-ceramics.com\/pt\/wp-json\/wp\/v2\/users\/1"}],"replies":[{"embeddable":true,"href":"https:\/\/zirconia-ceramics.com\/pt\/wp-json\/wp\/v2\/comments?post=66"}],"version-history":[{"count":3,"href":"https:\/\/zirconia-ceramics.com\/pt\/wp-json\/wp\/v2\/pages\/66\/revisions"}],"predecessor-version":[{"id":71,"href":"https:\/\/zirconia-ceramics.com\/pt\/wp-json\/wp\/v2\/pages\/66\/revisions\/71"}],"wp:attachment":[{"href":"https:\/\/zirconia-ceramics.com\/pt\/wp-json\/wp\/v2\/media?parent=66"}],"curies":[{"name":"wp","href":"https:\/\/api.w.org\/{rel}","templated":true}]}}