{"id":162,"date":"2015-10-04T21:15:19","date_gmt":"2015-10-04T13:15:19","guid":{"rendered":"http:\/\/zirconia-ceramics.com\/?page_id=162"},"modified":"2015-10-04T21:15:19","modified_gmt":"2015-10-04T13:15:19","slug":"zirconia-ceramic-ornaments","status":"publish","type":"page","link":"https:\/\/zirconia-ceramics.com\/pt_br\/ornamentos-de-ceramica-de-zirconia\/","title":{"rendered":"ornamentos de cer\u00e2mica de zirc\u00f4nia"},"content":{"rendered":"<p>Podemos fabricar ornamentos de cer\u00e2mica de zirc\u00f4nia de acordo com suas necessidades<\/p>\n<p>1. Dureza pr\u00f3xima \u00e0 do diamante natural, mais leve que o metal, nunca se desgasta, nunca muda de cor e assim por diante.<br \/>\n2. Resistente ao desgaste, resistente \u00e0 oxida\u00e7\u00e3o, nunca enferruja, nunca muda de cor e n\u00e3o causa alergia na pele.<br \/>\n3. Os acess\u00f3rios de cer\u00e2mica colorida causam excelente impress\u00e3o.<br \/>\n4. As joias de cer\u00e2mica Zro2 s\u00e3o art\u00edsticas, dur\u00e1veis e magn\u00edficas.<\/p>\n<p><a href=\"http:\/\/zirconia-ceramics.com\/wp-content\/uploads\/2015\/10\/zirconia-ceramic-ornaments.jpg\"><img loading=\"lazy\" decoding=\"async\" class=\"alignnone size-medium wp-image-163\" src=\"http:\/\/zirconia-ceramics.com\/wp-content\/uploads\/2015\/10\/zirconia-ceramic-ornaments-300x232.jpg\" alt=\"ornamentos de cer\u00e2mica de zirc\u00f4nia\" width=\"300\" height=\"232\" srcset=\"https:\/\/zirconia-ceramics.com\/wp-content\/uploads\/2015\/10\/zirconia-ceramic-ornaments-300x232.jpg 300w, https:\/\/zirconia-ceramics.com\/wp-content\/uploads\/2015\/10\/zirconia-ceramic-ornaments-624x482.jpg 624w, https:\/\/zirconia-ceramics.com\/wp-content\/uploads\/2015\/10\/zirconia-ceramic-ornaments.jpg 735w\" sizes=\"(max-width: 300px) 100vw, 300px\" \/><\/a><\/p>\n<p>&nbsp;<\/p>","protected":false},"excerpt":{"rendered":"<p>Podemos fabricar ornamentos de cer\u00e2mica de zirc\u00f4nia de acordo com sua exig\u00eancia 1. Dureza pr\u00f3xima \u00e0 do diamante natural, mais leve que o metal, nunca se desgasta, nunca muda de cor e assim por diante. 2. Resistente ao desgaste, resistente \u00e0 oxida\u00e7\u00e3o, nunca enferruja, nunca muda de cor, n\u00e3o causa alergia na pele. 3. Os acess\u00f3rios de cer\u00e2mica colorida t\u00eam excelente impress\u00e3o. 4. Cer\u00e2mica Zro2 [...]<\/p>","protected":false},"author":1,"featured_media":0,"parent":0,"menu_order":0,"comment_status":"closed","ping_status":"open","template":"","meta":{"ngg_post_thumbnail":0,"footnotes":""},"class_list":["post-162","page","type-page","status-publish","czr-hentry"],"aioseo_notices":[],"_links":{"self":[{"href":"https:\/\/zirconia-ceramics.com\/pt_br\/wp-json\/wp\/v2\/pages\/162"}],"collection":[{"href":"https:\/\/zirconia-ceramics.com\/pt_br\/wp-json\/wp\/v2\/pages"}],"about":[{"href":"https:\/\/zirconia-ceramics.com\/pt_br\/wp-json\/wp\/v2\/types\/page"}],"author":[{"embeddable":true,"href":"https:\/\/zirconia-ceramics.com\/pt_br\/wp-json\/wp\/v2\/users\/1"}],"replies":[{"embeddable":true,"href":"https:\/\/zirconia-ceramics.com\/pt_br\/wp-json\/wp\/v2\/comments?post=162"}],"version-history":[{"count":1,"href":"https:\/\/zirconia-ceramics.com\/pt_br\/wp-json\/wp\/v2\/pages\/162\/revisions"}],"predecessor-version":[{"id":164,"href":"https:\/\/zirconia-ceramics.com\/pt_br\/wp-json\/wp\/v2\/pages\/162\/revisions\/164"}],"wp:attachment":[{"href":"https:\/\/zirconia-ceramics.com\/pt_br\/wp-json\/wp\/v2\/media?parent=162"}],"curies":[{"name":"wp","href":"https:\/\/api.w.org\/{rel}","templated":true}]}}