{"id":197,"date":"2023-09-14T12:03:55","date_gmt":"2023-09-14T04:03:55","guid":{"rendered":"http:\/\/zirconia-ceramics.com\/?page_id=197"},"modified":"2023-09-14T12:39:47","modified_gmt":"2023-09-14T04:39:47","slug":"technology","status":"publish","type":"page","link":"https:\/\/zirconia-ceramics.com\/pt_br\/tecnologia\/","title":{"rendered":"Tecnologia"},"content":{"rendered":"<p><strong>Processo de produ\u00e7\u00e3o<\/strong><\/p>\n<p>fresagem-secagem por spray-prensagem-usinagem verde-sinteriza\u00e7\u00e3o-inspe\u00e7\u00e3o-usinagem dura-controle de qualidade-limpeza-produtos<\/p>\n<p>&nbsp;<\/p>\n<div>\n<table>\n<tbody>\n<tr>\n<td width=\"170\">itens<\/td>\n<td width=\"213\">\u00a0\u00a0\u00a0\u00a0\u00a0\u00a0\u00a0unidade<\/td>\n<td width=\"192\">\u00a0\u00a0\u00a0\u00a0\u00a0\u00a0valores t\u00edpicos<\/td>\n<\/tr>\n<tr>\n<td width=\"170\">componente<\/td>\n<td width=\"213\">\u00a0\u00a0\u00a0\u00a0\u00a0\u00a0Wt%<\/td>\n<td width=\"192\">94,8%ZrO<sub>2<\/sub>\u00a0\u00a05.2%Y<sub>2<\/sub>O<sub>3<\/sub><\/td>\n<\/tr>\n<tr>\n<td width=\"170\">dureza<\/td>\n<td width=\"213\">\u00a0\u00a0\u00a0\u00a0\u00a0Kgf\/mm<sup>2<\/sup><\/td>\n<td width=\"192\">1250<\/td>\n<\/tr>\n<tr>\n<td width=\"170\">densidade<\/td>\n<td width=\"213\">\u00a0\u00a0\u00a0\u00a0\u00a0g\/cm<sup>3<\/sup><\/td>\n<td width=\"192\">6.0<\/td>\n<\/tr>\n<tr>\n<td width=\"170\">Resist\u00eancia \u00e0 flex\u00e3o<\/td>\n<td width=\"213\">\u00a0\u00a0\u00a0\u00a0\u00a0mpa<\/td>\n<td width=\"192\">900<\/td>\n<\/tr>\n<tr>\n<td width=\"170\">M\u00f3dulo de elasticidade<\/td>\n<td width=\"213\">\u00a0\u00a0\u00a0\u00a0\u00a0gpa<\/td>\n<td width=\"192\">200<\/td>\n<\/tr>\n<\/tbody>\n<\/table>\n<p>Observa\u00e7\u00e3o: os dados acima s\u00e3o valores m\u00e9dios baseados em testes, e servem apenas como refer\u00eancia!<\/p>\n<p>&nbsp;<\/p>\n<\/div>","protected":false},"excerpt":{"rendered":"<p>Processo de produ\u00e7\u00e3o moagem-secagem por spray-prensagem-usinagem verde-sinteriza\u00e7\u00e3o-inspe\u00e7\u00e3o-usinagem dura-controle de qualidade-limpeza-produtos itens unidade valores t\u00edpicos componente Wt% 94,8%ZrO2 5,2%Y2O3 dureza Kgf\/mm2 1250 densidade g\/cm3 6,0 Resist\u00eancia \u00e0 flex\u00e3o mpa 900 M\u00f3dulo de elasticidade gpa 200 Observa\u00e7\u00e3o: os dados acima s\u00e3o valores m\u00e9dios baseados em testes, esses dados s\u00e3o apenas para refer\u00eancia! &nbsp;<\/p>","protected":false},"author":1,"featured_media":0,"parent":0,"menu_order":0,"comment_status":"closed","ping_status":"closed","template":"","meta":{"ngg_post_thumbnail":0,"footnotes":""},"class_list":["post-197","page","type-page","status-publish","czr-hentry"],"aioseo_notices":[],"_links":{"self":[{"href":"https:\/\/zirconia-ceramics.com\/pt_br\/wp-json\/wp\/v2\/pages\/197"}],"collection":[{"href":"https:\/\/zirconia-ceramics.com\/pt_br\/wp-json\/wp\/v2\/pages"}],"about":[{"href":"https:\/\/zirconia-ceramics.com\/pt_br\/wp-json\/wp\/v2\/types\/page"}],"author":[{"embeddable":true,"href":"https:\/\/zirconia-ceramics.com\/pt_br\/wp-json\/wp\/v2\/users\/1"}],"replies":[{"embeddable":true,"href":"https:\/\/zirconia-ceramics.com\/pt_br\/wp-json\/wp\/v2\/comments?post=197"}],"version-history":[{"count":5,"href":"https:\/\/zirconia-ceramics.com\/pt_br\/wp-json\/wp\/v2\/pages\/197\/revisions"}],"predecessor-version":[{"id":201,"href":"https:\/\/zirconia-ceramics.com\/pt_br\/wp-json\/wp\/v2\/pages\/197\/revisions\/201"}],"wp:attachment":[{"href":"https:\/\/zirconia-ceramics.com\/pt_br\/wp-json\/wp\/v2\/media?parent=197"}],"curies":[{"name":"wp","href":"https:\/\/api.w.org\/{rel}","templated":true}]}}