{"id":7,"date":"2013-12-11T12:55:39","date_gmt":"2013-12-11T04:55:39","guid":{"rendered":"http:\/\/zirconia-ceramics.com\/?page_id=7"},"modified":"2016-01-25T21:02:01","modified_gmt":"2016-01-25T13:02:01","slug":"zirconia-ceramic-solutions","status":"publish","type":"page","link":"https:\/\/zirconia-ceramics.com\/pt_br\/","title":{"rendered":"Sobre"},"content":{"rendered":"<div>\n<p>Estamos localizados em Xangai, na China, e nos especializamos em projetar e fornecer cer\u00e2mica de zirc\u00f4nia, como cer\u00e2mica de zirc\u00f4nia de acordo com a sua necessidade, ZTA (cer\u00e2mica endurecida de zirc\u00f4nia, que \u00e9 feita de zirc\u00f4nia e cer\u00e2mica de alumina) e assim por diante. Se voc\u00ea nos informar suas necessidades, n\u00f3s as definiremos e forneceremos o melhor produto para voc\u00ea. Seus coment\u00e1rios s\u00e3o o maior apoio para n\u00f3s. O aprimoramento nunca ter\u00e1 fim. Seja bem-vindo \u00e0 sua consulta, incluindo suas necessidades!<\/p>\n<p>O controle de qualidade constante durante a fabrica\u00e7\u00e3o da cer\u00e2mica de \u00f3xido de zirc\u00f4nio \u00e9 a garantia da boa qualidade e da satisfa\u00e7\u00e3o do nosso cliente. O cumprimento das especifica\u00e7\u00f5es e dos desenhos dos nossos clientes \u00e9 a base do nosso controle de qualidade. Usamos v\u00e1rios meios e equipamentos para inspecionar nossas cer\u00e2micas de \u00f3xido de zirc\u00f4nio. Al\u00e9m disso, controlamos cada etapa da produ\u00e7\u00e3o e armazenamos os dados de qualidade para fins de rastreabilidade. Estamos \u00e0 disposi\u00e7\u00e3o para receber sua consulta, incluindo requisitos e coment\u00e1rios!<\/p>\n<\/div>","protected":false},"excerpt":{"rendered":"<p>Estamos localizados em Xangai, na China, e nos especializamos em projetar e fornecer cer\u00e2mica de zirc\u00f4nia, como cer\u00e2mica de zirc\u00f4nia de acordo com sua exig\u00eancia, ZTA (cer\u00e2mica endurecida de zirc\u00f4nia que \u00e9 feita de zirc\u00f4nia e cer\u00e2mica de alumina) e assim por diante.<\/p>","protected":false},"author":1,"featured_media":0,"parent":0,"menu_order":0,"comment_status":"closed","ping_status":"open","template":"","meta":{"ngg_post_thumbnail":0,"footnotes":""},"class_list":["post-7","page","type-page","status-publish","czr-hentry"],"aioseo_notices":[],"_links":{"self":[{"href":"https:\/\/zirconia-ceramics.com\/pt_br\/wp-json\/wp\/v2\/pages\/7"}],"collection":[{"href":"https:\/\/zirconia-ceramics.com\/pt_br\/wp-json\/wp\/v2\/pages"}],"about":[{"href":"https:\/\/zirconia-ceramics.com\/pt_br\/wp-json\/wp\/v2\/types\/page"}],"author":[{"embeddable":true,"href":"https:\/\/zirconia-ceramics.com\/pt_br\/wp-json\/wp\/v2\/users\/1"}],"replies":[{"embeddable":true,"href":"https:\/\/zirconia-ceramics.com\/pt_br\/wp-json\/wp\/v2\/comments?post=7"}],"version-history":[{"count":26,"href":"https:\/\/zirconia-ceramics.com\/pt_br\/wp-json\/wp\/v2\/pages\/7\/revisions"}],"predecessor-version":[{"id":175,"href":"https:\/\/zirconia-ceramics.com\/pt_br\/wp-json\/wp\/v2\/pages\/7\/revisions\/175"}],"wp:attachment":[{"href":"https:\/\/zirconia-ceramics.com\/pt_br\/wp-json\/wp\/v2\/media?parent=7"}],"curies":[{"name":"wp","href":"https:\/\/api.w.org\/{rel}","templated":true}]}}