{"id":153,"date":"2015-10-04T19:53:48","date_gmt":"2015-10-04T11:53:48","guid":{"rendered":"http:\/\/zirconia-ceramics.com\/?page_id=153"},"modified":"2015-10-04T19:53:48","modified_gmt":"2015-10-04T11:53:48","slug":"zirconia-ceramic-watch","status":"publish","type":"page","link":"https:\/\/zirconia-ceramics.com\/ro\/ceas-zirconiu-ceramic\/","title":{"rendered":"ceas zirconiu ceramic"},"content":{"rendered":"<p>Accesorii de ceas din ceramic\u0103 de zirconiu, cum ar fi banda de ceas, luneta, cadranul \u0219i carcasa ceasului. Acestea au urm\u0103toarele caracteristici.<\/p>\n<p><!--more--><\/p>\n<p>1. Duritatea se apropie de cea a diamantului natural; mai u\u0219or dec\u00e2t metalul; nu poate fi purtat \u0219i rupt, nu \u00ee\u0219i schimb\u0103 culoarea.<br \/>\n2. Foarte rezistent la uzur\u0103 \u0219i oxidare. Nu rugine\u0219te niciodat\u0103, nu \u00ee\u0219i schimb\u0103 culoarea, nu provoac\u0103 niciodat\u0103 probleme ale pielii.<br \/>\n3. Foarte izolat; f\u0103r\u0103 poluare metalic\u0103 \u0219i placare; ceasul ceramic din oxid de zirconiu este materialul ideal pentru protec\u021bia mediului.<br \/>\n4. Culoare de \u00eenalt\u0103 densitate cu un sentiment unic de calitate!<br \/>\n5. Duritate foarte mare, atractiv \u0219i durabil, f\u0103r\u0103 a afecta pielea, cu luciu unic, elegant \u0219i remarcabil.<br \/>\n6. Designul modern \u0219i la mod\u0103 va aduce clien\u021bilor un pre\u021b competitiv pentru ceasul ceramic zro2.<\/p>\n<p><a href=\"http:\/\/zirconia-ceramics.com\/wp-content\/uploads\/2015\/10\/zirconia-ceramic-watch.jpg\"><img loading=\"lazy\" decoding=\"async\" class=\"alignnone size-medium wp-image-154\" src=\"http:\/\/zirconia-ceramics.com\/wp-content\/uploads\/2015\/10\/zirconia-ceramic-watch-294x300.jpg\" alt=\"ceas zirconiu ceramic\" width=\"294\" height=\"300\" srcset=\"https:\/\/zirconia-ceramics.com\/wp-content\/uploads\/2015\/10\/zirconia-ceramic-watch-294x300.jpg 294w, https:\/\/zirconia-ceramics.com\/wp-content\/uploads\/2015\/10\/zirconia-ceramic-watch.jpg 500w\" sizes=\"(max-width: 294px) 100vw, 294px\" \/><\/a><\/p>\n<p>&nbsp;<\/p>","protected":false},"excerpt":{"rendered":"<p>Accesorii de ceas din ceramic\u0103 de zirconiu, cum ar fi banda de ceas, luneta, cadranul \u0219i carcasa ceasului. Acestea au urm\u0103toarele caracteristici.<\/p>","protected":false},"author":1,"featured_media":0,"parent":0,"menu_order":0,"comment_status":"closed","ping_status":"open","template":"","meta":{"ngg_post_thumbnail":0,"footnotes":""},"class_list":["post-153","page","type-page","status-publish","czr-hentry"],"aioseo_notices":[],"_links":{"self":[{"href":"https:\/\/zirconia-ceramics.com\/ro\/wp-json\/wp\/v2\/pages\/153"}],"collection":[{"href":"https:\/\/zirconia-ceramics.com\/ro\/wp-json\/wp\/v2\/pages"}],"about":[{"href":"https:\/\/zirconia-ceramics.com\/ro\/wp-json\/wp\/v2\/types\/page"}],"author":[{"embeddable":true,"href":"https:\/\/zirconia-ceramics.com\/ro\/wp-json\/wp\/v2\/users\/1"}],"replies":[{"embeddable":true,"href":"https:\/\/zirconia-ceramics.com\/ro\/wp-json\/wp\/v2\/comments?post=153"}],"version-history":[{"count":1,"href":"https:\/\/zirconia-ceramics.com\/ro\/wp-json\/wp\/v2\/pages\/153\/revisions"}],"predecessor-version":[{"id":155,"href":"https:\/\/zirconia-ceramics.com\/ro\/wp-json\/wp\/v2\/pages\/153\/revisions\/155"}],"wp:attachment":[{"href":"https:\/\/zirconia-ceramics.com\/ro\/wp-json\/wp\/v2\/media?parent=153"}],"curies":[{"name":"wp","href":"https:\/\/api.w.org\/{rel}","templated":true}]}}