{"id":162,"date":"2015-10-04T21:15:19","date_gmt":"2015-10-04T13:15:19","guid":{"rendered":"http:\/\/zirconia-ceramics.com\/?page_id=162"},"modified":"2015-10-04T21:15:19","modified_gmt":"2015-10-04T13:15:19","slug":"zirconia-ceramic-ornaments","status":"publish","type":"page","link":"https:\/\/zirconia-ceramics.com\/ro\/ornamente-ceramice-din-zirconiu\/","title":{"rendered":"ornamente ceramice din zirconiu"},"content":{"rendered":"<p>Putem face ornamente ceramice din zirconiu \u00een func\u021bie de cerin\u021bele dumneavoastr\u0103<\/p>\n<p>1. Duritate apropiat\u0103 de diamantul natural, mai u\u0219oar\u0103 dec\u00e2t metalul, nu se uzeaz\u0103 niciodat\u0103, nu \u00ee\u0219i schimb\u0103 culoarea \u0219i a\u0219a mai departe.<br \/>\n2. Rezistent la uzur\u0103, rezistent la oxidare, nu rugine\u0219te niciodat\u0103, nu \u00ee\u0219i schimb\u0103 culoarea, nu va duce la alergii ale pielii.<br \/>\n3. Accesoriile ceramice colorate au o impresie excelent\u0103.<br \/>\n4. Bijuteria ceramic\u0103 Zro2 este artistic\u0103, durabil\u0103, magnific\u0103.<\/p>\n<p><a href=\"http:\/\/zirconia-ceramics.com\/wp-content\/uploads\/2015\/10\/zirconia-ceramic-ornaments.jpg\"><img loading=\"lazy\" decoding=\"async\" class=\"alignnone size-medium wp-image-163\" src=\"http:\/\/zirconia-ceramics.com\/wp-content\/uploads\/2015\/10\/zirconia-ceramic-ornaments-300x232.jpg\" alt=\"ornamente ceramice din zirconiu\" width=\"300\" height=\"232\" srcset=\"https:\/\/zirconia-ceramics.com\/wp-content\/uploads\/2015\/10\/zirconia-ceramic-ornaments-300x232.jpg 300w, https:\/\/zirconia-ceramics.com\/wp-content\/uploads\/2015\/10\/zirconia-ceramic-ornaments-624x482.jpg 624w, https:\/\/zirconia-ceramics.com\/wp-content\/uploads\/2015\/10\/zirconia-ceramic-ornaments.jpg 735w\" sizes=\"(max-width: 300px) 100vw, 300px\" \/><\/a><\/p>\n<p>&nbsp;<\/p>","protected":false},"excerpt":{"rendered":"<p>Putem face ornamente ceramice din zirconiu \u00een func\u021bie de cerin\u021bele dvs. 1. Duritate apropiat\u0103 de diamantul natural, mai u\u0219oar\u0103 dec\u00e2t metalul, nu se uzeaz\u0103 niciodat\u0103, nu se schimb\u0103 culoarea \u0219i a\u0219a mai departe. 2. Rezistent la uzur\u0103, rezistent la oxidare, nu rugine\u0219te niciodat\u0103, nu \u00ee\u0219i schimb\u0103 culoarea, nu va duce la alergii ale pielii. 3. Accesoriile ceramice colorate au o impresie excelent\u0103. 4. Zro2 ceramic\u0103 [...]<\/p>","protected":false},"author":1,"featured_media":0,"parent":0,"menu_order":0,"comment_status":"closed","ping_status":"open","template":"","meta":{"ngg_post_thumbnail":0,"footnotes":""},"class_list":["post-162","page","type-page","status-publish","czr-hentry"],"aioseo_notices":[],"_links":{"self":[{"href":"https:\/\/zirconia-ceramics.com\/ro\/wp-json\/wp\/v2\/pages\/162"}],"collection":[{"href":"https:\/\/zirconia-ceramics.com\/ro\/wp-json\/wp\/v2\/pages"}],"about":[{"href":"https:\/\/zirconia-ceramics.com\/ro\/wp-json\/wp\/v2\/types\/page"}],"author":[{"embeddable":true,"href":"https:\/\/zirconia-ceramics.com\/ro\/wp-json\/wp\/v2\/users\/1"}],"replies":[{"embeddable":true,"href":"https:\/\/zirconia-ceramics.com\/ro\/wp-json\/wp\/v2\/comments?post=162"}],"version-history":[{"count":1,"href":"https:\/\/zirconia-ceramics.com\/ro\/wp-json\/wp\/v2\/pages\/162\/revisions"}],"predecessor-version":[{"id":164,"href":"https:\/\/zirconia-ceramics.com\/ro\/wp-json\/wp\/v2\/pages\/162\/revisions\/164"}],"wp:attachment":[{"href":"https:\/\/zirconia-ceramics.com\/ro\/wp-json\/wp\/v2\/media?parent=162"}],"curies":[{"name":"wp","href":"https:\/\/api.w.org\/{rel}","templated":true}]}}