{"id":45,"date":"2014-06-06T13:29:21","date_gmt":"2014-06-06T05:29:21","guid":{"rendered":"http:\/\/zirconia-ceramics.com\/?page_id=45"},"modified":"2014-06-06T13:46:03","modified_gmt":"2014-06-06T05:46:03","slug":"zro2-toughened-ceramic","status":"publish","type":"page","link":"https:\/\/zirconia-ceramics.com\/ro\/ceramica-intarita-zro2\/","title":{"rendered":"Zro2 Ceramic\u0103 \u00eent\u0103rit\u0103"},"content":{"rendered":"<p>Ceramica Zirconia Toughened Alumina (ZTA) prezint\u0103 o \u00eembun\u0103t\u0103\u021bire considerabil\u0103 a rezisten\u021bei \u0219i tenacit\u0103\u021bii fa\u021b\u0103 de ceramica din alumin\u0103.Con\u021binutul tipic este de la 10% la 20% zirconiu. Atunci c\u00e2nd o fisur\u0103 se dezvolt\u0103 prin ceramic\u0103, structura cristalin\u0103 a particulelor de zirconiu din regiunea fisurii se schimb\u0103 de la faza tetragonal\u0103 metastabil\u0103 la faza monoclinic\u0103 stabil\u0103. schimbarea cre\u0219te volumul particulelor cu aproximativ 3-4% \u0219i produce tensiuni de compresiune \u00een matricea de alumin\u0103. La r\u00e2ndul lor, aceste tensiuni \u00eenchid fisura \u0219i ac\u021bioneaz\u0103 ca o barier\u0103 energetic\u0103 \u00een calea cre\u0219terii ulterioare a fisurii. Adaosul de zirconiu la matricea de alumin\u0103 cre\u0219te rezisten\u021ba la fractur\u0103 de dou\u0103 ori \u0219i poate fi \u00eembun\u0103t\u0103\u021bit\u0103 de p\u00e2n\u0103 la patru ori, \u00een timp ce rezisten\u021ba este mai mult dec\u00e2t dublat\u0103. componentele ceramice Zro2 Toughened sunt mai scumpe dec\u00e2t cele din alumin\u0103 alfa. Cu toate acestea, ele au solu\u021bii rentabile pentru medii solicitante datorit\u0103 cre\u0219terii duratei de via\u021b\u0103 \u0219i performan\u021bei componentelor<\/p>\n<p>putem face, de asemenea, ceramic\u0103 ZTA (ceramic\u0103 pe baz\u0103 de alumin\u0103 \u00eent\u0103rit\u0103 Zirconia) \u00een func\u021bie de cerin\u021bele dvs.<\/p>\n<p>Mai jos este fotografia pentru c\u0103ptu\u0219eala ceramic\u0103 ZTA pentru rezisten\u021b\u0103 la uzur\u0103, care con\u021bine aproximativ 20% zirconiu \u0219i 80% alumina.Dimensiunea este 150 * 100 * 50mm<\/p>\n<p><a href=\"http:\/\/zirconia-ceramics.com\/wp-content\/uploads\/2014\/06\/Zirconia-toughened-ceramic.jpg\"><img loading=\"lazy\" decoding=\"async\" class=\"alignnone size-medium wp-image-46\" alt=\"Zirconia ceramic\u0103 \u00eent\u0103rit\u0103\" src=\"http:\/\/zirconia-ceramics.com\/wp-content\/uploads\/2014\/06\/Zirconia-toughened-ceramic-300x225.jpg\" width=\"300\" height=\"225\" srcset=\"https:\/\/zirconia-ceramics.com\/wp-content\/uploads\/2014\/06\/Zirconia-toughened-ceramic-300x225.jpg 300w, https:\/\/zirconia-ceramics.com\/wp-content\/uploads\/2014\/06\/Zirconia-toughened-ceramic-624x468.jpg 624w, https:\/\/zirconia-ceramics.com\/wp-content\/uploads\/2014\/06\/Zirconia-toughened-ceramic.jpg 800w\" sizes=\"(max-width: 300px) 100vw, 300px\" \/><\/a><\/p>","protected":false},"excerpt":{"rendered":"<p>Zirconia Toughened Alumina (ZTA) ceramic show considerable improvement in strength and toughness over alumina ceramics.Typical content is from 10% to 20% zirconia. When a crack grows through the ceramic,the zirconia particles rystal structure in the region of the crack changes from the metastable tetragonal phase to the stable monoclinic phase.The change increases the volume of [&hellip;]<\/p>","protected":false},"author":1,"featured_media":0,"parent":0,"menu_order":0,"comment_status":"closed","ping_status":"closed","template":"","meta":{"ngg_post_thumbnail":0,"footnotes":""},"class_list":["post-45","page","type-page","status-publish","czr-hentry"],"aioseo_notices":[],"_links":{"self":[{"href":"https:\/\/zirconia-ceramics.com\/ro\/wp-json\/wp\/v2\/pages\/45"}],"collection":[{"href":"https:\/\/zirconia-ceramics.com\/ro\/wp-json\/wp\/v2\/pages"}],"about":[{"href":"https:\/\/zirconia-ceramics.com\/ro\/wp-json\/wp\/v2\/types\/page"}],"author":[{"embeddable":true,"href":"https:\/\/zirconia-ceramics.com\/ro\/wp-json\/wp\/v2\/users\/1"}],"replies":[{"embeddable":true,"href":"https:\/\/zirconia-ceramics.com\/ro\/wp-json\/wp\/v2\/comments?post=45"}],"version-history":[{"count":6,"href":"https:\/\/zirconia-ceramics.com\/ro\/wp-json\/wp\/v2\/pages\/45\/revisions"}],"predecessor-version":[{"id":53,"href":"https:\/\/zirconia-ceramics.com\/ro\/wp-json\/wp\/v2\/pages\/45\/revisions\/53"}],"wp:attachment":[{"href":"https:\/\/zirconia-ceramics.com\/ro\/wp-json\/wp\/v2\/media?parent=45"}],"curies":[{"name":"wp","href":"https:\/\/api.w.org\/{rel}","templated":true}]}}