{"id":55,"date":"2014-06-06T22:05:04","date_gmt":"2014-06-06T14:05:04","guid":{"rendered":"http:\/\/zirconia-ceramics.com\/?page_id=55"},"modified":"2014-06-07T10:22:18","modified_gmt":"2014-06-07T02:22:18","slug":"zro2-optical-fiber-tube","status":"publish","type":"page","link":"https:\/\/zirconia-ceramics.com\/ro\/tub-de-fibra-optica-zro2\/","title":{"rendered":"Zro2 tub de fibre optice"},"content":{"rendered":"<p>Zirconia tub de fibre optice ceramice<\/p>\n<p>Caracteristicile produsului:<br \/>\n1, produsele utilizeaz\u0103 tehnologii avansate de produc\u021bie, materialul mecanic<br \/>\nperforman\u021ba este mult \u00eembun\u0103t\u0103\u021bit\u0103<br \/>\n2, pentru a proteja punctul de conectare, pentru a \u00eembun\u0103t\u0103\u021bi rezisten\u021ba mecanic\u0103<br \/>\n3, produsele sunt de \u00eenalt\u0103 precizie, durat\u0103 lung\u0103 de via\u021b\u0103<br \/>\n4, dimensiunea produsului are o consisten\u021b\u0103 bun\u0103, calitatea este stabilitatea<br \/>\n5, tubul de fibr\u0103 optic\u0103 ceramic\u0103 zro2 este o func\u021bie bun\u0103 de rezisten\u021b\u0103 la temperatur\u0103, performan\u021b\u0103 bun\u0103 rezistent\u0103 la umiditate<\/p>\n<p>Aplica\u021bie pentru tubul de fibr\u0103 optic\u0103 ceramic\u0103 Zirconia: Acest produs se aplic\u0103 la re\u021beaua de transmisie de date, re\u021beaua de comunica\u021bii, re\u021beaua de televiziune prin cablu, poate fi f\u0103cut\u0103 \u00een func\u021bie de cerin\u021bele dvs.<\/p>\n<p>material: zirconiu<br \/>\nFor\u021ba de inser\u021bie: 2.0N-6.0N<br \/>\nPierdere de inser\u021bie\uff1a \uff1c0.2db<br \/>\nDurata de via\u021b\u0103: \u22651000 num\u0103r de ori<br \/>\nTemperatura de lucru\uff1a (-40 \u2103-+85 \u2103)<\/p>\n<p><a href=\"http:\/\/zirconia-ceramics.com\/wp-content\/uploads\/2014\/06\/Zirconia-ceramic-optical-fiber-tube.jpg\"><img loading=\"lazy\" decoding=\"async\" class=\"alignnone size-medium wp-image-56\" alt=\"Zirconia tub de fibre optice ceramice\" src=\"http:\/\/zirconia-ceramics.com\/wp-content\/uploads\/2014\/06\/Zirconia-ceramic-optical-fiber-tube-300x147.jpg\" width=\"300\" height=\"147\" srcset=\"https:\/\/zirconia-ceramics.com\/wp-content\/uploads\/2014\/06\/Zirconia-ceramic-optical-fiber-tube-300x147.jpg 300w, https:\/\/zirconia-ceramics.com\/wp-content\/uploads\/2014\/06\/Zirconia-ceramic-optical-fiber-tube.jpg 365w\" sizes=\"(max-width: 300px) 100vw, 300px\" \/><\/a><\/p>","protected":false},"excerpt":{"rendered":"<p>Zirconia ceramic optical fiber tube Product features: 1, products are using advanced production technology, the material mechanical performance is greatly improved 2, to protect the connection point, improve the mechanical strength 3, the products is high precision, long service life 4, the product size have good consistency, quality is stability 5, zro2 ceramic optical fiber [&hellip;]<\/p>","protected":false},"author":1,"featured_media":0,"parent":0,"menu_order":0,"comment_status":"closed","ping_status":"closed","template":"","meta":{"ngg_post_thumbnail":0,"footnotes":""},"class_list":["post-55","page","type-page","status-publish","czr-hentry"],"aioseo_notices":[],"_links":{"self":[{"href":"https:\/\/zirconia-ceramics.com\/ro\/wp-json\/wp\/v2\/pages\/55"}],"collection":[{"href":"https:\/\/zirconia-ceramics.com\/ro\/wp-json\/wp\/v2\/pages"}],"about":[{"href":"https:\/\/zirconia-ceramics.com\/ro\/wp-json\/wp\/v2\/types\/page"}],"author":[{"embeddable":true,"href":"https:\/\/zirconia-ceramics.com\/ro\/wp-json\/wp\/v2\/users\/1"}],"replies":[{"embeddable":true,"href":"https:\/\/zirconia-ceramics.com\/ro\/wp-json\/wp\/v2\/comments?post=55"}],"version-history":[{"count":5,"href":"https:\/\/zirconia-ceramics.com\/ro\/wp-json\/wp\/v2\/pages\/55\/revisions"}],"predecessor-version":[{"id":63,"href":"https:\/\/zirconia-ceramics.com\/ro\/wp-json\/wp\/v2\/pages\/55\/revisions\/63"}],"wp:attachment":[{"href":"https:\/\/zirconia-ceramics.com\/ro\/wp-json\/wp\/v2\/media?parent=55"}],"curies":[{"name":"wp","href":"https:\/\/api.w.org\/{rel}","templated":true}]}}