{"id":66,"date":"2014-11-30T17:58:19","date_gmt":"2014-11-30T09:58:19","guid":{"rendered":"http:\/\/zirconia-ceramics.com\/?page_id=66"},"modified":"2014-11-30T20:04:13","modified_gmt":"2014-11-30T12:04:13","slug":"zirconia-ceramic-knife","status":"publish","type":"page","link":"https:\/\/zirconia-ceramics.com\/ro\/cutit-ceramic-din-zirconiu\/","title":{"rendered":"cu\u021bit ceramic din zirconiu"},"content":{"rendered":"<p>Zirconia ceramic\u0103 are tenacitate ridicat\u0103, rezisten\u021b\u0103 ridicat\u0103 la fractur\u0103, rezisten\u021b\u0103 chimic\u0103 bun\u0103, rezisten\u021b\u0103 ridicat\u0103 la \u00eendoire, rezisten\u021b\u0103 ridicat\u0103 la uzur\u0103, coeficientul de dilatare termic\u0103 este aproape de o\u021bel, este utilizat pe scar\u0103 larg\u0103 \u00een zonele ceramice de structur\u0103.<\/p>\n<p>Cu\u021bitul ceramic din zirconiu este sigur pentru s\u0103n\u0103tate, durata de via\u021b\u0103 este lung\u0103, are, de asemenea, un pre\u021b competitiv<\/p>\n<p>Putem face cu\u021bit ceramic din zirconiu sau lam\u0103 \u00een func\u021bie de cerin\u021bele dumneavoastr\u0103<\/p>\n<p><a href=\"http:\/\/zirconia-ceramics.com\/wp-content\/uploads\/2014\/11\/DSC03509.jpg\"><img loading=\"lazy\" decoding=\"async\" class=\"alignnone size-medium wp-image-67\" alt=\"cu\u021bit ceramic din zirconiu\" src=\"http:\/\/zirconia-ceramics.com\/wp-content\/uploads\/2014\/11\/DSC03509-300x225.jpg\" width=\"300\" height=\"225\" srcset=\"https:\/\/zirconia-ceramics.com\/wp-content\/uploads\/2014\/11\/DSC03509-300x225.jpg 300w, https:\/\/zirconia-ceramics.com\/wp-content\/uploads\/2014\/11\/DSC03509-624x468.jpg 624w, https:\/\/zirconia-ceramics.com\/wp-content\/uploads\/2014\/11\/DSC03509.jpg 800w\" sizes=\"(max-width: 300px) 100vw, 300px\" \/><\/a><\/p>","protected":false},"excerpt":{"rendered":"<p>Zirconia ceramic\u0103 are tenacitate ridicat\u0103, rezisten\u021b\u0103 ridicat\u0103 la fractur\u0103, rezisten\u021b\u0103 chimic\u0103 bun\u0103, rezisten\u021b\u0103 ridicat\u0103 la \u00eendoire, rezisten\u021b\u0103 ridicat\u0103 la uzur\u0103, coeficientul de dilatare termic\u0103 este aproape de o\u021bel, este utilizat pe scar\u0103 larg\u0103 \u00een zonele ceramice de structur\u0103. cu\u021bit ceramic zirconia este sigur pentru s\u0103n\u0103tate, durata de via\u021b\u0103 este lung\u0103, de asemenea, au pre\u021b competitiv Putem face cu\u021bit ceramic zirconia sau lama \u00een func\u021bie de cerin\u021ba dumneavoastr\u0103<\/p>","protected":false},"author":1,"featured_media":0,"parent":0,"menu_order":0,"comment_status":"closed","ping_status":"open","template":"","meta":{"ngg_post_thumbnail":0,"footnotes":""},"class_list":["post-66","page","type-page","status-publish","czr-hentry"],"aioseo_notices":[],"_links":{"self":[{"href":"https:\/\/zirconia-ceramics.com\/ro\/wp-json\/wp\/v2\/pages\/66"}],"collection":[{"href":"https:\/\/zirconia-ceramics.com\/ro\/wp-json\/wp\/v2\/pages"}],"about":[{"href":"https:\/\/zirconia-ceramics.com\/ro\/wp-json\/wp\/v2\/types\/page"}],"author":[{"embeddable":true,"href":"https:\/\/zirconia-ceramics.com\/ro\/wp-json\/wp\/v2\/users\/1"}],"replies":[{"embeddable":true,"href":"https:\/\/zirconia-ceramics.com\/ro\/wp-json\/wp\/v2\/comments?post=66"}],"version-history":[{"count":3,"href":"https:\/\/zirconia-ceramics.com\/ro\/wp-json\/wp\/v2\/pages\/66\/revisions"}],"predecessor-version":[{"id":71,"href":"https:\/\/zirconia-ceramics.com\/ro\/wp-json\/wp\/v2\/pages\/66\/revisions\/71"}],"wp:attachment":[{"href":"https:\/\/zirconia-ceramics.com\/ro\/wp-json\/wp\/v2\/media?parent=66"}],"curies":[{"name":"wp","href":"https:\/\/api.w.org\/{rel}","templated":true}]}}