{"id":153,"date":"2015-10-04T19:53:48","date_gmt":"2015-10-04T11:53:48","guid":{"rendered":"http:\/\/zirconia-ceramics.com\/?page_id=153"},"modified":"2015-10-04T19:53:48","modified_gmt":"2015-10-04T11:53:48","slug":"zirconia-ceramic-watch","status":"publish","type":"page","link":"https:\/\/zirconia-ceramics.com\/sv\/klocka-av-zirkoniumdioxidkeramik\/","title":{"rendered":"klocka av zirkoniumdioxidkeramik"},"content":{"rendered":"<p>Klocktillbeh\u00f6r av zirkoniumdioxidkeramik, t.ex. klockarmband, boett, urtavla och klockboett. De har f\u00f6ljande funktioner.<\/p>\n<p><!--more--><\/p>\n<p>1. H\u00e5rdheten n\u00e4rmar sig naturdiamantens; l\u00e4ttare \u00e4n metall; kan aldrig slitas eller rivas s\u00f6nder, \u00e4ndrar aldrig f\u00e4rg.<br \/>\n2. Mycket slitstark och oxidationsbest\u00e4ndig. Rostar aldrig, \u00e4ndrar aldrig f\u00e4rg, orsakar aldrig hudproblem.<br \/>\n3. Mycket isolerad; ingen metall- och pl\u00e4teringsf\u00f6rorening; zirkoniumoxidkeramisk klocka \u00e4r det perfekta milj\u00f6skyddsmaterialet.<br \/>\n4. F\u00e4rg med h\u00f6g densitet och unik kvalitetsk\u00e4nsla!<br \/>\n5. Superh\u00f6g h\u00e5rdhet, attraktiv och h\u00e5llbar, utan att skada huden, med unik lyster, elegant och enast\u00e5ende.<br \/>\n6. Modern och fashionabel design kommer att ge kunderna konkurrenskraftigt pris f\u00f6r zro2 keramisk klocka.<\/p>\n<p><a href=\"http:\/\/zirconia-ceramics.com\/wp-content\/uploads\/2015\/10\/zirconia-ceramic-watch.jpg\"><img loading=\"lazy\" decoding=\"async\" class=\"alignnone size-medium wp-image-154\" src=\"http:\/\/zirconia-ceramics.com\/wp-content\/uploads\/2015\/10\/zirconia-ceramic-watch-294x300.jpg\" alt=\"klocka av zirkoniumdioxidkeramik\" width=\"294\" height=\"300\" srcset=\"https:\/\/zirconia-ceramics.com\/wp-content\/uploads\/2015\/10\/zirconia-ceramic-watch-294x300.jpg 294w, https:\/\/zirconia-ceramics.com\/wp-content\/uploads\/2015\/10\/zirconia-ceramic-watch.jpg 500w\" sizes=\"(max-width: 294px) 100vw, 294px\" \/><\/a><\/p>\n<p>&nbsp;<\/p>","protected":false},"excerpt":{"rendered":"<p>Klocktillbeh\u00f6r av zirkoniumdioxidkeramik, t.ex. klockarmband, boett, urtavla och klockboett. De har f\u00f6ljande funktioner.<\/p>","protected":false},"author":1,"featured_media":0,"parent":0,"menu_order":0,"comment_status":"closed","ping_status":"open","template":"","meta":{"ngg_post_thumbnail":0,"footnotes":""},"class_list":["post-153","page","type-page","status-publish","czr-hentry"],"aioseo_notices":[],"_links":{"self":[{"href":"https:\/\/zirconia-ceramics.com\/sv\/wp-json\/wp\/v2\/pages\/153"}],"collection":[{"href":"https:\/\/zirconia-ceramics.com\/sv\/wp-json\/wp\/v2\/pages"}],"about":[{"href":"https:\/\/zirconia-ceramics.com\/sv\/wp-json\/wp\/v2\/types\/page"}],"author":[{"embeddable":true,"href":"https:\/\/zirconia-ceramics.com\/sv\/wp-json\/wp\/v2\/users\/1"}],"replies":[{"embeddable":true,"href":"https:\/\/zirconia-ceramics.com\/sv\/wp-json\/wp\/v2\/comments?post=153"}],"version-history":[{"count":1,"href":"https:\/\/zirconia-ceramics.com\/sv\/wp-json\/wp\/v2\/pages\/153\/revisions"}],"predecessor-version":[{"id":155,"href":"https:\/\/zirconia-ceramics.com\/sv\/wp-json\/wp\/v2\/pages\/153\/revisions\/155"}],"wp:attachment":[{"href":"https:\/\/zirconia-ceramics.com\/sv\/wp-json\/wp\/v2\/media?parent=153"}],"curies":[{"name":"wp","href":"https:\/\/api.w.org\/{rel}","templated":true}]}}