{"id":162,"date":"2015-10-04T21:15:19","date_gmt":"2015-10-04T13:15:19","guid":{"rendered":"http:\/\/zirconia-ceramics.com\/?page_id=162"},"modified":"2015-10-04T21:15:19","modified_gmt":"2015-10-04T13:15:19","slug":"zirconia-ceramic-ornaments","status":"publish","type":"page","link":"https:\/\/zirconia-ceramics.com\/sv\/keramiska-ornament-av-zirkoniumdioxid\/","title":{"rendered":"keramiska ornament av zirkoniumdioxid"},"content":{"rendered":"<p>Vi kan g\u00f6ra keramiska ornament av zirkoniumoxid enligt dina krav<\/p>\n<p>1. H\u00e5rdhet n\u00e4ra naturlig diamant, l\u00e4ttare \u00e4n metallen, aldrig slitage, aldrig \u00e4ndra f\u00e4rg och s\u00e5 vidare.<br \/>\n2. Slitstark, oxidationsbest\u00e4ndig, rostar aldrig, \u00e4ndrar aldrig f\u00e4rg, leder inte till hudallergi.<br \/>\n3. F\u00e4rgade keramiska tillbeh\u00f6r ger ett utm\u00e4rkt intryck.<br \/>\n4. Zro2 keramiska smycken \u00e4r konstn\u00e4rliga, h\u00e5llbara, magnifika.<\/p>\n<p><a href=\"http:\/\/zirconia-ceramics.com\/wp-content\/uploads\/2015\/10\/zirconia-ceramic-ornaments.jpg\"><img loading=\"lazy\" decoding=\"async\" class=\"alignnone size-medium wp-image-163\" src=\"http:\/\/zirconia-ceramics.com\/wp-content\/uploads\/2015\/10\/zirconia-ceramic-ornaments-300x232.jpg\" alt=\"keramiska ornament av zirkoniumdioxid\" width=\"300\" height=\"232\" srcset=\"https:\/\/zirconia-ceramics.com\/wp-content\/uploads\/2015\/10\/zirconia-ceramic-ornaments-300x232.jpg 300w, https:\/\/zirconia-ceramics.com\/wp-content\/uploads\/2015\/10\/zirconia-ceramic-ornaments-624x482.jpg 624w, https:\/\/zirconia-ceramics.com\/wp-content\/uploads\/2015\/10\/zirconia-ceramic-ornaments.jpg 735w\" sizes=\"(max-width: 300px) 100vw, 300px\" \/><\/a><\/p>\n<p>&nbsp;<\/p>","protected":false},"excerpt":{"rendered":"<p>Vi kan g\u00f6ra keramiska ornament av zirkoniumoxid enligt dina krav 1. H\u00e5rdhet n\u00e4ra naturlig diamant, l\u00e4ttare \u00e4n metallen, aldrig slitage, aldrig \u00e4ndra f\u00e4rg och s\u00e5 vidare. 2. Slitstark, oxidationsbest\u00e4ndig, rostar aldrig, \u00e4ndrar aldrig f\u00e4rg, leder inte till hudallergi. 3. F\u00e4rgade keramiska tillbeh\u00f6r har utm\u00e4rkt intryck. 4. Zro2 keramik [...]<\/p>","protected":false},"author":1,"featured_media":0,"parent":0,"menu_order":0,"comment_status":"closed","ping_status":"open","template":"","meta":{"ngg_post_thumbnail":0,"footnotes":""},"class_list":["post-162","page","type-page","status-publish","czr-hentry"],"aioseo_notices":[],"_links":{"self":[{"href":"https:\/\/zirconia-ceramics.com\/sv\/wp-json\/wp\/v2\/pages\/162"}],"collection":[{"href":"https:\/\/zirconia-ceramics.com\/sv\/wp-json\/wp\/v2\/pages"}],"about":[{"href":"https:\/\/zirconia-ceramics.com\/sv\/wp-json\/wp\/v2\/types\/page"}],"author":[{"embeddable":true,"href":"https:\/\/zirconia-ceramics.com\/sv\/wp-json\/wp\/v2\/users\/1"}],"replies":[{"embeddable":true,"href":"https:\/\/zirconia-ceramics.com\/sv\/wp-json\/wp\/v2\/comments?post=162"}],"version-history":[{"count":1,"href":"https:\/\/zirconia-ceramics.com\/sv\/wp-json\/wp\/v2\/pages\/162\/revisions"}],"predecessor-version":[{"id":164,"href":"https:\/\/zirconia-ceramics.com\/sv\/wp-json\/wp\/v2\/pages\/162\/revisions\/164"}],"wp:attachment":[{"href":"https:\/\/zirconia-ceramics.com\/sv\/wp-json\/wp\/v2\/media?parent=162"}],"curies":[{"name":"wp","href":"https:\/\/api.w.org\/{rel}","templated":true}]}}