{"id":197,"date":"2023-09-14T12:03:55","date_gmt":"2023-09-14T04:03:55","guid":{"rendered":"http:\/\/zirconia-ceramics.com\/?page_id=197"},"modified":"2023-09-14T12:39:47","modified_gmt":"2023-09-14T04:39:47","slug":"technology","status":"publish","type":"page","link":"https:\/\/zirconia-ceramics.com\/sv\/teknik\/","title":{"rendered":"Teknik"},"content":{"rendered":"<p><strong>Produktionsprocess<\/strong><\/p>\n<p>fr\u00e4sning-spray torkning-pressning-gr\u00f6nbearbetning-sintring-inspektion-h\u00e5rdbearbetning-kvalitetskontroll-reng\u00f6ring-produkter<\/p>\n<p>&nbsp;<\/p>\n<div>\n<table>\n<tbody>\n<tr>\n<td width=\"170\">f\u00f6rem\u00e5l<\/td>\n<td width=\"213\">\u00a0\u00a0\u00a0\u00a0\u00a0\u00a0\u00a0enhet<\/td>\n<td width=\"192\">\u00a0\u00a0\u00a0\u00a0\u00a0\u00a0typiska v\u00e4rden<\/td>\n<\/tr>\n<tr>\n<td width=\"170\">komponent<\/td>\n<td width=\"213\">\u00a0\u00a0\u00a0\u00a0\u00a0\u00a0Wt%<\/td>\n<td width=\"192\">94,8%ZrO<sub>2<\/sub>\u00a0\u00a05,2%Y<sub>2<\/sub>O<sub>3<\/sub><\/td>\n<\/tr>\n<tr>\n<td width=\"170\">H\u00e5rdhet<\/td>\n<td width=\"213\">\u00a0\u00a0\u00a0\u00a0\u00a0Kgf\/mm<sup>2<\/sup><\/td>\n<td width=\"192\">1250<\/td>\n<\/tr>\n<tr>\n<td width=\"170\">t\u00e4thet<\/td>\n<td width=\"213\">\u00a0\u00a0\u00a0\u00a0\u00a0g\/cm<sup>3<\/sup><\/td>\n<td width=\"192\">6.0<\/td>\n<\/tr>\n<tr>\n<td width=\"170\">B\u00f6jh\u00e5llfasthet<\/td>\n<td width=\"213\">\u00a0\u00a0\u00a0\u00a0\u00a0mpa<\/td>\n<td width=\"192\">900<\/td>\n<\/tr>\n<tr>\n<td width=\"170\">Elasticitetsmodul<\/td>\n<td width=\"213\">\u00a0\u00a0\u00a0\u00a0\u00a0gpa<\/td>\n<td width=\"192\">200<\/td>\n<\/tr>\n<\/tbody>\n<\/table>\n<p>Obs: ovanst\u00e5ende data \u00e4r medelv\u00e4rde baserat p\u00e5 test, dessa data \u00e4r endast f\u00f6r referens!<\/p>\n<p>&nbsp;<\/p>\n<\/div>","protected":false},"excerpt":{"rendered":"<p>Production Process milling-spray drying-pressing-green machining-sintering-inspection-hard machining-quality control-cleaning-products &nbsp; items \u00a0\u00a0\u00a0\u00a0\u00a0\u00a0\u00a0unit \u00a0\u00a0\u00a0\u00a0\u00a0\u00a0typical values component \u00a0\u00a0\u00a0\u00a0\u00a0\u00a0Wt% 94.8%ZrO2\u00a0\u00a05.2%Y2O3 hardness \u00a0\u00a0\u00a0\u00a0\u00a0Kgf\/mm2 1250 density \u00a0\u00a0\u00a0\u00a0\u00a0g\/cm3 6.0 Bending strength \u00a0\u00a0\u00a0\u00a0\u00a0mpa 900 Modulus of elasticity \u00a0\u00a0\u00a0\u00a0\u00a0gpa 200 Note:the above data is average value based on test,these data are for reference only! &nbsp;<\/p>","protected":false},"author":1,"featured_media":0,"parent":0,"menu_order":0,"comment_status":"closed","ping_status":"closed","template":"","meta":{"ngg_post_thumbnail":0,"footnotes":""},"class_list":["post-197","page","type-page","status-publish","czr-hentry"],"aioseo_notices":[],"_links":{"self":[{"href":"https:\/\/zirconia-ceramics.com\/sv\/wp-json\/wp\/v2\/pages\/197"}],"collection":[{"href":"https:\/\/zirconia-ceramics.com\/sv\/wp-json\/wp\/v2\/pages"}],"about":[{"href":"https:\/\/zirconia-ceramics.com\/sv\/wp-json\/wp\/v2\/types\/page"}],"author":[{"embeddable":true,"href":"https:\/\/zirconia-ceramics.com\/sv\/wp-json\/wp\/v2\/users\/1"}],"replies":[{"embeddable":true,"href":"https:\/\/zirconia-ceramics.com\/sv\/wp-json\/wp\/v2\/comments?post=197"}],"version-history":[{"count":5,"href":"https:\/\/zirconia-ceramics.com\/sv\/wp-json\/wp\/v2\/pages\/197\/revisions"}],"predecessor-version":[{"id":201,"href":"https:\/\/zirconia-ceramics.com\/sv\/wp-json\/wp\/v2\/pages\/197\/revisions\/201"}],"wp:attachment":[{"href":"https:\/\/zirconia-ceramics.com\/sv\/wp-json\/wp\/v2\/media?parent=197"}],"curies":[{"name":"wp","href":"https:\/\/api.w.org\/{rel}","templated":true}]}}